{"id":718951,"date":"2025-08-27T18:15:46","date_gmt":"2025-08-27T15:15:46","guid":{"rendered":"https:\/\/roveyayinevi.com.tr\/index.php\/urun\/ciz-ve-tamamla\/"},"modified":"2026-04-16T02:26:53","modified_gmt":"2026-04-15T23:26:53","slug":"ciz-ve-tamamla","status":"publish","type":"product","link":"https:\/\/roveyayinevi.com.tr\/index.php\/urun\/ciz-ve-tamamla\/","title":{"rendered":"\u00c7iz ve Tamamla"},"content":{"rendered":"<p>Hey, o bir daire mi? Yoksa gezegen mi?Acaba bir \u00fc\u00e7gen mi?Ya da f\u00fcze mi?O \u015fekil sen ne istersen o olacak!Hayal g\u00fcc\u00fcn\u00fc \u00f6zg\u00fcr b\u0131rak ve bu kitaptaki \u00e7\u0131lg\u0131n \u015fekilleri istedi\u011fin \u015feye d\u00f6n\u00fc\u015ft\u00fcr!Ya da her sayfada sana verdi\u011fimiz ilgin\u00e7 fikirleri kullanarak keyifli zaman ge\u00e7ir.Geometrik \u015fekilleri kullanarak yarat\u0131c\u0131l\u0131\u011f\u0131n\u0131 test edece\u011fin ve geli\u015ftirece\u011fin birbirinden \u015fa\u015f\u0131rt\u0131c\u0131 oyun ve fikirler bu kitapta seni bekliyor!<\/p>\n","protected":false},"excerpt":{"rendered":"<p>Hey, o bir daire mi? Yoksa gezegen mi?Acaba bir \u00fc\u00e7gen mi?Ya da f\u00fcze mi?O \u015fekil sen ne istersen o olacak!Hayal g\u00fcc\u00fcn\u00fc \u00f6zg\u00fcr b\u0131rak ve bu kitaptaki<span class=\"excerpt-hellip\"> [\u2026]<\/span><\/p>\n","protected":false},"featured_media":0,"template":"","meta":{"_monsterinsights_skip_tracking":false,"_monsterinsights_sitenote_active":false,"_monsterinsights_sitenote_note":"","_monsterinsights_sitenote_category":0},"product_brand":[],"product_cat":[12274,12284],"product_tag":[],"class_list":{"0":"post-718951","1":"product","2":"type-product","3":"status-publish","5":"product_cat-cocuk-ve-genclik-kitaplari","6":"product_cat-hikayeler","7":"pa_cilt-ciltsiz","8":"pa_tur-kitap","9":"pa_yayinevi-abm-yayinevi","10":"pa_yazar-agata-krolak","12":"first","13":"instock","14":"sale","15":"shipping-taxable","16":"purchasable","17":"product-type-simple"},"_links":{"self":[{"href":"https:\/\/roveyayinevi.com.tr\/index.php\/wp-json\/wp\/v2\/product\/718951","targetHints":{"allow":["GET"]}}],"collection":[{"href":"https:\/\/roveyayinevi.com.tr\/index.php\/wp-json\/wp\/v2\/product"}],"about":[{"href":"https:\/\/roveyayinevi.com.tr\/index.php\/wp-json\/wp\/v2\/types\/product"}],"wp:attachment":[{"href":"https:\/\/roveyayinevi.com.tr\/index.php\/wp-json\/wp\/v2\/media?parent=718951"}],"wp:term":[{"taxonomy":"product_brand","embeddable":true,"href":"https:\/\/roveyayinevi.com.tr\/index.php\/wp-json\/wp\/v2\/product_brand?post=718951"},{"taxonomy":"product_cat","embeddable":true,"href":"https:\/\/roveyayinevi.com.tr\/index.php\/wp-json\/wp\/v2\/product_cat?post=718951"},{"taxonomy":"product_tag","embeddable":true,"href":"https:\/\/roveyayinevi.com.tr\/index.php\/wp-json\/wp\/v2\/product_tag?post=718951"}],"curies":[{"name":"wp","href":"https:\/\/api.w.org\/{rel}","templated":true}]}}