{"id":718947,"date":"2025-08-27T18:15:44","date_gmt":"2025-08-27T15:15:44","guid":{"rendered":"https:\/\/roveyayinevi.com.tr\/index.php\/urun\/akil-fikir-kitabim\/"},"modified":"2026-04-16T02:26:53","modified_gmt":"2026-04-15T23:26:53","slug":"akil-fikir-kitabim","status":"publish","type":"product","link":"https:\/\/roveyayinevi.com.tr\/index.php\/urun\/akil-fikir-kitabim\/","title":{"rendered":"Ak\u0131l Fikir Kitab\u0131m"},"content":{"rendered":"<p>Tasarla, yaz, \u00e7iz, karala!Ayg\u00fcl Bahar Y\u0131lmaz\u2019\u0131n yaz\u0131p G\u00fcne\u015f Bloedorn\u2019un resimledi\u011fi Ak\u0131l Fikir Kitab\u0131m, \u00e7ocuklar\u0131n yarat\u0131c\u0131l\u0131\u011f\u0131n\u0131 geli\u015ftirip onlar\u0131 s\u00fcrekli yeni \u015feyler \u00fcretmeye te\u015fvik eden, etkile\u015fimli bir ba\u015fvuru kayna\u011f\u0131.Her sayfas\u0131 ayr\u0131 bir ke\u015fif ve farkl\u0131 bir deneyim sunan bu etkinlik kitab\u0131, merak duygusunu tetikleyici y\u00f6nergeleriyle 8 ya\u015f ve \u00fczeri okurlar\u0131n\u0131n hayal g\u00fc\u00e7lerini zenginle\u015ftiriyor, bak\u0131\u015f a\u00e7\u0131lar\u0131n\u0131 \u00e7e\u015fitlendiriyor.\u00d6zg\u00fcn i\u00e7eri\u011fiyle fark yaratan Ak\u0131l Fikir Kitab\u0131m, bilimden sanata, tarihten teknolojiye onlarca farkl\u0131 konu \u00fczerine; d\u00fc\u015f\u00fcnmeye, ara\u015ft\u0131rmaya, tasarlamaya, yazmaya, \u00e7izmeye ve hatta karalamaya davet ediyor.\u0130nsanlar\u0131n konu\u015famad\u0131\u011f\u0131 ve her \u015feyi beden diliyle anlatmaya \u00e7al\u0131\u015ft\u0131klar\u0131 bir ortamda mutlu oldu\u011funu hangi hareketlerle ifade edersin? Bir mucize oldu ve bir resmin i\u00e7inde ya\u015famaya ba\u015flad\u0131n. Resmin i\u00e7indeyken neler hissedersin? Peki, gelecek y\u0131lki kendine bir mektup yazman\u0131 istesek, hayallerine ve ama\u00e7lar\u0131na ula\u015fmak i\u00e7in ne tavsiye edersin?Yarat\u0131c\u0131 d\u00fc\u015f\u00fcnme etkinlikleriyle dolup ta\u015fan Ak\u0131l Fikir Kitab\u0131m, m\u00fczik aleti icat etmekten, Mars\u2019ta ara\u015ft\u0131rma gezisi yapmaya uzanan se\u00e7kisiyle \u00e7ocuklar\u0131n ilgi alanlar\u0131na seslenen zengin bir i\u00e7erik sunuyor. Evde, okulda, parkta, otob\u00fcste, plajda, k\u0131sacas\u0131 her yerde ve her \u00e7antada yer edinecek bu e\u011flenceli kitap, hayal g\u00fcc\u00fcn\u00fcn s\u0131n\u0131rlar\u0131n\u0131 zorlamaya \u00e7a\u011f\u0131r\u0131yor.Gerek bireysel olarak gerekse s\u0131n\u0131f ortam\u0131nda \u00e7ocuklar\u0131n keyifli ve nitelikli zaman ge\u00e7irmelerine olanak sa\u011flayan Ak\u0131l Fikir Kitab\u0131m, empati kurma, ba\u015fkalar\u0131yla i\u015fbirli\u011fi yapma gibi olumlu kazan\u0131mlar\u0131 peki\u015ftiriyor.<\/p>\n","protected":false},"excerpt":{"rendered":"<p>Tasarla, yaz, \u00e7iz, karala!Ayg\u00fcl Bahar Y\u0131lmaz\u2019\u0131n yaz\u0131p G\u00fcne\u015f Bloedorn\u2019un resimledi\u011fi Ak\u0131l Fikir Kitab\u0131m, \u00e7ocuklar\u0131n yarat\u0131c\u0131l\u0131\u011f\u0131n\u0131 geli\u015ftirip onlar\u0131 s\u00fcrekli yeni \u015feyler \u00fcretmeye te\u015fvik eden, etkile\u015fimli bir ba\u015fvuru<span class=\"excerpt-hellip\"> [\u2026]<\/span><\/p>\n","protected":false},"featured_media":0,"template":"","meta":{"_monsterinsights_skip_tracking":false,"_monsterinsights_sitenote_active":false,"_monsterinsights_sitenote_note":"","_monsterinsights_sitenote_category":0},"product_brand":[],"product_cat":[12274,14573],"product_tag":[],"class_list":{"0":"post-718947","1":"product","2":"type-product","3":"status-publish","5":"product_cat-cocuk-ve-genclik-kitaplari","6":"product_cat-referans-kitaplar-cocuk-ve-genclik-kitaplari","7":"pa_cilt-ciltsiz","8":"pa_tur-kitap","9":"pa_yayinevi-tudem-yayinlari","10":"pa_yazar-aygul-bahar-yilmaz","12":"first","13":"instock","14":"sale","15":"shipping-taxable","16":"purchasable","17":"product-type-simple"},"_links":{"self":[{"href":"https:\/\/roveyayinevi.com.tr\/index.php\/wp-json\/wp\/v2\/product\/718947","targetHints":{"allow":["GET"]}}],"collection":[{"href":"https:\/\/roveyayinevi.com.tr\/index.php\/wp-json\/wp\/v2\/product"}],"about":[{"href":"https:\/\/roveyayinevi.com.tr\/index.php\/wp-json\/wp\/v2\/types\/product"}],"wp:attachment":[{"href":"https:\/\/roveyayinevi.com.tr\/index.php\/wp-json\/wp\/v2\/media?parent=718947"}],"wp:term":[{"taxonomy":"product_brand","embeddable":true,"href":"https:\/\/roveyayinevi.com.tr\/index.php\/wp-json\/wp\/v2\/product_brand?post=718947"},{"taxonomy":"product_cat","embeddable":true,"href":"https:\/\/roveyayinevi.com.tr\/index.php\/wp-json\/wp\/v2\/product_cat?post=718947"},{"taxonomy":"product_tag","embeddable":true,"href":"https:\/\/roveyayinevi.com.tr\/index.php\/wp-json\/wp\/v2\/product_tag?post=718947"}],"curies":[{"name":"wp","href":"https:\/\/api.w.org\/{rel}","templated":true}]}}