{"id":718943,"date":"2025-08-27T18:15:41","date_gmt":"2025-08-27T15:15:41","guid":{"rendered":"https:\/\/roveyayinevi.com.tr\/index.php\/urun\/kara-panter-kimdir\/"},"modified":"2026-04-16T02:26:53","modified_gmt":"2026-04-15T23:26:53","slug":"kara-panter-kimdir","status":"publish","type":"product","link":"https:\/\/roveyayinevi.com.tr\/index.php\/urun\/kara-panter-kimdir\/","title":{"rendered":"Kara Panter Kimdir?"},"content":{"rendered":"<p>Afrika \u00fclkesi Wakanda, y\u00fczy\u0131llard\u0131r ola\u011fan\u00fcst\u00fc teknolojik geli\u015fmeleri ve fethedilmesi m\u00fcmk\u00fcn olmayan topraklar\u0131yla ba\u011f\u0131ms\u0131zl\u0131\u011f\u0131n\u0131 korudu. Sava\u015f\u00e7\u0131 krallar soyunun son v\u00e2risi T\u2019Challa, Wakanda\u2019n\u0131n Kara Panter\u2019i. Muazzam bir s\u00fcrat, kuvvet ve \u00e7evikli\u011fe sahip bu kahraman\u0131n insan\u00fcst\u00fc yetenekleri d\u0131\u015f\u0131nda bir kozu daha var: \u00dclkesinin gelece\u011fini g\u00fcvence alt\u0131na alan, yok edilemez vibranyum metalinden yap\u0131lm\u0131\u015f bir kost\u00fcm. \u015eimdiyse ufukta b\u00fcy\u00fck bir tehlike g\u00f6r\u00fcn\u00fcyor. Yabanc\u0131lar, ba\u015fta vibranyum olmak \u00fczere Wakanda\u2019n\u0131n t\u00fcm zenginliklerini ya\u011fmalamaya geri geliyorlar. Bu el de\u011fmemi\u015f topraklara \u00f6l\u00fcm ve y\u0131k\u0131m getirmeye kararl\u0131 s\u00fcperg\u00fc\u00e7l\u00fc askerlerden olu\u015fan ordunun ba\u015f\u0131nda ise Klaw var \u2013 ellerinde h\u00e2l\u00e2 T\u2019Challa\u2019n\u0131n babas\u0131n\u0131n kan\u0131n\u0131 ta\u015f\u0131yan o korkun\u00e7 suikast\u00e7\u0131. <\/p>\n","protected":false},"excerpt":{"rendered":"<p>Afrika \u00fclkesi Wakanda, y\u00fczy\u0131llard\u0131r ola\u011fan\u00fcst\u00fc teknolojik geli\u015fmeleri ve fethedilmesi m\u00fcmk\u00fcn olmayan topraklar\u0131yla ba\u011f\u0131ms\u0131zl\u0131\u011f\u0131n\u0131 korudu. Sava\u015f\u00e7\u0131 krallar soyunun son v\u00e2risi T\u2019Challa, Wakanda\u2019n\u0131n Kara Panter\u2019i. Muazzam bir s\u00fcrat,<span class=\"excerpt-hellip\"> [\u2026]<\/span><\/p>\n","protected":false},"featured_media":0,"template":"","meta":{"_monsterinsights_skip_tracking":false,"_monsterinsights_sitenote_active":false,"_monsterinsights_sitenote_note":"","_monsterinsights_sitenote_category":0},"product_brand":[],"product_cat":[12291,14777],"product_tag":[],"class_list":{"0":"post-718943","1":"product","2":"type-product","3":"status-publish","5":"product_cat-edebiyat","6":"product_cat-fantastik","7":"pa_cilt-ciltsiz","8":"pa_tur-kitap","9":"pa_yayinevi-ithaki-yayinlari","10":"pa_yazar-jesse-j-holland","12":"first","13":"instock","14":"sale","15":"shipping-taxable","16":"purchasable","17":"product-type-simple"},"_links":{"self":[{"href":"https:\/\/roveyayinevi.com.tr\/index.php\/wp-json\/wp\/v2\/product\/718943","targetHints":{"allow":["GET"]}}],"collection":[{"href":"https:\/\/roveyayinevi.com.tr\/index.php\/wp-json\/wp\/v2\/product"}],"about":[{"href":"https:\/\/roveyayinevi.com.tr\/index.php\/wp-json\/wp\/v2\/types\/product"}],"wp:attachment":[{"href":"https:\/\/roveyayinevi.com.tr\/index.php\/wp-json\/wp\/v2\/media?parent=718943"}],"wp:term":[{"taxonomy":"product_brand","embeddable":true,"href":"https:\/\/roveyayinevi.com.tr\/index.php\/wp-json\/wp\/v2\/product_brand?post=718943"},{"taxonomy":"product_cat","embeddable":true,"href":"https:\/\/roveyayinevi.com.tr\/index.php\/wp-json\/wp\/v2\/product_cat?post=718943"},{"taxonomy":"product_tag","embeddable":true,"href":"https:\/\/roveyayinevi.com.tr\/index.php\/wp-json\/wp\/v2\/product_tag?post=718943"}],"curies":[{"name":"wp","href":"https:\/\/api.w.org\/{rel}","templated":true}]}}