{"id":718942,"date":"2025-08-27T18:15:40","date_gmt":"2025-08-27T15:15:40","guid":{"rendered":"https:\/\/roveyayinevi.com.tr\/index.php\/urun\/lodosun-ogullari-korsan\/"},"modified":"2026-04-16T02:26:53","modified_gmt":"2026-04-15T23:26:53","slug":"lodosun-ogullari-korsan","status":"publish","type":"product","link":"https:\/\/roveyayinevi.com.tr\/index.php\/urun\/lodosun-ogullari-korsan\/","title":{"rendered":"Lodos\u2019un O\u011fullar\u0131 &#8211; Korsan"},"content":{"rendered":"<p>\u201cAsu!!! Benim ad\u0131m Asu! Asuman \u00f6ld\u00fc! Onu sen \u00f6ld\u00fcrd\u00fcn Korsan!\u201d Bir yanda tutkulu bir a\u015fk, di\u011fer yanda \u00f6l\u00fcm\u00fcne bir nefret. Bir yanda ac\u0131 dolu bir ge\u00e7mi\u015f, di\u011fer yanda belirsiz bir gelecek. Ve ortak bir d\u00fc\u015fman. Pe\u015flerindeki \u00f6l\u00fcmden ka\u00e7arken her \u015feye ra\u011fmen a\u015fka teslim mi olacaklard\u0131, yoksa bu u\u011furda can m\u0131 vereceklerdi? <\/p>\n","protected":false},"excerpt":{"rendered":"<p>\u201cAsu!!! Benim ad\u0131m Asu! Asuman \u00f6ld\u00fc! Onu sen \u00f6ld\u00fcrd\u00fcn Korsan!\u201d Bir yanda tutkulu bir a\u015fk, di\u011fer yanda \u00f6l\u00fcm\u00fcne bir nefret. Bir yanda ac\u0131 dolu bir ge\u00e7mi\u015f,<span class=\"excerpt-hellip\"> [\u2026]<\/span><\/p>\n","protected":false},"featured_media":0,"template":"","meta":{"_monsterinsights_skip_tracking":false,"_monsterinsights_sitenote_active":false,"_monsterinsights_sitenote_note":"","_monsterinsights_sitenote_category":0},"product_brand":[],"product_cat":[12291,12711],"product_tag":[],"class_list":{"0":"post-718942","1":"product","2":"type-product","3":"status-publish","5":"product_cat-edebiyat","6":"product_cat-roman-oyku","7":"pa_cilt-ciltsiz","8":"pa_tur-kitap","9":"pa_yayinevi-muptela-yayinevi","10":"pa_yazar-nehir-erdem","12":"first","13":"instock","14":"sale","15":"shipping-taxable","16":"purchasable","17":"product-type-simple"},"_links":{"self":[{"href":"https:\/\/roveyayinevi.com.tr\/index.php\/wp-json\/wp\/v2\/product\/718942","targetHints":{"allow":["GET"]}}],"collection":[{"href":"https:\/\/roveyayinevi.com.tr\/index.php\/wp-json\/wp\/v2\/product"}],"about":[{"href":"https:\/\/roveyayinevi.com.tr\/index.php\/wp-json\/wp\/v2\/types\/product"}],"wp:attachment":[{"href":"https:\/\/roveyayinevi.com.tr\/index.php\/wp-json\/wp\/v2\/media?parent=718942"}],"wp:term":[{"taxonomy":"product_brand","embeddable":true,"href":"https:\/\/roveyayinevi.com.tr\/index.php\/wp-json\/wp\/v2\/product_brand?post=718942"},{"taxonomy":"product_cat","embeddable":true,"href":"https:\/\/roveyayinevi.com.tr\/index.php\/wp-json\/wp\/v2\/product_cat?post=718942"},{"taxonomy":"product_tag","embeddable":true,"href":"https:\/\/roveyayinevi.com.tr\/index.php\/wp-json\/wp\/v2\/product_tag?post=718942"}],"curies":[{"name":"wp","href":"https:\/\/api.w.org\/{rel}","templated":true}]}}