{"id":718938,"date":"2025-08-27T18:15:37","date_gmt":"2025-08-27T15:15:37","guid":{"rendered":"https:\/\/roveyayinevi.com.tr\/index.php\/urun\/mai\/"},"modified":"2026-04-16T02:26:53","modified_gmt":"2026-04-15T23:26:53","slug":"mai","status":"publish","type":"product","link":"https:\/\/roveyayinevi.com.tr\/index.php\/urun\/mai\/","title":{"rendered":"Mai"},"content":{"rendered":"<p>Kana bulanm\u0131\u015f sa\u00e7lar\u0131n, kollar\u0131n, y\u00fczlerin aras\u0131ndan \u00e7\u0131k\u0131p hayata s\u0131ms\u0131k\u0131 tutunmu\u015f gen\u00e7 bir psikolog\u2026Kana bulanm\u0131\u015f kalplerin, hayatlar\u0131n, ruhlar\u0131n aras\u0131ndan \u00e7\u0131kamam\u0131\u015f hayata k\u0131rg\u0131n gen\u00e7 bir psikolog\u2026\u0130ki meslekta\u015f, bamba\u015fka iki hayat, farkl\u0131 y\u00f6ne akan iki nehrin d\u00f6k\u00fcld\u00fc\u011f\u00fc ortak havza\u2026Do\u011farken sirlenmi\u015f bir hayat\u0131n i\u00e7ine umut ne kadar s\u0131\u011far?Bir a\u015fk, umutsuz bir hayata ne kadar s\u0131\u011far? \u0130yilik mi yok olur k\u00f6t\u00fcl\u00fcklerin aras\u0131nda, yoksa k\u00f6t\u00fcl\u00fck m\u00fc bo\u011fulur iyilerin d\u00fcnyas\u0131nda?Peki ya yalanlarla kurulu tozpembe olmasa da pembe d\u00fcnya? Can bildi\u011fin, bilmedi\u011fin bir can \u00e7\u0131karsa, o zaman da a\u015fk kurtar\u0131r m\u0131 her \u015feyi, bilmedi\u011fin bir can gelip devirmi\u015fse senin d\u00fcnyan\u0131, hangi d\u00fcnyaya s\u0131\u011far umut? Hayat\u0131n t\u00fcm ger\u00e7ekleriyle yo\u011frulmu\u015f, umudun, a\u015fk\u0131n, vicdan\u0131n, k\u00f6t\u00fcl\u00fc\u011f\u00fcn, kana b\u00fcr\u00fcnm\u00fc\u015f g\u00f6zlerin, iyili\u011fin harmanland\u0131\u011f\u0131 bir hik\u00e2ye.<\/p>\n","protected":false},"excerpt":{"rendered":"<p>Kana bulanm\u0131\u015f sa\u00e7lar\u0131n, kollar\u0131n, y\u00fczlerin aras\u0131ndan \u00e7\u0131k\u0131p hayata s\u0131ms\u0131k\u0131 tutunmu\u015f gen\u00e7 bir psikolog\u2026Kana bulanm\u0131\u015f kalplerin, hayatlar\u0131n, ruhlar\u0131n aras\u0131ndan \u00e7\u0131kamam\u0131\u015f hayata k\u0131rg\u0131n gen\u00e7 bir psikolog\u2026\u0130ki meslekta\u015f, bamba\u015fka<span class=\"excerpt-hellip\"> [\u2026]<\/span><\/p>\n","protected":false},"featured_media":0,"template":"","meta":{"_monsterinsights_skip_tracking":false,"_monsterinsights_sitenote_active":false,"_monsterinsights_sitenote_note":"","_monsterinsights_sitenote_category":0},"product_brand":[],"product_cat":[12291,12711],"product_tag":[],"class_list":{"0":"post-718938","1":"product","2":"type-product","3":"status-publish","5":"product_cat-edebiyat","6":"product_cat-roman-oyku","7":"pa_cilt-ciltsiz","8":"pa_tur-kitap","9":"pa_yayinevi-herdem-kitap","10":"pa_yazar-beyza-kocaaslan","12":"first","13":"instock","14":"sale","15":"shipping-taxable","16":"purchasable","17":"product-type-simple"},"_links":{"self":[{"href":"https:\/\/roveyayinevi.com.tr\/index.php\/wp-json\/wp\/v2\/product\/718938","targetHints":{"allow":["GET"]}}],"collection":[{"href":"https:\/\/roveyayinevi.com.tr\/index.php\/wp-json\/wp\/v2\/product"}],"about":[{"href":"https:\/\/roveyayinevi.com.tr\/index.php\/wp-json\/wp\/v2\/types\/product"}],"wp:attachment":[{"href":"https:\/\/roveyayinevi.com.tr\/index.php\/wp-json\/wp\/v2\/media?parent=718938"}],"wp:term":[{"taxonomy":"product_brand","embeddable":true,"href":"https:\/\/roveyayinevi.com.tr\/index.php\/wp-json\/wp\/v2\/product_brand?post=718938"},{"taxonomy":"product_cat","embeddable":true,"href":"https:\/\/roveyayinevi.com.tr\/index.php\/wp-json\/wp\/v2\/product_cat?post=718938"},{"taxonomy":"product_tag","embeddable":true,"href":"https:\/\/roveyayinevi.com.tr\/index.php\/wp-json\/wp\/v2\/product_tag?post=718938"}],"curies":[{"name":"wp","href":"https:\/\/api.w.org\/{rel}","templated":true}]}}