{"id":718937,"date":"2025-08-27T18:15:36","date_gmt":"2025-08-27T15:15:36","guid":{"rendered":"https:\/\/roveyayinevi.com.tr\/index.php\/urun\/bahara-acilan-pencere\/"},"modified":"2026-04-16T02:26:53","modified_gmt":"2026-04-15T23:26:53","slug":"bahara-acilan-pencere","status":"publish","type":"product","link":"https:\/\/roveyayinevi.com.tr\/index.php\/urun\/bahara-acilan-pencere\/","title":{"rendered":"Bahara A\u00e7\u0131lan Pencere"},"content":{"rendered":"<p>\u201cDostluk ve sevgi hakk\u0131nda yaz\u0131lm\u0131\u015f \u00e7arp\u0131c\u0131 ve duygu y\u00fckl\u00fc bir masal.\u201d  Books of AllKinds \u201cCazibe dolu.\u201d  Amazon Reviewer S\u00f6z konusu Susan Collins oldu\u011funda yeni bir y\u0131l\u0131n geli\u015fi, ailesiyle \u00f6zellikle de o\u011flu Jack ile- birlikte ge\u00e7irebilece\u011fi kaliteli zaman anlam\u0131na gelmektedir. Bir dizi korkun\u00e7 randevudan sonra a\u015fktan tamamen vazge\u00e7en Susan t\u00fcm zaman\u0131n\u0131, \u00f6\u011fretmenlik yapt\u0131\u011f\u0131 okuldaki \u00f6\u011frencileriyle birlikte, ya\u015fad\u0131\u011f\u0131 kasaban\u0131n yerel hayvan kurtarma merkezi olan Hope Meadows\u2019a d\u00fczenli geziler yaparak ge\u00e7irmeye ba\u015flar. Anla\u015f\u0131laca\u011f\u0131 \u00fczere, Susan\u2019\u0131n hayat\u0131nda onu me\u015fgul edecek \u00e7ok \u015fey vard\u0131r. Vard\u0131\u2026 Ta ki \u00e7ocuk kitaplar\u0131 yazmas\u0131n\u0131n yan\u0131 s\u0131ra olduk\u00e7a yak\u0131\u015f\u0131kl\u0131 da olan Douglas MacLeod ile tan\u0131\u015fana kadar. Douglas da\u011f\u0131n\u0131k g\u00f6r\u00fcn\u00fcm\u00fc ve etkileyici bak\u0131\u015flar\u0131yla Susan\u2019\u0131n ilgilendi\u011fi tiplerin tam tersi olsa da, ikilinin aras\u0131nda varl\u0131\u011f\u0131 ink\u00e2r edilemez bir k\u0131v\u0131lc\u0131m parlamaya ba\u015flar. Ancak Susan\u2019\u0131n eski e\u015fi ve o\u011flunun babas\u0131 olan Michael\u2019\u0131n sahneye \u00e7\u0131kmas\u0131yla gen\u00e7 kad\u0131n kendini  iki adam aras\u0131nda kalm\u0131\u015f bir halde bulur.   Yeni bir y\u0131l\u0131n heyecan\u0131 her yan\u0131 sarm\u0131\u015fken, Susan ve Jack\u2019in tercihi kimden yana olacakt\u0131r?  <\/p>\n","protected":false},"excerpt":{"rendered":"<p>\u201cDostluk ve sevgi hakk\u0131nda yaz\u0131lm\u0131\u015f \u00e7arp\u0131c\u0131 ve duygu y\u00fckl\u00fc bir masal.\u201d Books of AllKinds \u201cCazibe dolu.\u201d Amazon Reviewer S\u00f6z konusu Susan Collins oldu\u011funda yeni bir y\u0131l\u0131n<span class=\"excerpt-hellip\"> [\u2026]<\/span><\/p>\n","protected":false},"featured_media":0,"template":"","meta":{"_monsterinsights_skip_tracking":false,"_monsterinsights_sitenote_active":false,"_monsterinsights_sitenote_note":"","_monsterinsights_sitenote_category":0},"product_brand":[],"product_cat":[12291,12711],"product_tag":[],"class_list":{"0":"post-718937","1":"product","2":"type-product","3":"status-publish","5":"product_cat-edebiyat","6":"product_cat-roman-oyku","7":"pa_cilt-ciltsiz","8":"pa_tur-kitap","9":"pa_yayinevi-nemesis-kitap","10":"pa_yazar-lucy-daniels","12":"first","13":"instock","14":"sale","15":"shipping-taxable","16":"purchasable","17":"product-type-simple"},"_links":{"self":[{"href":"https:\/\/roveyayinevi.com.tr\/index.php\/wp-json\/wp\/v2\/product\/718937","targetHints":{"allow":["GET"]}}],"collection":[{"href":"https:\/\/roveyayinevi.com.tr\/index.php\/wp-json\/wp\/v2\/product"}],"about":[{"href":"https:\/\/roveyayinevi.com.tr\/index.php\/wp-json\/wp\/v2\/types\/product"}],"wp:attachment":[{"href":"https:\/\/roveyayinevi.com.tr\/index.php\/wp-json\/wp\/v2\/media?parent=718937"}],"wp:term":[{"taxonomy":"product_brand","embeddable":true,"href":"https:\/\/roveyayinevi.com.tr\/index.php\/wp-json\/wp\/v2\/product_brand?post=718937"},{"taxonomy":"product_cat","embeddable":true,"href":"https:\/\/roveyayinevi.com.tr\/index.php\/wp-json\/wp\/v2\/product_cat?post=718937"},{"taxonomy":"product_tag","embeddable":true,"href":"https:\/\/roveyayinevi.com.tr\/index.php\/wp-json\/wp\/v2\/product_tag?post=718937"}],"curies":[{"name":"wp","href":"https:\/\/api.w.org\/{rel}","templated":true}]}}