{"id":718936,"date":"2025-08-27T18:15:35","date_gmt":"2025-08-27T15:15:35","guid":{"rendered":"https:\/\/roveyayinevi.com.tr\/index.php\/urun\/paul-klee-sanatin-buyuk-ustalari-13\/"},"modified":"2026-03-12T02:35:53","modified_gmt":"2026-03-11T23:35:53","slug":"paul-klee-sanatin-buyuk-ustalari-13","status":"publish","type":"product","link":"https:\/\/roveyayinevi.com.tr\/index.php\/urun\/paul-klee-sanatin-buyuk-ustalari-13\/","title":{"rendered":"Paul Klee &#8211; Sanat\u0131n B\u00fcy\u00fck Ustalar\u0131 &#8211; 13"},"content":{"rendered":"<p>Yirminci y\u00fczy\u0131l Bat\u0131 sanat\u0131na y\u00f6n veren sanat\u00e7\u0131lardan bahsedildi\u011finde akla gelen ilk isimlerden biri olan Paul Klee, yaln\u0131zca ressam olarak de\u011fil kuramc\u0131 olarak da \u00f6ne \u00e7\u0131k\u0131yor. Ge\u00e7en y\u00fczy\u0131l\u0131n en \u00f6nemli ekollerinden biri olan Bauhaus Okulu\u2019nda verdi\u011fi derslerle ilgili notlar\u0131 modern sanat\u0131n anla\u015f\u0131lmas\u0131 a\u00e7\u0131s\u0131ndan halen de\u011ferli bir ba\u015fvuru kayna\u011f\u0131 olma niteli\u011fi ta\u015f\u0131yor. Soyut sanat, renk kuram\u0131, sanat e\u011fitimi gibi konularda yazd\u0131\u011f\u0131 metinler, ara\u015ft\u0131rmac\u0131lar i\u00e7in kapsaml\u0131 bir i\u00e7erik sunuyor.M\u00fczisyen, \u015fair, ressam Paul Klee, iki d\u00fcnya sava\u015f\u0131na da \u015fahit olmu\u015f Nasyonal Sosyalist Parti\u2019nin Almanya\u2019daki y\u00fckseli\u015finin sonu\u00e7lar\u0131ndan etkilenmi\u015f, gerek \u015fahs\u0131yla gerekse eserleriyle Nazilerin hedef tahtas\u0131 haline gelmi\u015fti. Walter Benjamin, Maurice Merleau-Ponty, Martin Heidegger, Gilles Deleuze gibi d\u00fc\u015f\u00fcn\u00fcrlerin fikirlerini anlatt\u0131klar\u0131 metinlerde onlara ilham veren eserleriyle Klee, d\u00f6neminin ciddi entelekt\u00fcellerinden biri olarak \u00e7evresinde etkileyici bir iz b\u0131rakm\u0131\u015ft\u0131. Sakin ancak taviz vermeyen, al\u0131\u015fkanl\u0131klar\u0131na ba\u011fl\u0131 ve tutumlu yap\u0131s\u0131yla Klee, \u00f6\u011frencileri aras\u0131nda da pop\u00fcler bir \u201custa\u201d olarak seviliyordu.Hayalperest Yay\u0131nlar\u0131\u2019n\u0131n \u201cSanat\u0131n B\u00fcy\u00fck Ustalar\u0131\u201d serisinin bir par\u00e7as\u0131 olan bu kitap, g\u00f6r\u00fcnenin \u00f6tesinde sakl\u0131 olan \u00f6z\u00fc, nesnenin, sesin, do\u011fan\u0131n tinini sanata aktarma aray\u0131\u015f\u0131yla \u00f6mr\u00fcn\u00fc ge\u00e7iren Paul Klee\u2019nin ya\u015fam\u0131na dair bilgiler sunuyor. Bat\u0131 sanat\u0131nda soyut sanat\u0131n \u00f6nc\u00fcleri aras\u0131nda an\u0131lan sanat\u00e7\u0131n\u0131n m\u00fczik dilini resim diline terc\u00fcme etme \u00e7abalar\u0131na da de\u011finilen kitap, okura, bakmakla g\u00f6rmek aras\u0131ndaki n\u00fcans\u0131n Klee\u2019nin zihninde nas\u0131l \u015fekillendi\u011fini anlamas\u0131na yard\u0131mc\u0131 olacak ipu\u00e7lar\u0131 veriyor.<\/p>\n","protected":false},"excerpt":{"rendered":"<p>Yirminci y\u00fczy\u0131l Bat\u0131 sanat\u0131na y\u00f6n veren sanat\u00e7\u0131lardan bahsedildi\u011finde akla gelen ilk isimlerden biri olan Paul Klee, yaln\u0131zca ressam olarak de\u011fil kuramc\u0131 olarak da \u00f6ne \u00e7\u0131k\u0131yor. Ge\u00e7en<span class=\"excerpt-hellip\"> [\u2026]<\/span><\/p>\n","protected":false},"featured_media":0,"template":"","meta":{"_monsterinsights_skip_tracking":false,"_monsterinsights_sitenote_active":false,"_monsterinsights_sitenote_note":"","_monsterinsights_sitenote_category":0},"product_brand":[],"product_cat":[15733,12408],"product_tag":[],"class_list":{"0":"post-718936","1":"product","2":"type-product","3":"status-publish","5":"product_cat-resim","6":"product_cat-sanat","7":"pa_cilt-ciltsiz","8":"pa_tur-kitap","9":"pa_yayinevi-hayalperest-yayinlari","10":"pa_yazar-kolektif","12":"first","13":"instock","14":"sale","15":"shipping-taxable","16":"purchasable","17":"product-type-simple"},"_links":{"self":[{"href":"https:\/\/roveyayinevi.com.tr\/index.php\/wp-json\/wp\/v2\/product\/718936","targetHints":{"allow":["GET"]}}],"collection":[{"href":"https:\/\/roveyayinevi.com.tr\/index.php\/wp-json\/wp\/v2\/product"}],"about":[{"href":"https:\/\/roveyayinevi.com.tr\/index.php\/wp-json\/wp\/v2\/types\/product"}],"wp:attachment":[{"href":"https:\/\/roveyayinevi.com.tr\/index.php\/wp-json\/wp\/v2\/media?parent=718936"}],"wp:term":[{"taxonomy":"product_brand","embeddable":true,"href":"https:\/\/roveyayinevi.com.tr\/index.php\/wp-json\/wp\/v2\/product_brand?post=718936"},{"taxonomy":"product_cat","embeddable":true,"href":"https:\/\/roveyayinevi.com.tr\/index.php\/wp-json\/wp\/v2\/product_cat?post=718936"},{"taxonomy":"product_tag","embeddable":true,"href":"https:\/\/roveyayinevi.com.tr\/index.php\/wp-json\/wp\/v2\/product_tag?post=718936"}],"curies":[{"name":"wp","href":"https:\/\/api.w.org\/{rel}","templated":true}]}}