{"id":718935,"date":"2025-08-27T18:15:35","date_gmt":"2025-08-27T15:15:35","guid":{"rendered":"https:\/\/roveyayinevi.com.tr\/index.php\/urun\/kandinsky-sanatin-buyuk-ustalari-14\/"},"modified":"2026-03-12T02:35:53","modified_gmt":"2026-03-11T23:35:53","slug":"kandinsky-sanatin-buyuk-ustalari-14","status":"publish","type":"product","link":"https:\/\/roveyayinevi.com.tr\/index.php\/urun\/kandinsky-sanatin-buyuk-ustalari-14\/","title":{"rendered":"Kandinsky &#8211; Sanat\u0131n B\u00fcy\u00fck Ustalar\u0131 14"},"content":{"rendered":"<p>Soyut resmin ne oldu\u011funu \u00f6\u011frenmek isteyenlerin hem kuramsal hem de g\u00f6rsel bak\u0131mdan ilk ba\u015fvuru kayna\u011f\u0131 olan Wassily Kandinsky, yirminci y\u00fczy\u0131l sanat\u0131na damga vuran eserleriyle ve fikirleriyle Bat\u0131 sanat\u0131 tarihinde \u00e7\u0131\u011f\u0131r a\u00e7an bir ressam olarak tan\u0131n\u0131yor. Ba\u015far\u0131l\u0131 hukuk kariyerinde basamaklar\u0131 h\u0131zla ilerlerken t\u00fcm ya\u015fam\u0131n\u0131 de\u011fi\u015ftirerek kendini sanata adayan Kandinsky, g\u00fcn\u00fcm\u00fczde bile pek \u00e7ok sanat\u00e7\u0131ya ilham vermeye devam ediyor. Sanat tarih\u00e7ilerinin yan\u0131 s\u0131ra bilim insanlar\u0131n\u0131n da eserlerindeki matemati\u011fi \u00e7\u00f6zmek konusunda pek \u00e7ok ara\u015ft\u0131rma yapt\u0131\u011f\u0131 ressam, yak\u0131n arkada\u015f\u0131 ve meslekta\u015f\u0131 Paul Klee ile birlikte yapt\u0131klar\u0131 m\u00fczik-resim ili\u015fkisi odakl\u0131 \u00e7al\u0131\u015fmalar\u0131yla yaln\u0131zca Bat\u0131 sanat\u0131 tarihinde de\u011fil, m\u00fczik tarihinde de referans olmay\u0131 s\u00fcrd\u00fcr\u00fcyor.Resim sanat\u0131nda nesneden ba\u011f\u0131ms\u0131zla\u015fman\u0131n ilk \u00f6rneklerini veren Kandinsky, g\u00f6r\u00fcn\u00fcr d\u00fcnyan\u0131n ard\u0131nda sakl\u0131 olan ve yaln\u0131zca duyumlarla alg\u0131lanabilen tinsel d\u00fcnyan\u0131n betimlenmesi \u00fczerinde \u00e7al\u0131\u015f\u0131yordu. G\u00f6r\u00fcn\u00fcr d\u00fcnyan\u0131n her bireyin zihninde farkl\u0131 izler b\u0131rakt\u0131\u011f\u0131n\u0131 ve resmedilmesi gerekenin asl\u0131nda bu izlerin ortak noktas\u0131 oldu\u011funu d\u00fc\u015f\u00fcnen ressam, hayatta her \u015feyin ge\u00e7ici oldu\u011funun bilinciyle geli\u015ftirdi\u011fi sanat kuram\u0131nda, her rengin, \u015feklin ve \u00e7izginin \u00f6zsel, tinsel bir anlam\u0131 oldu\u011funu vurguluyordu. En \u00f6nemli metinlerinden biri olan ve T\u00fcrk\u00e7e bask\u0131s\u0131 da yap\u0131lan Sanatta Zihinsellik \u00dcst\u00fcne adl\u0131 kitab\u0131nda bu kuram\u0131n\u0131 ayr\u0131nt\u0131yla anlat\u0131yordu.Hayalperest Yay\u0131nlar\u0131\u2019n\u0131n \u201cSanat\u0131n B\u00fcy\u00fck Ustalar\u0131\u201d serisine ait olan bu kitap, \u00fcnl\u00fc Bauhaus Okulu\u2019nun daimi ustalar\u0131ndan biri olan Kandinsky\u2019nin \u00f6zg\u00fcn sanat anlay\u0131\u015f\u0131nda \u00f6ne \u00e7\u0131kan noktalara de\u011finiyor. Sanat\u00e7\u0131n\u0131n d\u00fc\u015f\u00fcncelerini yans\u0131tt\u0131\u011f\u0131 eserlerinde neyi neden yapt\u0131\u011f\u0131n\u0131 a\u00e7\u0131klayan ipu\u00e7lar\u0131 veriyor. Soyut sanat\u0131 ve Kandinsky\u2019nin zihinsel d\u00fcnyas\u0131n\u0131 anlamak isteyen okura, \u00f6n\u00fcnde a\u00e7\u0131lan engin ufukta yol g\u00f6sterecek ilk bilgileri sunuyor.<\/p>\n","protected":false},"excerpt":{"rendered":"<p>Soyut resmin ne oldu\u011funu \u00f6\u011frenmek isteyenlerin hem kuramsal hem de g\u00f6rsel bak\u0131mdan ilk ba\u015fvuru kayna\u011f\u0131 olan Wassily Kandinsky, yirminci y\u00fczy\u0131l sanat\u0131na damga vuran eserleriyle ve fikirleriyle<span class=\"excerpt-hellip\"> [\u2026]<\/span><\/p>\n","protected":false},"featured_media":0,"template":"","meta":{"_monsterinsights_skip_tracking":false,"_monsterinsights_sitenote_active":false,"_monsterinsights_sitenote_note":"","_monsterinsights_sitenote_category":0},"product_brand":[],"product_cat":[13548,12408],"product_tag":[],"class_list":{"0":"post-718935","1":"product","2":"type-product","3":"status-publish","5":"product_cat-kuram","6":"product_cat-sanat","7":"pa_cilt-ciltsiz","8":"pa_tur-kitap","9":"pa_yayinevi-hayalperest-yayinlari","10":"pa_yazar-kolektif","12":"first","13":"instock","14":"sale","15":"shipping-taxable","16":"purchasable","17":"product-type-simple"},"_links":{"self":[{"href":"https:\/\/roveyayinevi.com.tr\/index.php\/wp-json\/wp\/v2\/product\/718935","targetHints":{"allow":["GET"]}}],"collection":[{"href":"https:\/\/roveyayinevi.com.tr\/index.php\/wp-json\/wp\/v2\/product"}],"about":[{"href":"https:\/\/roveyayinevi.com.tr\/index.php\/wp-json\/wp\/v2\/types\/product"}],"wp:attachment":[{"href":"https:\/\/roveyayinevi.com.tr\/index.php\/wp-json\/wp\/v2\/media?parent=718935"}],"wp:term":[{"taxonomy":"product_brand","embeddable":true,"href":"https:\/\/roveyayinevi.com.tr\/index.php\/wp-json\/wp\/v2\/product_brand?post=718935"},{"taxonomy":"product_cat","embeddable":true,"href":"https:\/\/roveyayinevi.com.tr\/index.php\/wp-json\/wp\/v2\/product_cat?post=718935"},{"taxonomy":"product_tag","embeddable":true,"href":"https:\/\/roveyayinevi.com.tr\/index.php\/wp-json\/wp\/v2\/product_tag?post=718935"}],"curies":[{"name":"wp","href":"https:\/\/api.w.org\/{rel}","templated":true}]}}