{"id":718934,"date":"2025-08-27T18:15:34","date_gmt":"2025-08-27T15:15:34","guid":{"rendered":"https:\/\/roveyayinevi.com.tr\/index.php\/urun\/fotografin-tarihi-ya-da-analoji-mucizesi\/"},"modified":"2026-03-12T02:35:53","modified_gmt":"2026-03-11T23:35:53","slug":"fotografin-tarihi-ya-da-analoji-mucizesi","status":"publish","type":"product","link":"https:\/\/roveyayinevi.com.tr\/index.php\/urun\/fotografin-tarihi-ya-da-analoji-mucizesi\/","title":{"rendered":"Foto\u011fraf\u0131n Tarihi ya da Analoji Mucizesi"},"content":{"rendered":"<p>\u0130\u00e7erdi\u011fi g\u00f6rsellerle, \u00f6ne s\u00fcrd\u00fc\u011f\u00fc fikirlerle Analoji Mucizesi, foto\u011frafla ilgili al\u0131\u015f\u0131lagelen d\u00fc\u015f\u00fcncelere meydan okuyor ve okuru, dijital \u00e7a\u011fda \u201canalog\u201dun anlam\u0131n\u0131 yeniden d\u00fc\u015f\u00fcnmeye davet ediyor. Foto\u011fraf\u0131n ilk y\u0131llar\u0131n\u0131 farkl\u0131 bir bak\u0131\u015f a\u00e7\u0131s\u0131yla de\u011ferlendiren kitap, zihinlerde yeni bir ufuk a\u00e7\u0131yor.Analoji Mucizesi, foto\u011fraf\u0131n yeniden kavramsalla\u015ft\u0131r\u0131lmas\u0131na dair nitelikli bir i\u00e7erik sunuyor. Foto\u011fraf\u0131n insan g\u00f6z\u00fcnden ya da foto\u011fraf makinesinin objektifinden ziyade g\u00f6r\u00fclen \u015feyden kaynakland\u0131\u011f\u0131n\u0131 ve d\u00fcnyan\u0131n kendisini bize a\u00e7mas\u0131n\u0131n ba\u015fl\u0131ca yolu oldu\u011funu ileri s\u00fcr\u00fcyor.Geleneksel \u00e7al\u0131\u015fmalar\u0131n ele ald\u0131\u011f\u0131 gibi ne bir g\u00f6sterge ya da temsil ne de bir kopya olan foto\u011frafik g\u00f6r\u00fcnt\u00fc asl\u0131nda bir analojidir. Bu ilke, varl\u0131\u011f\u0131n\u0131n her seviyesinde ge\u00e7erlidir: Bir foto\u011fraf g\u00f6ndergesiyle, \u00fcretildi\u011fi negatifiyle, o negatiften bas\u0131lan t\u00fcm di\u011fer bask\u0131lar\u0131yla ve b\u00fct\u00fcn dijital \u201cyavrular\u0131\u201dyla analoji kurar.Ayn\u0131 zamanda foto\u011fraf, hem tekil g\u00f6r\u00fcnt\u00fc hem de mecra d\u00fczeyinde, durdurulamaz bi\u00e7imde geli\u015fimseldir. Foto\u011fraf, baz\u0131lar\u0131 g\u00f6rsel baz\u0131lar\u0131ysa mimari, felsefi ya da edebi olabilecek bir ba\u015fka \u201cakraba\u201d aray\u0131\u015f\u0131yla zaman i\u00e7inde ilerler. Nihayet foto\u011fraf, bizimle ve bize kar\u015f\u0131l\u0131k olarak geli\u015fir. Tarihsel olarak okunakl\u0131 formlar \u00fcstlenir ancak genellikle yapt\u0131\u011f\u0131m\u0131z gibi, onlar\u0131 kurtar\u0131c\u0131 g\u00fc\u00e7lerinden yoksun b\u0131rakt\u0131\u011f\u0131m\u0131zda, ba\u015fka bir yere gider.<\/p>\n","protected":false},"excerpt":{"rendered":"<p>\u0130\u00e7erdi\u011fi g\u00f6rsellerle, \u00f6ne s\u00fcrd\u00fc\u011f\u00fc fikirlerle Analoji Mucizesi, foto\u011frafla ilgili al\u0131\u015f\u0131lagelen d\u00fc\u015f\u00fcncelere meydan okuyor ve okuru, dijital \u00e7a\u011fda \u201canalog\u201dun anlam\u0131n\u0131 yeniden d\u00fc\u015f\u00fcnmeye davet ediyor. Foto\u011fraf\u0131n ilk y\u0131llar\u0131n\u0131<span class=\"excerpt-hellip\"> [\u2026]<\/span><\/p>\n","protected":false},"featured_media":0,"template":"","meta":{"_monsterinsights_skip_tracking":false,"_monsterinsights_sitenote_active":false,"_monsterinsights_sitenote_note":"","_monsterinsights_sitenote_category":0},"product_brand":[],"product_cat":[12409,12408],"product_tag":[],"class_list":{"0":"post-718934","1":"product","2":"type-product","3":"status-publish","5":"product_cat-fotograf-sinema-tiyatro","6":"product_cat-sanat","7":"pa_cilt-ciltsiz","8":"pa_tur-kitap","9":"pa_yayinevi-hayalperest-yayinlari","10":"pa_yazar-kaja-silverman","12":"first","13":"instock","14":"sale","15":"shipping-taxable","16":"purchasable","17":"product-type-simple"},"_links":{"self":[{"href":"https:\/\/roveyayinevi.com.tr\/index.php\/wp-json\/wp\/v2\/product\/718934","targetHints":{"allow":["GET"]}}],"collection":[{"href":"https:\/\/roveyayinevi.com.tr\/index.php\/wp-json\/wp\/v2\/product"}],"about":[{"href":"https:\/\/roveyayinevi.com.tr\/index.php\/wp-json\/wp\/v2\/types\/product"}],"wp:attachment":[{"href":"https:\/\/roveyayinevi.com.tr\/index.php\/wp-json\/wp\/v2\/media?parent=718934"}],"wp:term":[{"taxonomy":"product_brand","embeddable":true,"href":"https:\/\/roveyayinevi.com.tr\/index.php\/wp-json\/wp\/v2\/product_brand?post=718934"},{"taxonomy":"product_cat","embeddable":true,"href":"https:\/\/roveyayinevi.com.tr\/index.php\/wp-json\/wp\/v2\/product_cat?post=718934"},{"taxonomy":"product_tag","embeddable":true,"href":"https:\/\/roveyayinevi.com.tr\/index.php\/wp-json\/wp\/v2\/product_tag?post=718934"}],"curies":[{"name":"wp","href":"https:\/\/api.w.org\/{rel}","templated":true}]}}