{"id":718933,"date":"2025-08-27T18:15:33","date_gmt":"2025-08-27T15:15:33","guid":{"rendered":"https:\/\/roveyayinevi.com.tr\/index.php\/urun\/dergah-dagin-sakli-yuzu\/"},"modified":"2026-04-08T02:34:12","modified_gmt":"2026-04-07T23:34:12","slug":"dergah-dagin-sakli-yuzu","status":"publish","type":"product","link":"https:\/\/roveyayinevi.com.tr\/index.php\/urun\/dergah-dagin-sakli-yuzu\/","title":{"rendered":"Dergah &#8211; Da\u011f\u0131n Sakl\u0131 Y\u00fcz\u00fc"},"content":{"rendered":"<p>Emekli bir asker olan John Gable ald\u0131\u011f\u0131 bir haberle ge\u00e7mi\u015fe d\u00f6ner ve ba\u015f\u0131na geleceklerden habersiz Amerika\u2019dan T\u00fcrkiye\u2019ye do\u011fru yola \u00e7\u0131kar.Binlerce kilometrelik bu yolculuk Hakk\u00e2ri\u2019de g\u00f6rev yapan Binba\u015f\u0131 Cem Elvan ve emir eri \u0130smail\u2019i de i\u00e7ine alacak bir ser\u00fcvene d\u00f6n\u00fc\u015fecektir.Onlar birbirlerini bekleyedursun, ge\u00e7mi\u015fe ait ruhlar da yerlerinden \u00e7\u0131k\u0131p bu \u00fc\u00e7 adam\u0131n kaderine ortak olacakt\u0131r.<\/p>\n","protected":false},"excerpt":{"rendered":"<p>Emekli bir asker olan John Gable ald\u0131\u011f\u0131 bir haberle ge\u00e7mi\u015fe d\u00f6ner ve ba\u015f\u0131na geleceklerden habersiz Amerika\u2019dan T\u00fcrkiye\u2019ye do\u011fru yola \u00e7\u0131kar.Binlerce kilometrelik bu yolculuk Hakk\u00e2ri\u2019de g\u00f6rev yapan<span class=\"excerpt-hellip\"> [\u2026]<\/span><\/p>\n","protected":false},"featured_media":0,"template":"","meta":{"_monsterinsights_skip_tracking":false,"_monsterinsights_sitenote_active":false,"_monsterinsights_sitenote_note":"","_monsterinsights_sitenote_category":0},"product_brand":[],"product_cat":[12291,12711],"product_tag":[],"class_list":{"0":"post-718933","1":"product","2":"type-product","3":"status-publish","5":"product_cat-edebiyat","6":"product_cat-roman-oyku","7":"pa_cilt-ciltsiz","8":"pa_tur-kitap","9":"pa_yayinevi-chiviyazilari-yayinevi","10":"pa_yazar-acar-sanchez-iniesta","12":"first","13":"instock","14":"sale","15":"shipping-taxable","16":"purchasable","17":"product-type-simple"},"_links":{"self":[{"href":"https:\/\/roveyayinevi.com.tr\/index.php\/wp-json\/wp\/v2\/product\/718933","targetHints":{"allow":["GET"]}}],"collection":[{"href":"https:\/\/roveyayinevi.com.tr\/index.php\/wp-json\/wp\/v2\/product"}],"about":[{"href":"https:\/\/roveyayinevi.com.tr\/index.php\/wp-json\/wp\/v2\/types\/product"}],"wp:attachment":[{"href":"https:\/\/roveyayinevi.com.tr\/index.php\/wp-json\/wp\/v2\/media?parent=718933"}],"wp:term":[{"taxonomy":"product_brand","embeddable":true,"href":"https:\/\/roveyayinevi.com.tr\/index.php\/wp-json\/wp\/v2\/product_brand?post=718933"},{"taxonomy":"product_cat","embeddable":true,"href":"https:\/\/roveyayinevi.com.tr\/index.php\/wp-json\/wp\/v2\/product_cat?post=718933"},{"taxonomy":"product_tag","embeddable":true,"href":"https:\/\/roveyayinevi.com.tr\/index.php\/wp-json\/wp\/v2\/product_tag?post=718933"}],"curies":[{"name":"wp","href":"https:\/\/api.w.org\/{rel}","templated":true}]}}