{"id":718932,"date":"2025-08-27T18:15:33","date_gmt":"2025-08-27T15:15:33","guid":{"rendered":"https:\/\/roveyayinevi.com.tr\/index.php\/urun\/tebrizden-masallar\/"},"modified":"2026-04-16T02:26:53","modified_gmt":"2026-04-15T23:26:53","slug":"tebrizden-masallar","status":"publish","type":"product","link":"https:\/\/roveyayinevi.com.tr\/index.php\/urun\/tebrizden-masallar\/","title":{"rendered":"Tebriz&#8217;den Masallar"},"content":{"rendered":"<p>Bir hikayedir Tebriz. Birer birer a\u011fa\u00e7lar\u0131n kulaklar\u0131na f\u0131s\u0131ldanacak. Yine hepsi uyuyacak. Yine \u201cC\u0131rtdan\u201d uyan\u0131k kalacak. Yine \u201cDevler\u201d kaybedecek. Yine \u201cAnneannem\u201din masallar\u0131 kazanacak. Bir hikayedir Tebriz. Yine de \u201cDiken Toplayan Yoksul Ki\u015fi\u201dnin ak\u0131ll\u0131 k\u0131z\u0131 \u015eah\u2019\u0131n evine gelin gidecek. Yine g\u00fcller a\u00e7acak, bahar olacak. Yine \u201cBaht\u0131 Kara Y\u0131ld\u0131z\u201d Sabredecek. \u201cSab\u0131r Ta\u015f\u0131\u201dna yalvaracak. Yine sabreden kazanacak. Yine \u201cKara Bibi\u201dnin yalanlar\u0131 ortaya \u00e7\u0131kacak. Herkes \u201cNar K\u0131zlar\u0131\u201dn\u0131n masumiyetine inanacak. Ve yerden \u00fc\u00e7 elma g\u00f6\u011fe u\u00e7acak. Birisi Ay\u2019\u0131n Birisi G\u00fcne\u015f\u2019in Birisi de bizim olacak.<\/p>\n","protected":false},"excerpt":{"rendered":"<p>Bir hikayedir Tebriz. Birer birer a\u011fa\u00e7lar\u0131n kulaklar\u0131na f\u0131s\u0131ldanacak. Yine hepsi uyuyacak. Yine \u201cC\u0131rtdan\u201d uyan\u0131k kalacak. Yine \u201cDevler\u201d kaybedecek. Yine \u201cAnneannem\u201din masallar\u0131 kazanacak. Bir hikayedir Tebriz. Yine<span class=\"excerpt-hellip\"> [\u2026]<\/span><\/p>\n","protected":false},"featured_media":0,"template":"","meta":{"_monsterinsights_skip_tracking":false,"_monsterinsights_sitenote_active":false,"_monsterinsights_sitenote_note":"","_monsterinsights_sitenote_category":0},"product_brand":[],"product_cat":[12777,12291],"product_tag":[],"class_list":{"0":"post-718932","1":"product","2":"type-product","3":"status-publish","5":"product_cat-deneme","6":"product_cat-edebiyat","7":"pa_cilt-ciltsiz","8":"pa_tur-kitap","9":"pa_yayinevi-karakum-yayinevi","10":"pa_yazar-seckin-sarpkaya","12":"first","13":"instock","14":"sale","15":"shipping-taxable","16":"purchasable","17":"product-type-simple"},"_links":{"self":[{"href":"https:\/\/roveyayinevi.com.tr\/index.php\/wp-json\/wp\/v2\/product\/718932","targetHints":{"allow":["GET"]}}],"collection":[{"href":"https:\/\/roveyayinevi.com.tr\/index.php\/wp-json\/wp\/v2\/product"}],"about":[{"href":"https:\/\/roveyayinevi.com.tr\/index.php\/wp-json\/wp\/v2\/types\/product"}],"wp:attachment":[{"href":"https:\/\/roveyayinevi.com.tr\/index.php\/wp-json\/wp\/v2\/media?parent=718932"}],"wp:term":[{"taxonomy":"product_brand","embeddable":true,"href":"https:\/\/roveyayinevi.com.tr\/index.php\/wp-json\/wp\/v2\/product_brand?post=718932"},{"taxonomy":"product_cat","embeddable":true,"href":"https:\/\/roveyayinevi.com.tr\/index.php\/wp-json\/wp\/v2\/product_cat?post=718932"},{"taxonomy":"product_tag","embeddable":true,"href":"https:\/\/roveyayinevi.com.tr\/index.php\/wp-json\/wp\/v2\/product_tag?post=718932"}],"curies":[{"name":"wp","href":"https:\/\/api.w.org\/{rel}","templated":true}]}}