{"id":718931,"date":"2025-08-27T18:15:32","date_gmt":"2025-08-27T15:15:32","guid":{"rendered":"https:\/\/roveyayinevi.com.tr\/index.php\/urun\/turkiye-demokrasi-tarihi\/"},"modified":"2026-04-16T02:26:53","modified_gmt":"2026-04-15T23:26:53","slug":"turkiye-demokrasi-tarihi","status":"publish","type":"product","link":"https:\/\/roveyayinevi.com.tr\/index.php\/urun\/turkiye-demokrasi-tarihi\/","title":{"rendered":"T\u00fcrkiye Demokrasi Tarihi"},"content":{"rendered":"<p>Faruk Ataay\u2019\u0131n T\u00fcrkiye Demokrasi Tarihi ba\u015fl\u0131kl\u0131 kitab\u0131, T\u00fcrkiye\u2019nin ya\u015fad\u0131\u011f\u0131 modernle\u015fme s\u00fcrecini ele al\u0131rken, g\u00fcn\u00fcm\u00fcz T\u00fcrkiye\u2019sinin \u00f6nemli toplumsal ve siyasal sorunlar\u0131n\u0131n tarihsel k\u00f6kleriyle ilgili merak uyand\u0131ran pek \u00e7ok soruya da yan\u0131t veriyor. Kitap, T\u00fcrkiye demokrasisinin sanc\u0131l\u0131 tarihsel geli\u015fimini incelerken, demokrasinin hep k\u0131s\u0131tl\u0131 kalmas\u0131n\u0131n ve ya\u015fanan krizlerle s\u0131k s\u0131k kesintiye u\u011framas\u0131n\u0131n nedenlerini sorguluyor. Ekonomik, toplumsal, y\u00f6netimsel ve d\u00fc\u015f\u00fcnsel boyutlar\u0131yla b\u00fct\u00fcnsel bir sosyal bilim perspektifinden hareketle bir sentez geli\u015ftirmeyi hedefleyen kitap, derin kuramsal sorunlara a\u00e7\u0131k ve anla\u015f\u0131l\u0131r yan\u0131tlar \u00fcretmeyi de ba\u015far\u0131yor. 1. Osmanl\u0131 Modernle\u015fme S\u00fcrecinin \u0130lk A\u015famas\u0131 (1789-1839) 2. Tanzimat Reformlar\u0131 (1839-1876) 3. I. Me\u015frutiyet ve II. Abd\u00fclhamit D\u00f6nemi (1876-1908) 4. II. Me\u015frutiyet D\u00f6nemi ve \u0130ttihat ve Terakki F\u0131rkas\u0131 (1908-1918) 5. Balkan Sava\u015flar\u0131\u2019ndan Kurtulu\u015f Sava\u015f\u0131\u2019na (1912-1922) 6. Cumhuriyetin Kurulu\u015fu ve Tek Parti D\u00f6nemi (1923-1946) 7. \u00c7ok Partili Hayata Ge\u00e7i\u015f ve Demokrat Parti D\u00f6nemi (1946-1960) 8. 27 May\u0131s\u2019tan 12 Mart\u2019a (1960-1971) 9. 12 Mart\u2019tan 12 Eyl\u00fcl\u2019e (1971-1980) 10. 12 Eyl\u00fcl ve Neoliberalizme Ge\u00e7i\u015f (1980-1991) 11. Neoliberalizmin Krizi ve Koalisyonlar D\u00f6nemi (1991-2002) 12. Adalet ve Kalk\u0131nma Partisi D\u00f6nemi (2002-2018)<\/p>\n","protected":false},"excerpt":{"rendered":"<p>Faruk Ataay\u2019\u0131n T\u00fcrkiye Demokrasi Tarihi ba\u015fl\u0131kl\u0131 kitab\u0131, T\u00fcrkiye\u2019nin ya\u015fad\u0131\u011f\u0131 modernle\u015fme s\u00fcrecini ele al\u0131rken, g\u00fcn\u00fcm\u00fcz T\u00fcrkiye\u2019sinin \u00f6nemli toplumsal ve siyasal sorunlar\u0131n\u0131n tarihsel k\u00f6kleriyle ilgili merak uyand\u0131ran pek<span class=\"excerpt-hellip\"> [\u2026]<\/span><\/p>\n","protected":false},"featured_media":0,"template":"","meta":{"_monsterinsights_skip_tracking":false,"_monsterinsights_sitenote_active":false,"_monsterinsights_sitenote_note":"","_monsterinsights_sitenote_category":0},"product_brand":[],"product_cat":[13590,12337],"product_tag":[],"class_list":{"0":"post-718931","1":"product","2":"type-product","3":"status-publish","5":"product_cat-arastirma-inceleme-politika-siyaset","6":"product_cat-politika-siyaset","7":"pa_cilt-ciltsiz","8":"pa_tur-kitap","9":"pa_yayinevi-nika-yayinevi","10":"pa_yazar-faruk-ataay","12":"first","13":"instock","14":"sale","15":"shipping-taxable","16":"purchasable","17":"product-type-simple"},"_links":{"self":[{"href":"https:\/\/roveyayinevi.com.tr\/index.php\/wp-json\/wp\/v2\/product\/718931","targetHints":{"allow":["GET"]}}],"collection":[{"href":"https:\/\/roveyayinevi.com.tr\/index.php\/wp-json\/wp\/v2\/product"}],"about":[{"href":"https:\/\/roveyayinevi.com.tr\/index.php\/wp-json\/wp\/v2\/types\/product"}],"wp:attachment":[{"href":"https:\/\/roveyayinevi.com.tr\/index.php\/wp-json\/wp\/v2\/media?parent=718931"}],"wp:term":[{"taxonomy":"product_brand","embeddable":true,"href":"https:\/\/roveyayinevi.com.tr\/index.php\/wp-json\/wp\/v2\/product_brand?post=718931"},{"taxonomy":"product_cat","embeddable":true,"href":"https:\/\/roveyayinevi.com.tr\/index.php\/wp-json\/wp\/v2\/product_cat?post=718931"},{"taxonomy":"product_tag","embeddable":true,"href":"https:\/\/roveyayinevi.com.tr\/index.php\/wp-json\/wp\/v2\/product_tag?post=718931"}],"curies":[{"name":"wp","href":"https:\/\/api.w.org\/{rel}","templated":true}]}}