{"id":718929,"date":"2025-08-27T18:15:31","date_gmt":"2025-08-27T15:15:31","guid":{"rendered":"https:\/\/roveyayinevi.com.tr\/index.php\/urun\/gelecegin-provasi-tiyatro\/"},"modified":"2026-03-12T02:35:53","modified_gmt":"2026-03-11T23:35:53","slug":"gelecegin-provasi-tiyatro","status":"publish","type":"product","link":"https:\/\/roveyayinevi.com.tr\/index.php\/urun\/gelecegin-provasi-tiyatro\/","title":{"rendered":"Gelece\u011fin Provas\u0131 Tiyatro"},"content":{"rendered":"<p>Bundan y\u00fczy\u0131l \u00f6nce e\u011fitimde tiyatronun kullan\u0131lmas\u0131 i\u00e7in \u00e7ok \u00f6nemli \u00e7al\u0131\u015fmalar yapan ve g\u00f6rmezlikten gelinen Ismay\u0131l Hakk\u0131 Baltac\u0131o\u011flu&#8217;nu anlataca\u011f\u0131z.&#8221;\u00d6z tiyatro&#8221; , &#8221; Halkevi Tiyatrosu&#8221;nu ,okullarda nas\u0131l bir tiyatroyu hayata ge\u00e7irdi.Halk\u0131n e\u011fitiminde tiyatronun hangi bi\u00e7imlerinden yararland\u0131 ve bunlardan g\u00fcn\u00fcm\u00fcze neler kald\u0131,bu ve bunun gibi sorulara cevap verece\u011fiz.A.Boal &#8221; Ezilenlerin Tyatrosu&#8221; \u00e7al\u0131\u015fmas\u0131nda,kuramla\u015ft\u0131rmaya \u00e7al\u0131\u015ft\u0131\u011f\u0131 ve ad\u0131na &#8221; Ezilenlerin Poetikas\u0131&#8221; dedi\u011fi,uygulama ve  teorik a\u00e7\u0131l\u0131m\u0131 yapm\u0131\u015ft\u0131r.Bir pedagog olan Paulo Freeire ile ezilenlerin e\u011fitiminde \u00f6nemli \u00e7al\u0131\u015fmalar yapan,biri tiyatrocu,di\u011feri pedagog olan bu iki uygulamac\u0131 Marksist d\u00fcnya g\u00f6r\u00fc\u015fleri do\u011frultusunda e\u011fitim ve tiyatroyu yeniden tan\u0131mlam\u0131\u015flard\u0131r.Boal&#8217;in kuram\u0131n\u0131 ve uygulamalar\u0131n\u0131 a\u00e7\u0131klamaya \u00e7al\u0131\u015faca\u011f\u0131z.Huzinga&#8217;n\u0131n &#8220;Oynayan \u0130nsan&#8221;da dedi\u011fi gibi insanl\u0131k,k\u00fclt\u00fcr\u00fcn\u00fc oyunlarla kurdu;bug\u00fcn\u00fcn d\u00fcnyas\u0131n\u0131,de\u011ferlerini,sosyolojisini,ahlak\u0131n\u0131 yaratt\u0131.Biz de Metin And hocam\u0131z gibi diyoruz ki:&#8221;Her yeni oyun insan\u0131 \u00f6zg\u00fcrle\u015ftirir,geli\u015ftirir,gelece\u011fe g\u00f6t\u00fcr\u00fcr&#8230;&#8221;ve ekliyoruz:&#8221;Bir arada ya\u015fama bilinciyle s\u0131n\u0131rs\u0131z,s\u0131n\u0131fs\u0131z,s\u00f6m\u00fcr\u00fcs\u00fcz bir d\u00fcnya kurmak i\u00e7in;\u00e7ocuklar\u0131n,kad\u0131nlar\u0131n,\u00f6tekilerin yani b\u00fct\u00fcn \u00f6tekilerin \u00f6zg\u00fcrce ya\u015fayabilece\u011fi bir d\u00fcnya i\u00e7in,gelece\u011fin provas\u0131 i\u00e7in daha \u00e7ok oyun-tiyatro,daha \u00e7ok forum tiyatro&#8230;&#8221;<\/p>\n","protected":false},"excerpt":{"rendered":"<p>Bundan y\u00fczy\u0131l \u00f6nce e\u011fitimde tiyatronun kullan\u0131lmas\u0131 i\u00e7in \u00e7ok \u00f6nemli \u00e7al\u0131\u015fmalar yapan ve g\u00f6rmezlikten gelinen Ismay\u0131l Hakk\u0131 Baltac\u0131o\u011flu&#8217;nu anlataca\u011f\u0131z.&#8221;\u00d6z tiyatro&#8221; , &#8221; Halkevi Tiyatrosu&#8221;nu ,okullarda nas\u0131l bir<span class=\"excerpt-hellip\"> [\u2026]<\/span><\/p>\n","protected":false},"featured_media":0,"template":"","meta":{"_monsterinsights_skip_tracking":false,"_monsterinsights_sitenote_active":false,"_monsterinsights_sitenote_note":"","_monsterinsights_sitenote_category":0},"product_brand":[],"product_cat":[12409,12408],"product_tag":[],"class_list":{"0":"post-718929","1":"product","2":"type-product","3":"status-publish","5":"product_cat-fotograf-sinema-tiyatro","6":"product_cat-sanat","7":"pa_cilt-ciltsiz","8":"pa_tur-kitap","9":"pa_yayinevi-kirmizi-cati-yayinlari","10":"pa_yazar-haldun-aciksozlu","12":"first","13":"instock","14":"sale","15":"shipping-taxable","16":"purchasable","17":"product-type-simple"},"_links":{"self":[{"href":"https:\/\/roveyayinevi.com.tr\/index.php\/wp-json\/wp\/v2\/product\/718929","targetHints":{"allow":["GET"]}}],"collection":[{"href":"https:\/\/roveyayinevi.com.tr\/index.php\/wp-json\/wp\/v2\/product"}],"about":[{"href":"https:\/\/roveyayinevi.com.tr\/index.php\/wp-json\/wp\/v2\/types\/product"}],"wp:attachment":[{"href":"https:\/\/roveyayinevi.com.tr\/index.php\/wp-json\/wp\/v2\/media?parent=718929"}],"wp:term":[{"taxonomy":"product_brand","embeddable":true,"href":"https:\/\/roveyayinevi.com.tr\/index.php\/wp-json\/wp\/v2\/product_brand?post=718929"},{"taxonomy":"product_cat","embeddable":true,"href":"https:\/\/roveyayinevi.com.tr\/index.php\/wp-json\/wp\/v2\/product_cat?post=718929"},{"taxonomy":"product_tag","embeddable":true,"href":"https:\/\/roveyayinevi.com.tr\/index.php\/wp-json\/wp\/v2\/product_tag?post=718929"}],"curies":[{"name":"wp","href":"https:\/\/api.w.org\/{rel}","templated":true}]}}