{"id":718925,"date":"2025-08-27T18:15:28","date_gmt":"2025-08-27T15:15:28","guid":{"rendered":"https:\/\/roveyayinevi.com.tr\/index.php\/urun\/bal-porsugu\/"},"modified":"2026-04-16T02:26:53","modified_gmt":"2026-04-15T23:26:53","slug":"bal-porsugu","status":"publish","type":"product","link":"https:\/\/roveyayinevi.com.tr\/index.php\/urun\/bal-porsugu\/","title":{"rendered":"Bal Porsu\u011fu"},"content":{"rendered":"<p>Veterinerlik fak\u00fcltesi son s\u0131n\u0131f \u00f6\u011frencisi Bal\u0131n, o yaz \u00e7al\u0131\u015ft\u0131\u011f\u0131 hayvan hastanesinde ilgin\u00e7 bir hayvan\u0131n tedavisini \u00fcstlenir; bir Bal Porsu\u011fu!Bu canl\u0131 cans\u0131z ay\u0131rt etmeden her \u015feye sald\u0131ran ve her \u015feyi yiyen d\u00fcnyan\u0131n en korkusuz hayvan\u0131na hayran kalan gen\u00e7 k\u0131z, ayn\u0131 y\u0131l hayat\u0131n\u0131 t\u00fcm\u00fcyle\u201d. de\u011fi\u015ftirecek olaylara ad\u0131m\u0131n\u0131 atar. Gen\u00e7 k\u0131z, Bal Porsu\u011fu&#8217;nun t\u00fcm \u00f6zelliklerini b\u00fcnyesinde bar\u0131nd\u0131ran Ate\u015f\u2019le tan\u0131\u015f\u0131r. Ve art\u0131k Bal ile Porsuk yan yanad\u0131r.\u201cBal\u0131n ne uyduruk isim anlam\u0131 ne?\u201dDemek ismim ilgisini \u00e7ekmi\u015fti ama asl\u0131nda utanga\u00e7 bir adam oldu\u011fu i\u00e7in be\u011fenisini dile getiriyordu. K\u0131yamam.\u201cBal i\u015fte, baldan t\u00fcremi\u015f.\u201d\u201cBall&#8230; \u00c7ok severim.\u201dO an kafamdaki her \u015fey yerli yerine oturmu\u015f ve zihnimi ayd\u0131nlatan koca bir ampul yanm\u0131\u015ft\u0131. Hep hissetti\u011fim o tan\u0131d\u0131kl\u0131k hissi.. Bitmeyen \u00f6fke, doymayan mide, sempatik bir canavarl\u0131k ve bal a\u015fk\u0131. \u201cKim oldu\u011funu sonunda buldum! Sen Bal Porsu\u011fusun!&#8221;<\/p>\n","protected":false},"excerpt":{"rendered":"<p>Veterinerlik fak\u00fcltesi son s\u0131n\u0131f \u00f6\u011frencisi Bal\u0131n, o yaz \u00e7al\u0131\u015ft\u0131\u011f\u0131 hayvan hastanesinde ilgin\u00e7 bir hayvan\u0131n tedavisini \u00fcstlenir; bir Bal Porsu\u011fu!Bu canl\u0131 cans\u0131z ay\u0131rt etmeden her \u015feye sald\u0131ran<span class=\"excerpt-hellip\"> [\u2026]<\/span><\/p>\n","protected":false},"featured_media":0,"template":"","meta":{"_monsterinsights_skip_tracking":false,"_monsterinsights_sitenote_active":false,"_monsterinsights_sitenote_note":"","_monsterinsights_sitenote_category":0},"product_brand":[],"product_cat":[12291,12711],"product_tag":[],"class_list":{"0":"post-718925","1":"product","2":"type-product","3":"status-publish","5":"product_cat-edebiyat","6":"product_cat-roman-oyku","7":"pa_cilt-ciltsiz","8":"pa_tur-kitap","9":"pa_yayinevi-herdem-kitap","10":"pa_yazar-oyku-atalay-zeynep-kaya","12":"first","13":"instock","14":"sale","15":"shipping-taxable","16":"purchasable","17":"product-type-simple"},"_links":{"self":[{"href":"https:\/\/roveyayinevi.com.tr\/index.php\/wp-json\/wp\/v2\/product\/718925","targetHints":{"allow":["GET"]}}],"collection":[{"href":"https:\/\/roveyayinevi.com.tr\/index.php\/wp-json\/wp\/v2\/product"}],"about":[{"href":"https:\/\/roveyayinevi.com.tr\/index.php\/wp-json\/wp\/v2\/types\/product"}],"wp:attachment":[{"href":"https:\/\/roveyayinevi.com.tr\/index.php\/wp-json\/wp\/v2\/media?parent=718925"}],"wp:term":[{"taxonomy":"product_brand","embeddable":true,"href":"https:\/\/roveyayinevi.com.tr\/index.php\/wp-json\/wp\/v2\/product_brand?post=718925"},{"taxonomy":"product_cat","embeddable":true,"href":"https:\/\/roveyayinevi.com.tr\/index.php\/wp-json\/wp\/v2\/product_cat?post=718925"},{"taxonomy":"product_tag","embeddable":true,"href":"https:\/\/roveyayinevi.com.tr\/index.php\/wp-json\/wp\/v2\/product_tag?post=718925"}],"curies":[{"name":"wp","href":"https:\/\/api.w.org\/{rel}","templated":true}]}}