{"id":718924,"date":"2025-08-27T18:15:27","date_gmt":"2025-08-27T15:15:27","guid":{"rendered":"https:\/\/roveyayinevi.com.tr\/index.php\/urun\/3-yas-hikayeleri-ciltli\/"},"modified":"2026-04-16T02:26:53","modified_gmt":"2026-04-15T23:26:53","slug":"3-yas-hikayeleri-ciltli","status":"publish","type":"product","link":"https:\/\/roveyayinevi.com.tr\/index.php\/urun\/3-yas-hikayeleri-ciltli\/","title":{"rendered":"3 Ya\u015f Hikayeleri (ciltli)"},"content":{"rendered":"<p>Birbirinden e\u011flenceli hikayeler burada, sizleri bekliyor. Uykum Nerede?, Periler U\u00e7ar m\u0131?, G\u00f6kku\u015fa\u011f\u0131 Park\u0131, Pamuk \u015eekeri: Oyun Zaman\u0131, Ya\u015fasin En \u0130yi Arkada\u015f\u0131m seninle bulu\u015fmak i\u00e7in sab\u0131rs\u0131zlan\u0131yor!Ya\u015f gruplar\u0131na \u00f6zel olarak haz\u0131rlanm\u0131\u015f bu seri ile hem \u00e7ocu\u011funuzun ya\u015f\u0131na uygun hikayeler okuyacak hem de beraber harika zaman ge\u00e7ireceksiniz.<\/p>\n","protected":false},"excerpt":{"rendered":"<p>Birbirinden e\u011flenceli hikayeler burada, sizleri bekliyor. Uykum Nerede?, Periler U\u00e7ar m\u0131?, G\u00f6kku\u015fa\u011f\u0131 Park\u0131, Pamuk \u015eekeri: Oyun Zaman\u0131, Ya\u015fasin En \u0130yi Arkada\u015f\u0131m seninle bulu\u015fmak i\u00e7in sab\u0131rs\u0131zlan\u0131yor!Ya\u015f gruplar\u0131na<span class=\"excerpt-hellip\"> [\u2026]<\/span><\/p>\n","protected":false},"featured_media":0,"template":"","meta":{"_monsterinsights_skip_tracking":false,"_monsterinsights_sitenote_active":false,"_monsterinsights_sitenote_note":"","_monsterinsights_sitenote_category":0},"product_brand":[],"product_cat":[12274,12284],"product_tag":[],"class_list":{"0":"post-718924","1":"product","2":"type-product","3":"status-publish","5":"product_cat-cocuk-ve-genclik-kitaplari","6":"product_cat-hikayeler","7":"pa_cilt-ciltli","8":"pa_tur-kitap","9":"pa_yayinevi-net-cocuk-yayinlari","10":"pa_yazar-ayca-atci","12":"first","13":"instock","14":"sale","15":"shipping-taxable","16":"purchasable","17":"product-type-simple"},"_links":{"self":[{"href":"https:\/\/roveyayinevi.com.tr\/index.php\/wp-json\/wp\/v2\/product\/718924","targetHints":{"allow":["GET"]}}],"collection":[{"href":"https:\/\/roveyayinevi.com.tr\/index.php\/wp-json\/wp\/v2\/product"}],"about":[{"href":"https:\/\/roveyayinevi.com.tr\/index.php\/wp-json\/wp\/v2\/types\/product"}],"wp:attachment":[{"href":"https:\/\/roveyayinevi.com.tr\/index.php\/wp-json\/wp\/v2\/media?parent=718924"}],"wp:term":[{"taxonomy":"product_brand","embeddable":true,"href":"https:\/\/roveyayinevi.com.tr\/index.php\/wp-json\/wp\/v2\/product_brand?post=718924"},{"taxonomy":"product_cat","embeddable":true,"href":"https:\/\/roveyayinevi.com.tr\/index.php\/wp-json\/wp\/v2\/product_cat?post=718924"},{"taxonomy":"product_tag","embeddable":true,"href":"https:\/\/roveyayinevi.com.tr\/index.php\/wp-json\/wp\/v2\/product_tag?post=718924"}],"curies":[{"name":"wp","href":"https:\/\/api.w.org\/{rel}","templated":true}]}}