{"id":718922,"date":"2025-08-27T18:15:26","date_gmt":"2025-08-27T15:15:26","guid":{"rendered":"https:\/\/roveyayinevi.com.tr\/index.php\/urun\/modern-ortadoguda-isciler-ve-koyluler\/"},"modified":"2026-04-16T02:26:52","modified_gmt":"2026-04-15T23:26:52","slug":"modern-ortadoguda-isciler-ve-koyluler","status":"publish","type":"product","link":"https:\/\/roveyayinevi.com.tr\/index.php\/urun\/modern-ortadoguda-isciler-ve-koyluler\/","title":{"rendered":"Modern Ortado\u011fu\u2019da \u0130\u015f\u00e7iler ve K\u00f6yl\u00fcler"},"content":{"rendered":"<p>\u0130mparatorluklar \u00e7a\u011f\u0131ndan ulus-devlete ge\u00e7i\u015f s\u00fcreciyle birlikte \u00e7al\u0131\u015fan kesim tarihin bir konusu olarak nas\u0131l de\u011ferlendirilmeli? Sonraki d\u00f6nemlerde devlet destekli kalk\u0131nma \u00e7abalar\u0131, pop\u00fclist milliyet\u00e7ilikler ve egemen otoriter rejimler nas\u0131l bir benzerlik g\u00f6sterdi? \u0130\u015f\u00e7iler ve \u00e7ift\u00e7iler emperyalizme kar\u015f\u0131 nas\u0131l direndiler?  Modern Ortado\u011fu\u2019da \u0130\u015f\u00e7iler ve \u00c7ift\u00e7iler\u2019de Joel Beinin, 18. Y\u00fczy\u0131l\u0131n ortas\u0131ndan ba\u015flayarak Osmanl\u0131 \u0130mparatorlu\u011fu ve onun devam\u0131 niteli\u011findeki M\u00fcsl\u00fcman \u00e7o\u011funlu\u011fa sahip Balkanlar, T\u00fcrkiye, Ortado\u011fu ve Kuzey Afrika\u2019daki devletlerdeki \u00e7ift\u00e7iler, kentli zanaatk\u00e2rlar ve modern i\u015f\u00e7i s\u0131n\u0131f\u0131n\u0131n tarihini anlat\u0131yor. S\u0131radan insanlar\u0131n siyasi, ekonomik ve toplumsal hayatlar\u0131na dair Hindistan Madun \u00c7al\u0131\u015fmalar\u0131 ekol\u00fcnden esinlenerek yeni bir bak\u0131\u015f a\u00e7\u0131s\u0131 sunuyor. Osmanl\u0131 \u0130mparatorlu\u011fu\u2019ndan T\u00fcrkiye Cumhuriyeti\u2019ne ge\u00e7i\u015f s\u00fcrecine de olduk\u00e7a geni\u015f bir yer ay\u0131ran Beinin, bu s\u00fcreci \u00e7al\u0131\u015fan kesim a\u00e7\u0131s\u0131ndan bir kopu\u015f de\u011fil s\u00fcreklilik anlat\u0131s\u0131 olarak yorumluyor. 20. Y\u00fczy\u0131l\u0131n sonlar\u0131na kadar Ortado\u011fu\u2019da \u00e7al\u0131\u015fan kesimin yeni geli\u015fen kapitalist d\u00fcnya d\u00fczeni i\u00e7erisinde nas\u0131l konumland\u0131\u011f\u0131n\u0131 k\u0131smen kendi ya\u015fad\u0131\u011f\u0131 deneyimler ve ilgili \u00fclkelerde (\u00f6zellikle M\u0131s\u0131r\u2019da) yapt\u0131\u011f\u0131 \u00e7al\u0131\u015fmalar\u0131ndan k\u0131smen de ikincil kaynaklar \u00fczerinden inceliyor. Joel Beinin, Stanford \u00dcniversitesi\u2019nde Ortado\u011fu Tarihi profes\u00f6r\u00fc. <\/p>\n","protected":false},"excerpt":{"rendered":"<p>\u0130mparatorluklar \u00e7a\u011f\u0131ndan ulus-devlete ge\u00e7i\u015f s\u00fcreciyle birlikte \u00e7al\u0131\u015fan kesim tarihin bir konusu olarak nas\u0131l de\u011ferlendirilmeli? Sonraki d\u00f6nemlerde devlet destekli kalk\u0131nma \u00e7abalar\u0131, pop\u00fclist milliyet\u00e7ilikler ve egemen otoriter rejimler<span class=\"excerpt-hellip\"> [\u2026]<\/span><\/p>\n","protected":false},"featured_media":0,"template":"","meta":{"_monsterinsights_skip_tracking":false,"_monsterinsights_sitenote_active":false,"_monsterinsights_sitenote_note":"","_monsterinsights_sitenote_category":0},"product_brand":[],"product_cat":[12408,14197],"product_tag":[],"class_list":{"0":"post-718922","1":"product","2":"type-product","3":"status-publish","5":"product_cat-sanat","6":"product_cat-sanat-tarihi","7":"pa_cilt-ciltsiz","8":"pa_tur-kitap","9":"pa_yayinevi-koc-universitesi-yayinlari","10":"pa_yazar-joel-beinin","12":"first","13":"instock","14":"sale","15":"shipping-taxable","16":"purchasable","17":"product-type-simple"},"_links":{"self":[{"href":"https:\/\/roveyayinevi.com.tr\/index.php\/wp-json\/wp\/v2\/product\/718922","targetHints":{"allow":["GET"]}}],"collection":[{"href":"https:\/\/roveyayinevi.com.tr\/index.php\/wp-json\/wp\/v2\/product"}],"about":[{"href":"https:\/\/roveyayinevi.com.tr\/index.php\/wp-json\/wp\/v2\/types\/product"}],"wp:attachment":[{"href":"https:\/\/roveyayinevi.com.tr\/index.php\/wp-json\/wp\/v2\/media?parent=718922"}],"wp:term":[{"taxonomy":"product_brand","embeddable":true,"href":"https:\/\/roveyayinevi.com.tr\/index.php\/wp-json\/wp\/v2\/product_brand?post=718922"},{"taxonomy":"product_cat","embeddable":true,"href":"https:\/\/roveyayinevi.com.tr\/index.php\/wp-json\/wp\/v2\/product_cat?post=718922"},{"taxonomy":"product_tag","embeddable":true,"href":"https:\/\/roveyayinevi.com.tr\/index.php\/wp-json\/wp\/v2\/product_tag?post=718922"}],"curies":[{"name":"wp","href":"https:\/\/api.w.org\/{rel}","templated":true}]}}