{"id":718920,"date":"2025-08-27T18:15:24","date_gmt":"2025-08-27T15:15:24","guid":{"rendered":"https:\/\/roveyayinevi.com.tr\/index.php\/urun\/karamanli-yazinsal-mirasinin-ocaklarinda-madencilik\/"},"modified":"2026-04-16T02:26:52","modified_gmt":"2026-04-15T23:26:52","slug":"karamanli-yazinsal-mirasinin-ocaklarinda-madencilik","status":"publish","type":"product","link":"https:\/\/roveyayinevi.com.tr\/index.php\/urun\/karamanli-yazinsal-mirasinin-ocaklarinda-madencilik\/","title":{"rendered":"Karamanl\u0131 Yaz\u0131nsal Miras\u0131n\u0131n Ocaklar\u0131nda Madencilik"},"content":{"rendered":"<p>Karamanl\u0131 Yaz\u0131nsal Miras\u0131n\u0131n Ocaklar\u0131nda Madencilik\u2019te, Karamanl\u0131lar ve Karamanl\u0131ca \u00fczerine tarih, edebiyat, bas\u0131n-yay\u0131n tarihi, biyografi, bibliyografya ve folklor konulu \u00e7al\u0131\u015fmalar\u0131yla \u00fcn kazanm\u0131\u015f bilim insanlar\u0131ndan Evangelia Balta\u2019n\u0131n on iki makalesi bir araya getirildi. Anadolu\u2019nun yerli halklar\u0131ndan H\u0131ristiyan inan\u00e7l\u0131, T\u00fcrk\u00e7e konu\u015fan Karamanl\u0131lar\u0131n M\u00fcbadele (Kar\u015f\u0131l\u0131kl\u0131 N\u00fcfus De\u011fi\u015fimi) ile Yunanistan\u2019a g\u00f6\u00e7meleri (1923), k\u00f6k sald\u0131klar\u0131 topraklardan asl\u0131nda \u00e7ok yabanc\u0131s\u0131 olduklar\u0131 ba\u015fka bir \u00fclkede ya\u015famak zorunda b\u0131rak\u0131lmalar\u0131 bir k\u00fclt\u00fcr\u00fcn, tarihin, dilin ve bunlara ba\u011fl\u0131 zenginliklerin sonu de\u011filse de sonunun ba\u015flang\u0131c\u0131 olmu\u015ftur. Evangelia Balta bu \u00e7ok katmanl\u0131, \u00e7etrefil ve sorunlu alanda madencilik yapmaya, bulduklar\u0131n\u0131 bilim insanlar\u0131yla, merakl\u0131larla payla\u015fmaya devam ediyor&#8230; <\/p>\n","protected":false},"excerpt":{"rendered":"<p>Karamanl\u0131 Yaz\u0131nsal Miras\u0131n\u0131n Ocaklar\u0131nda Madencilik\u2019te, Karamanl\u0131lar ve Karamanl\u0131ca \u00fczerine tarih, edebiyat, bas\u0131n-yay\u0131n tarihi, biyografi, bibliyografya ve folklor konulu \u00e7al\u0131\u015fmalar\u0131yla \u00fcn kazanm\u0131\u015f bilim insanlar\u0131ndan Evangelia Balta\u2019n\u0131n on<span class=\"excerpt-hellip\"> [\u2026]<\/span><\/p>\n","protected":false},"featured_media":0,"template":"","meta":{"_monsterinsights_skip_tracking":false,"_monsterinsights_sitenote_active":false,"_monsterinsights_sitenote_note":"","_monsterinsights_sitenote_category":0},"product_brand":[],"product_cat":[12370,12304],"product_tag":[],"class_list":{"0":"post-718920","1":"product","2":"type-product","3":"status-publish","5":"product_cat-arastirma-inceleme","6":"product_cat-tarih","7":"pa_cilt-ciltsiz","8":"pa_tur-kitap","9":"pa_yayinevi-yapi-kredi-yayinlari","10":"pa_yazar-evangelia-balta","12":"first","13":"instock","14":"sale","15":"shipping-taxable","16":"purchasable","17":"product-type-simple"},"_links":{"self":[{"href":"https:\/\/roveyayinevi.com.tr\/index.php\/wp-json\/wp\/v2\/product\/718920","targetHints":{"allow":["GET"]}}],"collection":[{"href":"https:\/\/roveyayinevi.com.tr\/index.php\/wp-json\/wp\/v2\/product"}],"about":[{"href":"https:\/\/roveyayinevi.com.tr\/index.php\/wp-json\/wp\/v2\/types\/product"}],"wp:attachment":[{"href":"https:\/\/roveyayinevi.com.tr\/index.php\/wp-json\/wp\/v2\/media?parent=718920"}],"wp:term":[{"taxonomy":"product_brand","embeddable":true,"href":"https:\/\/roveyayinevi.com.tr\/index.php\/wp-json\/wp\/v2\/product_brand?post=718920"},{"taxonomy":"product_cat","embeddable":true,"href":"https:\/\/roveyayinevi.com.tr\/index.php\/wp-json\/wp\/v2\/product_cat?post=718920"},{"taxonomy":"product_tag","embeddable":true,"href":"https:\/\/roveyayinevi.com.tr\/index.php\/wp-json\/wp\/v2\/product_tag?post=718920"}],"curies":[{"name":"wp","href":"https:\/\/api.w.org\/{rel}","templated":true}]}}