{"id":718919,"date":"2025-08-27T18:15:23","date_gmt":"2025-08-27T15:15:23","guid":{"rendered":"https:\/\/roveyayinevi.com.tr\/index.php\/urun\/seyyahin-kitabi\/"},"modified":"2026-03-17T02:33:12","modified_gmt":"2026-03-16T23:33:12","slug":"seyyahin-kitabi","status":"publish","type":"product","link":"https:\/\/roveyayinevi.com.tr\/index.php\/urun\/seyyahin-kitabi\/","title":{"rendered":"Seyyah\u0131n Kitab\u0131"},"content":{"rendered":"<p>Evliy\u00e2 \u00c7elebi Seyahatn\u00e2mesi\u2019nin izini s\u00fcren makalelerden olu\u015fan bir kitap Seyyah\u0131n Kitab\u0131.   Evliy\u00e2 \u00c7elebi Asya\u2019dan Avrupa\u2019ya, Avrupa\u2019dan Afrika\u2019ya, Anadolu\u2019dan Balkanlar\u2019a, Kafkasya\u2019dan \u0130ran\u2019a, b\u00fcy\u00fck Avrupa \u015fehirlerinden Nil boyu kabilelerine Osmanl\u0131 co\u011frafyas\u0131n\u0131 elli y\u0131l boyunca ad\u0131m ad\u0131m dola\u015ft\u0131. Kimi zaman han odalar\u0131nda menak\u0131b dinledi, kimi zaman da \u00e7ar\u015f\u0131lar\u0131n kalabal\u0131\u011f\u0131na kar\u0131\u015f\u0131p de\u011fi\u015fik k\u00fclt\u00fcrlerin insanlar\u0131yla tan\u0131\u015ft\u0131. Zengin konaklar\u0131na misafir oldu; da\u011f ba\u015flar\u0131nda, terk edilmi\u015f kalelerde bir ate\u015fin etraf\u0131na toplanm\u0131\u015f ba\u015f\u0131bozuklarla dertle\u015fti. Bir d\u00fcnya klasi\u011fi olarak okunan Seyahatn\u00e2me\u2019yi, verdi\u011fi bilgilerin \u00f6tesinde, edebi \u00f6zelliklerini, anlat\u0131m g\u00fcc\u00fcn\u00fc, \u00e7a\u011f\u0131n\u0131n zihin yap\u0131s\u0131n\u0131n izd\u00fc\u015f\u00fcm\u00fcn\u00fc ve Evliy\u00e2 \u00c7elebi\u2019nin s\u0131ra d\u0131\u015f\u0131 ki\u015fili\u011fini irdeleyen elinizdeki kitap, yay\u0131nevimizin Seyahatn\u00e2me k\u00fclliyat\u0131na de\u011ferli ara\u015ft\u0131rmac\u0131 Nuran Tezcan taraf\u0131ndan yap\u0131lm\u0131\u015f \u00f6nemli bir katk\u0131. <\/p>\n","protected":false},"excerpt":{"rendered":"<p>Evliy\u00e2 \u00c7elebi Seyahatn\u00e2mesi\u2019nin izini s\u00fcren makalelerden olu\u015fan bir kitap Seyyah\u0131n Kitab\u0131. Evliy\u00e2 \u00c7elebi Asya\u2019dan Avrupa\u2019ya, Avrupa\u2019dan Afrika\u2019ya, Anadolu\u2019dan Balkanlar\u2019a, Kafkasya\u2019dan \u0130ran\u2019a, b\u00fcy\u00fck Avrupa \u015fehirlerinden Nil boyu<span class=\"excerpt-hellip\"> [\u2026]<\/span><\/p>\n","protected":false},"featured_media":0,"template":"","meta":{"_monsterinsights_skip_tracking":false,"_monsterinsights_sitenote_active":false,"_monsterinsights_sitenote_note":"","_monsterinsights_sitenote_category":0},"product_brand":[],"product_cat":[13072,12291],"product_tag":[],"class_list":{"0":"post-718919","1":"product","2":"type-product","3":"status-publish","5":"product_cat-arastirma-inceleme-referans","6":"product_cat-edebiyat","7":"pa_cilt-ciltsiz","8":"pa_tur-kitap","9":"pa_yayinevi-yapi-kredi-yayinlari","10":"pa_yazar-nuran-tezcan","12":"first","13":"instock","14":"sale","15":"shipping-taxable","16":"purchasable","17":"product-type-simple"},"_links":{"self":[{"href":"https:\/\/roveyayinevi.com.tr\/index.php\/wp-json\/wp\/v2\/product\/718919","targetHints":{"allow":["GET"]}}],"collection":[{"href":"https:\/\/roveyayinevi.com.tr\/index.php\/wp-json\/wp\/v2\/product"}],"about":[{"href":"https:\/\/roveyayinevi.com.tr\/index.php\/wp-json\/wp\/v2\/types\/product"}],"wp:attachment":[{"href":"https:\/\/roveyayinevi.com.tr\/index.php\/wp-json\/wp\/v2\/media?parent=718919"}],"wp:term":[{"taxonomy":"product_brand","embeddable":true,"href":"https:\/\/roveyayinevi.com.tr\/index.php\/wp-json\/wp\/v2\/product_brand?post=718919"},{"taxonomy":"product_cat","embeddable":true,"href":"https:\/\/roveyayinevi.com.tr\/index.php\/wp-json\/wp\/v2\/product_cat?post=718919"},{"taxonomy":"product_tag","embeddable":true,"href":"https:\/\/roveyayinevi.com.tr\/index.php\/wp-json\/wp\/v2\/product_tag?post=718919"}],"curies":[{"name":"wp","href":"https:\/\/api.w.org\/{rel}","templated":true}]}}