{"id":718916,"date":"2025-08-27T18:15:21","date_gmt":"2025-08-27T15:15:21","guid":{"rendered":"https:\/\/roveyayinevi.com.tr\/index.php\/urun\/tuna-boyunca\/"},"modified":"2026-04-16T02:26:52","modified_gmt":"2026-04-15T23:26:52","slug":"tuna-boyunca","status":"publish","type":"product","link":"https:\/\/roveyayinevi.com.tr\/index.php\/urun\/tuna-boyunca\/","title":{"rendered":"Tuna Boyunca"},"content":{"rendered":"<p>Claudio Magris, Tuna Boyunca\u2019da efsanelerden sava\u015flara, tarihin tozlu sayfalar\u0131nda kalm\u0131\u015f olaylardan varl\u0131\u011f\u0131n\u0131 kimsenin duymad\u0131\u011f\u0131 ansiklopedilere, han ve \u015fatolardan nehri besleyen musluklara, h\u00fczne gark olmu\u015f \u015fair ve yazarlardan manzara tak\u0131nt\u0131s\u0131na tutulmu\u015f aristokratlara, nehrin \u00e7amurundan \u015farap ve bal\u0131klar\u0131na, korsanlardan, devrimlerden, \u00e7ak\u0131lta\u015flar\u0131ndan, oluklar-dan olu\u015fan muazzam bir kitaba, \u015fayet bir g\u00fcn yok olursa Tuna\u2019y\u0131 s\u00f6zc\u00fcklerin g\u00fcc\u00fcyle k\u00fcllerinden yeniden do\u011furtacak bir metne imza at\u0131yor. \u201cSon derece cezbedici ve keyifli bir kitap&#8230; Magris \u00e7ok g\u00fczel yaz\u0131yor; yaz\u0131lm\u0131\u015f her \u015feyi okudu\u011fu hissine kap\u0131l\u0131yorsunuz. Okuduklar\u0131 onu yaln\u0131zca zeki de\u011fil, bilge de k\u0131lm\u0131\u015f. Kitab\u0131n neredeyse her sayfas\u0131nda insan\u0131n i\u00e7ini a\u00e7an pasajlar var&#8230; Tuna Boyunca bir ba\u015fyap\u0131t.\u201d &#8211; John Banville <\/p>\n","protected":false},"excerpt":{"rendered":"<p>Claudio Magris, Tuna Boyunca\u2019da efsanelerden sava\u015flara, tarihin tozlu sayfalar\u0131nda kalm\u0131\u015f olaylardan varl\u0131\u011f\u0131n\u0131 kimsenin duymad\u0131\u011f\u0131 ansiklopedilere, han ve \u015fatolardan nehri besleyen musluklara, h\u00fczne gark olmu\u015f \u015fair ve<span class=\"excerpt-hellip\"> [\u2026]<\/span><\/p>\n","protected":false},"featured_media":0,"template":"","meta":{"_monsterinsights_skip_tracking":false,"_monsterinsights_sitenote_active":false,"_monsterinsights_sitenote_note":"","_monsterinsights_sitenote_category":0},"product_brand":[],"product_cat":[12291,14218],"product_tag":[],"class_list":{"0":"post-718916","1":"product","2":"type-product","3":"status-publish","5":"product_cat-edebiyat","6":"product_cat-italyan-edebiyati","7":"pa_cilt-ciltsiz","8":"pa_tur-kitap","9":"pa_yayinevi-yapi-kredi-yayinlari","10":"pa_yazar-claudio-magris","12":"first","13":"instock","14":"sale","15":"shipping-taxable","16":"purchasable","17":"product-type-simple"},"_links":{"self":[{"href":"https:\/\/roveyayinevi.com.tr\/index.php\/wp-json\/wp\/v2\/product\/718916","targetHints":{"allow":["GET"]}}],"collection":[{"href":"https:\/\/roveyayinevi.com.tr\/index.php\/wp-json\/wp\/v2\/product"}],"about":[{"href":"https:\/\/roveyayinevi.com.tr\/index.php\/wp-json\/wp\/v2\/types\/product"}],"wp:attachment":[{"href":"https:\/\/roveyayinevi.com.tr\/index.php\/wp-json\/wp\/v2\/media?parent=718916"}],"wp:term":[{"taxonomy":"product_brand","embeddable":true,"href":"https:\/\/roveyayinevi.com.tr\/index.php\/wp-json\/wp\/v2\/product_brand?post=718916"},{"taxonomy":"product_cat","embeddable":true,"href":"https:\/\/roveyayinevi.com.tr\/index.php\/wp-json\/wp\/v2\/product_cat?post=718916"},{"taxonomy":"product_tag","embeddable":true,"href":"https:\/\/roveyayinevi.com.tr\/index.php\/wp-json\/wp\/v2\/product_tag?post=718916"}],"curies":[{"name":"wp","href":"https:\/\/api.w.org\/{rel}","templated":true}]}}