{"id":718912,"date":"2025-08-27T18:15:18","date_gmt":"2025-08-27T15:15:18","guid":{"rendered":"https:\/\/roveyayinevi.com.tr\/index.php\/urun\/light-on-life-hayata-isik\/"},"modified":"2026-04-13T02:33:19","modified_gmt":"2026-04-12T23:33:19","slug":"light-on-life-hayata-isik","status":"publish","type":"product","link":"https:\/\/roveyayinevi.com.tr\/index.php\/urun\/light-on-life-hayata-isik\/","title":{"rendered":"Light On Life &#8211; Hayata I\u015f\u0131k"},"content":{"rendered":"<p>\u201cYogan\u0131n Michelangelo\u2019su\u201d addedilen ve d\u00fcnyan\u0131n en sayg\u0131n yoga e\u011fitmenlerinden biri kabul edilen B. K. S. IYENGAR, Light on LIFE \u2013 Hayata I\u015f\u0131k\u2019ta, yogan\u0131n i\u00e7sel yolculu\u011funda izlenmesi gereken ad\u0131mlar\u0131, ruhsal geli\u015fimin a\u015famalar\u0131n\u0131 ve yoga gelene\u011fini a\u00e7\u0131kl\u0131yor. Yogan\u0131n sadece bedeni \u00e7al\u0131\u015ft\u0131rmaktan ve kaslar\u0131 esnetmekten ibaret olmad\u0131\u011f\u0131n\u0131; ayn\u0131 zamanda ruhla, zihinle ve duygularla kurulan g\u00fc\u00e7l\u00fc bir ileti\u015fim oldu\u011funu ve yoga pozlar\u0131n\u0131n bu ileti\u015fime katk\u0131lar\u0131n\u0131 g\u00f6steriyor. Light on LIFE \u2013 Hayata I\u015f\u0131k, i\u00e7sel yolculu\u011fun hayat\u0131n\u0131z\u0131 nas\u0131l de\u011fi\u015ftirebilece\u011fini ve d\u0131\u015f d\u00fcnyayla nas\u0131l uyum i\u00e7inde ya\u015fayabilece\u011finizi Iyengar\u2019\u0131n kendi i\u00e7sel yolculu\u011funun hik\u00e2yesi e\u015fli\u011finde sunuyor. <\/p>\n","protected":false},"excerpt":{"rendered":"<p>\u201cYogan\u0131n Michelangelo\u2019su\u201d addedilen ve d\u00fcnyan\u0131n en sayg\u0131n yoga e\u011fitmenlerinden biri kabul edilen B. K. S. IYENGAR, Light on LIFE \u2013 Hayata I\u015f\u0131k\u2019ta, yogan\u0131n i\u00e7sel yolculu\u011funda izlenmesi<span class=\"excerpt-hellip\"> [\u2026]<\/span><\/p>\n","protected":false},"featured_media":0,"template":"","meta":{"_monsterinsights_skip_tracking":false,"_monsterinsights_sitenote_active":false,"_monsterinsights_sitenote_note":"","_monsterinsights_sitenote_category":0},"product_brand":[],"product_cat":[12364,12376],"product_tag":[],"class_list":{"0":"post-718912","1":"product","2":"type-product","3":"status-publish","5":"product_cat-genel-konular","6":"product_cat-kisisel-gelisim","7":"pa_cilt-ciltsiz","8":"pa_tur-kitap","9":"pa_yayinevi-omega","10":"pa_yazar-b-k-s-iyenyar","12":"first","13":"instock","14":"sale","15":"shipping-taxable","16":"purchasable","17":"product-type-simple"},"_links":{"self":[{"href":"https:\/\/roveyayinevi.com.tr\/index.php\/wp-json\/wp\/v2\/product\/718912","targetHints":{"allow":["GET"]}}],"collection":[{"href":"https:\/\/roveyayinevi.com.tr\/index.php\/wp-json\/wp\/v2\/product"}],"about":[{"href":"https:\/\/roveyayinevi.com.tr\/index.php\/wp-json\/wp\/v2\/types\/product"}],"wp:attachment":[{"href":"https:\/\/roveyayinevi.com.tr\/index.php\/wp-json\/wp\/v2\/media?parent=718912"}],"wp:term":[{"taxonomy":"product_brand","embeddable":true,"href":"https:\/\/roveyayinevi.com.tr\/index.php\/wp-json\/wp\/v2\/product_brand?post=718912"},{"taxonomy":"product_cat","embeddable":true,"href":"https:\/\/roveyayinevi.com.tr\/index.php\/wp-json\/wp\/v2\/product_cat?post=718912"},{"taxonomy":"product_tag","embeddable":true,"href":"https:\/\/roveyayinevi.com.tr\/index.php\/wp-json\/wp\/v2\/product_tag?post=718912"}],"curies":[{"name":"wp","href":"https:\/\/api.w.org\/{rel}","templated":true}]}}