{"id":718911,"date":"2025-08-27T18:15:18","date_gmt":"2025-08-27T15:15:18","guid":{"rendered":"https:\/\/roveyayinevi.com.tr\/index.php\/urun\/etnografi\/"},"modified":"2026-04-16T02:26:52","modified_gmt":"2026-04-15T23:26:52","slug":"etnografi","status":"publish","type":"product","link":"https:\/\/roveyayinevi.com.tr\/index.php\/urun\/etnografi\/","title":{"rendered":"Etnografi"},"content":{"rendered":"<p>Bu derleme, etnografik \u00e7al\u0131\u015fmalar\u0131n \u00e7ok da de\u011finilmeyen bir y\u00f6n\u00fcn\u00fc, ara\u015ft\u0131rmac\u0131n\u0131n tecr\u00fcbelerini ele al\u0131yor. Alanda ya\u015fanan tecr\u00fcbelerin bir\u00e7o\u011funa, \u00fczerinde dikkatle d\u00fc\u015f\u00fcn\u00fclerek bir y\u00f6ntem olarak i\u015flerlik kazand\u0131rmak m\u00fcmk\u00fcnd\u00fcr. Bu kitapta ara\u015ft\u0131rmac\u0131lar da metinlerinin in\u015fas\u0131nda temel \u00f6nemi olan alan tecr\u00fcbelerini; kendilerinden \u00e7ok daha \u00f6nce kurulmu\u015f ve i\u015fleyen ili\u015fkilerin i\u00e7ine d\u00e2hil olma hik\u00e2yelerini yazd\u0131lar. Metinlerinde, g\u00fcndelik hayat\u0131n ola\u011fan-i\u00e7i ve ola\u011fan-d\u0131\u015f\u0131, uzak ve bildik g\u00f6r\u00fcnebilen hallerini; sahnenin farkl\u0131 noktalar\u0131ndan farkl\u0131 zamanlarda bak\u0131ld\u0131\u011f\u0131nda hem i\u00e7inde ve hem de kenar\u0131nda duran etnograf\u0131n olan biteni nas\u0131l tecr\u00fcbe etti\u011fini anlat\u0131yorlar. Ankara pavyonlar\u0131nda ve ku\u015fbazlar aras\u0131nda \u00e7al\u0131\u015fma yapan Asl\u0131 Yaz\u0131c\u0131 Yak\u0131n; dilencilerin rotas\u0131na kap\u0131l\u0131p zab\u0131ta ile \u015fehrin sokaklar\u0131n\u0131 defalarca kateden Meri\u00e7 K\u00fckrer; tan\u0131mad\u0131\u011f\u0131 \u00f6l\u00fc bedenler y\u0131kayan G\u00fclseren G\u00fcldeste; esnaf ile deli aras\u0131ndaki \u201coyuna\u201d kat\u0131lan Nilg\u00fcn Sonkan G\u00fcnd\u00fcz; Ankara Gen\u00e7lik Park\u0131 Lunapark\u0131\u2019nda korku ve e\u011flencenin beraber tezah\u00fcr etti\u011fi oyuncaklara binen Berna K\u00fc\u00e7\u00fcko\u011flu; Tofa\u015f marka araba kullan\u0131c\u0131lar\u0131n\u0131n aras\u0131na kendi \u015eahiniyle kar\u0131\u015fan Sinan \u00c7a\u011f\u0131rtekin; Antakya\u2019da \u201cbir yere ait olma\u201d ve \u201cho\u015fg\u00f6r\u00fc\u201d \u00fczerine \u00e7al\u0131\u015fan Alim Koray Cengiz; Bigal\u0131 oldu\u011fu halde \u00e7ingenelerin ya\u015fad\u0131\u011f\u0131 \u201cYukar\u0131 Mahalleyi\u201d ara\u015ft\u0131rmas\u0131 sayesinde ke\u015ffeden Semra \u00d6zlem Di\u015fli ve etnografi i\u00e7in Japonya\u2019ya giden Ceren Aksoy Sugiyama alan tecr\u00fcbelerini bizimle payla\u015f\u0131yor.<\/p>\n","protected":false},"excerpt":{"rendered":"<p>Bu derleme, etnografik \u00e7al\u0131\u015fmalar\u0131n \u00e7ok da de\u011finilmeyen bir y\u00f6n\u00fcn\u00fc, ara\u015ft\u0131rmac\u0131n\u0131n tecr\u00fcbelerini ele al\u0131yor. Alanda ya\u015fanan tecr\u00fcbelerin bir\u00e7o\u011funa, \u00fczerinde dikkatle d\u00fc\u015f\u00fcn\u00fclerek bir y\u00f6ntem olarak i\u015flerlik kazand\u0131rmak m\u00fcmk\u00fcnd\u00fcr.<span class=\"excerpt-hellip\"> [\u2026]<\/span><\/p>\n","protected":false},"featured_media":0,"template":"","meta":{"_monsterinsights_skip_tracking":false,"_monsterinsights_sitenote_active":false,"_monsterinsights_sitenote_note":"","_monsterinsights_sitenote_category":0},"product_brand":[],"product_cat":[12835,12324],"product_tag":[],"class_list":{"0":"post-718911","1":"product","2":"type-product","3":"status-publish","5":"product_cat-genel-sosyoloji","6":"product_cat-sosyoloji","7":"pa_cilt-ciltsiz","8":"pa_tur-kitap","9":"pa_yayinevi-dogu-bati-yayinlari","10":"pa_yazar-kolektif","12":"first","13":"instock","14":"sale","15":"shipping-taxable","16":"purchasable","17":"product-type-simple"},"_links":{"self":[{"href":"https:\/\/roveyayinevi.com.tr\/index.php\/wp-json\/wp\/v2\/product\/718911","targetHints":{"allow":["GET"]}}],"collection":[{"href":"https:\/\/roveyayinevi.com.tr\/index.php\/wp-json\/wp\/v2\/product"}],"about":[{"href":"https:\/\/roveyayinevi.com.tr\/index.php\/wp-json\/wp\/v2\/types\/product"}],"wp:attachment":[{"href":"https:\/\/roveyayinevi.com.tr\/index.php\/wp-json\/wp\/v2\/media?parent=718911"}],"wp:term":[{"taxonomy":"product_brand","embeddable":true,"href":"https:\/\/roveyayinevi.com.tr\/index.php\/wp-json\/wp\/v2\/product_brand?post=718911"},{"taxonomy":"product_cat","embeddable":true,"href":"https:\/\/roveyayinevi.com.tr\/index.php\/wp-json\/wp\/v2\/product_cat?post=718911"},{"taxonomy":"product_tag","embeddable":true,"href":"https:\/\/roveyayinevi.com.tr\/index.php\/wp-json\/wp\/v2\/product_tag?post=718911"}],"curies":[{"name":"wp","href":"https:\/\/api.w.org\/{rel}","templated":true}]}}