{"id":718909,"date":"2025-08-27T18:15:17","date_gmt":"2025-08-27T15:15:17","guid":{"rendered":"https:\/\/roveyayinevi.com.tr\/index.php\/urun\/dortlerin-imzasi-ciltli\/"},"modified":"2026-04-12T02:32:29","modified_gmt":"2026-04-11T23:32:29","slug":"dortlerin-imzasi-ciltli","status":"publish","type":"product","link":"https:\/\/roveyayinevi.com.tr\/index.php\/urun\/dortlerin-imzasi-ciltli\/","title":{"rendered":"D\u00f6rtlerin \u0130mzas\u0131 (Ciltli)"},"content":{"rendered":"<p>\u201cZihnim durgunlu\u011fa kar\u015f\u0131 geliyor. Bana sorun verin, i\u015f verin, bana anla\u015f\u0131lmas\u0131 en g\u00fc\u00e7 kriptogram\u0131 ya da en \u00e7etrefilli analizi verin, kendimi ait oldu\u011fum atmosferin i\u00e7inde hissederim.\u201dArthur Conan Doyle, \u00fcnl\u00fc dedektiflik serisinin ikinci roman\u0131 olan D\u00f6rtlerin \u0130mzas\u0131\u2019yla okurlar\u0131 soluk solu\u011fa okuyacaklar\u0131 bir kovalamacan\u0131n i\u00e7ine \u00e7ekiyor.Baker Soka\u011f\u0131 221B\u2019nin yeni ziyaret\u00e7isi Mary Morstan, on y\u0131l \u00f6nce kay\u0131plara kar\u0131\u015fan babas\u0131n\u0131n ve her y\u0131l ayn\u0131 g\u00fcn kap\u0131s\u0131na b\u0131rak\u0131lan de\u011ferli incilerin gizemini \u00e7\u00f6zmesi i\u00e7in Sherlock Holmes\u2019e ba\u015fvurur. Tahta bacakl\u0131 bir adam\u0131n, faili me\u00e7hul cinayetlerin ve \u201cd\u00f6rtlerin imzas\u0131\u201dn\u0131n alt\u0131nda yatan s\u0131rr\u0131 \u00e7\u00f6zebilecek ki\u015filer, uzun s\u00fcredir zek\u00e2s\u0131 zorlanmad\u0131\u011f\u0131 i\u00e7in kendini eve kapatan Holmes ve davay\u0131 almak i\u00e7in kendi gerek\u00e7eleri olan yard\u0131mc\u0131s\u0131 Dr. Watson\u2019dan ba\u015fkas\u0131 de\u011fildir.<\/p>\n","protected":false},"excerpt":{"rendered":"<p>\u201cZihnim durgunlu\u011fa kar\u015f\u0131 geliyor. Bana sorun verin, i\u015f verin, bana anla\u015f\u0131lmas\u0131 en g\u00fc\u00e7 kriptogram\u0131 ya da en \u00e7etrefilli analizi verin, kendimi ait oldu\u011fum atmosferin i\u00e7inde hissederim.\u201dArthur<span class=\"excerpt-hellip\"> [\u2026]<\/span><\/p>\n","protected":false},"featured_media":0,"template":"","meta":{"_monsterinsights_skip_tracking":false,"_monsterinsights_sitenote_active":false,"_monsterinsights_sitenote_note":"","_monsterinsights_sitenote_category":0},"product_brand":[],"product_cat":[12291,12711],"product_tag":[],"class_list":{"0":"post-718909","1":"product","2":"type-product","3":"status-publish","5":"product_cat-edebiyat","6":"product_cat-roman-oyku","7":"pa_cilt-ciltli","8":"pa_tur-kitap","9":"pa_yayinevi-yabanci-yayinevi","10":"pa_yazar-arthur-conan-doyle","12":"first","13":"instock","14":"sale","15":"shipping-taxable","16":"purchasable","17":"product-type-simple"},"_links":{"self":[{"href":"https:\/\/roveyayinevi.com.tr\/index.php\/wp-json\/wp\/v2\/product\/718909","targetHints":{"allow":["GET"]}}],"collection":[{"href":"https:\/\/roveyayinevi.com.tr\/index.php\/wp-json\/wp\/v2\/product"}],"about":[{"href":"https:\/\/roveyayinevi.com.tr\/index.php\/wp-json\/wp\/v2\/types\/product"}],"wp:attachment":[{"href":"https:\/\/roveyayinevi.com.tr\/index.php\/wp-json\/wp\/v2\/media?parent=718909"}],"wp:term":[{"taxonomy":"product_brand","embeddable":true,"href":"https:\/\/roveyayinevi.com.tr\/index.php\/wp-json\/wp\/v2\/product_brand?post=718909"},{"taxonomy":"product_cat","embeddable":true,"href":"https:\/\/roveyayinevi.com.tr\/index.php\/wp-json\/wp\/v2\/product_cat?post=718909"},{"taxonomy":"product_tag","embeddable":true,"href":"https:\/\/roveyayinevi.com.tr\/index.php\/wp-json\/wp\/v2\/product_tag?post=718909"}],"curies":[{"name":"wp","href":"https:\/\/api.w.org\/{rel}","templated":true}]}}