{"id":718905,"date":"2025-08-27T18:15:14","date_gmt":"2025-08-27T15:15:14","guid":{"rendered":"https:\/\/roveyayinevi.com.tr\/index.php\/urun\/kusursuz-piknik\/"},"modified":"2026-04-16T02:26:52","modified_gmt":"2026-04-15T23:26:52","slug":"kusursuz-piknik","status":"publish","type":"product","link":"https:\/\/roveyayinevi.com.tr\/index.php\/urun\/kusursuz-piknik\/","title":{"rendered":"Kusursuz Piknik"},"content":{"rendered":"<p>G\u00fcnlerden bir g\u00fcn Sincap ve K\u00f6stebek piknik yapmaya karar verdiler. O g\u00fcne dek g\u00f6r\u00fclm\u00fc\u015f en kusursuz piknik olmal\u0131yd\u0131 bu. En az\u0131ndan Sincap \u00f6yle istiyordu. Ama \u00e7ay\u0131r fazla g\u00fcne\u015fli, kumsal fazla kumlu ve dere de \u00e7ok ama \u00e7ok \u0131slakt\u0131. \u015eu Yaramaz Tav\u015fanlar \u2019\u0131n yetenekli yazar\u0131ndan, \u00e7e\u015fitli arkada\u015flar ve kay\u0131p sandvi\u00e7lerle ilgili \u00e7ok e\u011flenceli bir masal. <\/p>\n","protected":false},"excerpt":{"rendered":"<p>G\u00fcnlerden bir g\u00fcn Sincap ve K\u00f6stebek piknik yapmaya karar verdiler. O g\u00fcne dek g\u00f6r\u00fclm\u00fc\u015f en kusursuz piknik olmal\u0131yd\u0131 bu. En az\u0131ndan Sincap \u00f6yle istiyordu. Ama \u00e7ay\u0131r<span class=\"excerpt-hellip\"> [\u2026]<\/span><\/p>\n","protected":false},"featured_media":0,"template":"","meta":{"_monsterinsights_skip_tracking":false,"_monsterinsights_sitenote_active":false,"_monsterinsights_sitenote_note":"","_monsterinsights_sitenote_category":0},"product_brand":[],"product_cat":[12913,12274],"product_tag":[],"class_list":{"0":"post-718905","1":"product","2":"type-product","3":"status-publish","5":"product_cat-3-6-yas-kitaplari","6":"product_cat-cocuk-ve-genclik-kitaplari","7":"pa_cilt-ciltsiz","8":"pa_tur-kitap","9":"pa_yayinevi-is-bankasi-kultur-yayinlari","10":"pa_yazar-ciara-flood","12":"first","13":"instock","14":"sale","15":"shipping-taxable","16":"purchasable","17":"product-type-simple"},"_links":{"self":[{"href":"https:\/\/roveyayinevi.com.tr\/index.php\/wp-json\/wp\/v2\/product\/718905","targetHints":{"allow":["GET"]}}],"collection":[{"href":"https:\/\/roveyayinevi.com.tr\/index.php\/wp-json\/wp\/v2\/product"}],"about":[{"href":"https:\/\/roveyayinevi.com.tr\/index.php\/wp-json\/wp\/v2\/types\/product"}],"wp:attachment":[{"href":"https:\/\/roveyayinevi.com.tr\/index.php\/wp-json\/wp\/v2\/media?parent=718905"}],"wp:term":[{"taxonomy":"product_brand","embeddable":true,"href":"https:\/\/roveyayinevi.com.tr\/index.php\/wp-json\/wp\/v2\/product_brand?post=718905"},{"taxonomy":"product_cat","embeddable":true,"href":"https:\/\/roveyayinevi.com.tr\/index.php\/wp-json\/wp\/v2\/product_cat?post=718905"},{"taxonomy":"product_tag","embeddable":true,"href":"https:\/\/roveyayinevi.com.tr\/index.php\/wp-json\/wp\/v2\/product_tag?post=718905"}],"curies":[{"name":"wp","href":"https:\/\/api.w.org\/{rel}","templated":true}]}}