{"id":718902,"date":"2025-08-27T18:15:11","date_gmt":"2025-08-27T15:15:11","guid":{"rendered":"https:\/\/roveyayinevi.com.tr\/index.php\/urun\/japonya-ekonomisinin-gizli-gucu\/"},"modified":"2026-04-16T02:26:52","modified_gmt":"2026-04-15T23:26:52","slug":"japonya-ekonomisinin-gizli-gucu","status":"publish","type":"product","link":"https:\/\/roveyayinevi.com.tr\/index.php\/urun\/japonya-ekonomisinin-gizli-gucu\/","title":{"rendered":"Japonya Ekonomisinin Gizli G\u00fcc\u00fc"},"content":{"rendered":"<p>Geli\u015fmi\u015f ve geli\u015fmekte olan ekonomilerin b\u00fcy\u00fcmesi ve kalk\u0131nmas\u0131 i\u00e7in en \u00f6nemli mekanizmalardan biri, s\u00fcrd\u00fcr\u00fclebilir bir model olarak Kredi Garanti Fonlar\u0131d\u0131r. G\u00fcney Kore de Japonya da ekonomik kalk\u0131nmada Bat\u0131\u2019dan farkl\u0131 iki modeldir. Her iki modelin de temel dayana\u011f\u0131, ekonomik kalk\u0131nmada Kredi Garanti Sistemleri\u2019nin ge\u00e7mi\u015ften beri gelen, yayg\u0131n ve s\u00fcrd\u00fcr\u00fclebilir model olmalar\u0131d\u0131r. Japonya GSY\u0130H, ki\u015fi ba\u015f\u0131 milli geliri, d\u00fcnya toplam \u00fcretimindeki pay\u0131 ve ihracat\u0131 ile incelenmeye ve \u00f6rnek al\u0131nmaya de\u011fer bir \u00fclkedir. Bununla birlikte Japon Bankac\u0131l\u0131k Sistemi ve kredilendirme sistemi de ayr\u0131ca ara\u015ft\u0131rmalara konu olmal\u0131d\u0131r. Bu kitap; Japonya\u2019y\u0131 d\u00fcnyan\u0131n en b\u00fcy\u00fck \u00fc\u00e7\u00fcnc\u00fc ekonomisi yapan, kurumsalla\u015fm\u0131\u015f ekonomik sistemlerin bir par\u00e7as\u0131 olan Japon Kredi Garanti Sistemi\u2019ni incelemeyi ve \u00f6rnek modelin t\u00fcm bile\u015fenlerinin okuyucularla payla\u015f\u0131lmas\u0131n\u0131 hedeflemi\u015ftir. <\/p>\n","protected":false},"excerpt":{"rendered":"<p>Geli\u015fmi\u015f ve geli\u015fmekte olan ekonomilerin b\u00fcy\u00fcmesi ve kalk\u0131nmas\u0131 i\u00e7in en \u00f6nemli mekanizmalardan biri, s\u00fcrd\u00fcr\u00fclebilir bir model olarak Kredi Garanti Fonlar\u0131d\u0131r. G\u00fcney Kore de Japonya da ekonomik<span class=\"excerpt-hellip\"> [\u2026]<\/span><\/p>\n","protected":false},"featured_media":0,"template":"","meta":{"_monsterinsights_skip_tracking":false,"_monsterinsights_sitenote_active":false,"_monsterinsights_sitenote_note":"","_monsterinsights_sitenote_category":0},"product_brand":[],"product_cat":[13043,17647],"product_tag":[],"class_list":{"0":"post-718902","1":"product","2":"type-product","3":"status-publish","5":"product_cat-ekonomi","6":"product_cat-is-dunyasi","7":"pa_cilt-ciltsiz","8":"pa_tur-kitap","9":"pa_yayinevi-is-bankasi-kultur-yayinlari","10":"pa_yazar-ismet-gergerli","12":"first","13":"instock","14":"sale","15":"shipping-taxable","16":"purchasable","17":"product-type-simple"},"_links":{"self":[{"href":"https:\/\/roveyayinevi.com.tr\/index.php\/wp-json\/wp\/v2\/product\/718902","targetHints":{"allow":["GET"]}}],"collection":[{"href":"https:\/\/roveyayinevi.com.tr\/index.php\/wp-json\/wp\/v2\/product"}],"about":[{"href":"https:\/\/roveyayinevi.com.tr\/index.php\/wp-json\/wp\/v2\/types\/product"}],"wp:attachment":[{"href":"https:\/\/roveyayinevi.com.tr\/index.php\/wp-json\/wp\/v2\/media?parent=718902"}],"wp:term":[{"taxonomy":"product_brand","embeddable":true,"href":"https:\/\/roveyayinevi.com.tr\/index.php\/wp-json\/wp\/v2\/product_brand?post=718902"},{"taxonomy":"product_cat","embeddable":true,"href":"https:\/\/roveyayinevi.com.tr\/index.php\/wp-json\/wp\/v2\/product_cat?post=718902"},{"taxonomy":"product_tag","embeddable":true,"href":"https:\/\/roveyayinevi.com.tr\/index.php\/wp-json\/wp\/v2\/product_tag?post=718902"}],"curies":[{"name":"wp","href":"https:\/\/api.w.org\/{rel}","templated":true}]}}