{"id":718900,"date":"2025-08-27T18:15:10","date_gmt":"2025-08-27T15:15:10","guid":{"rendered":"https:\/\/roveyayinevi.com.tr\/index.php\/urun\/derin\/"},"modified":"2026-04-16T02:26:52","modified_gmt":"2026-04-15T23:26:52","slug":"derin","status":"publish","type":"product","link":"https:\/\/roveyayinevi.com.tr\/index.php\/urun\/derin\/","title":{"rendered":"Derin"},"content":{"rendered":"<p>Akl\u0131n\u0131 ve vicdan\u0131n\u0131 kaybeden bir ki\u015fi, s\u0131n\u0131rlar\u0131n\u0131 ne kadar zorlar?   Gizli ve karanl\u0131k bir ama\u00e7 u\u011fruna hamile b\u0131rak\u0131lan y\u00fczlerce kad\u0131n.Hepsinin hayat\u0131 korkun\u00e7 planlar\u0131n g\u00f6lgesinde t\u00fckeniyor.Bu kitap, o kad\u0131nlardan yaln\u0131zca birinin hik\u00e2yesi. Dokuz ay boyunca kendi hayat\u0131 ve bebe\u011fi i\u00e7in u\u011fra\u015fan, pes etmeyi akl\u0131ndan dahi ge\u00e7irmeden sava\u015fan bir kad\u0131n\u0131n hik\u00e2yesi. Yirmi ya\u015f\u0131ndaki Derin, hayalleri olan, hayat dolu bir gen\u00e7 k\u0131zd\u0131r. \u00dcniversite sebebiyle ailesiyle birlikte \u0130zmir\u2019den \u0130stanbul\u2019a ta\u015f\u0131n\u0131r. Bir g\u00fcn odas\u0131na gizlenmi\u015f bir g\u00fcnl\u00fck bulup okumaya ba\u015flar: Korkun\u00e7 \u015feyler ya\u015fayan bir kad\u0131n\u0131n g\u00fcnl\u00fc\u011f\u00fcd\u00fcr bu. Derin, g\u00fcnl\u00fckteki gizemi \u00e7\u00f6zmeye \u00e7al\u0131\u015f\u0131rken \u00f6yle bir \u015fey ya\u015far ki hayat\u0131 tepetaklak olur. \u00d6n\u00fcnde iki se\u00e7enek vard\u0131r: Ya kaderine boyun e\u011fecek ya da t\u00fcm cesaretini toplay\u0131p kendini bilinmez sulara atacakt\u0131r. <\/p>\n","protected":false},"excerpt":{"rendered":"<p>Akl\u0131n\u0131 ve vicdan\u0131n\u0131 kaybeden bir ki\u015fi, s\u0131n\u0131rlar\u0131n\u0131 ne kadar zorlar? Gizli ve karanl\u0131k bir ama\u00e7 u\u011fruna hamile b\u0131rak\u0131lan y\u00fczlerce kad\u0131n.Hepsinin hayat\u0131 korkun\u00e7 planlar\u0131n g\u00f6lgesinde t\u00fckeniyor.Bu kitap,<span class=\"excerpt-hellip\"> [\u2026]<\/span><\/p>\n","protected":false},"featured_media":0,"template":"","meta":{"_monsterinsights_skip_tracking":false,"_monsterinsights_sitenote_active":false,"_monsterinsights_sitenote_note":"","_monsterinsights_sitenote_category":0},"product_brand":[],"product_cat":[12291,17033],"product_tag":[],"class_list":{"0":"post-718900","1":"product","2":"type-product","3":"status-publish","5":"product_cat-edebiyat","6":"product_cat-korku-gerilim","7":"pa_cilt-ciltsiz","8":"pa_tur-kitap","9":"pa_yayinevi-epsilon-yayinlari","10":"pa_yazar-baris-ugar","12":"first","13":"instock","14":"sale","15":"shipping-taxable","16":"purchasable","17":"product-type-simple"},"_links":{"self":[{"href":"https:\/\/roveyayinevi.com.tr\/index.php\/wp-json\/wp\/v2\/product\/718900","targetHints":{"allow":["GET"]}}],"collection":[{"href":"https:\/\/roveyayinevi.com.tr\/index.php\/wp-json\/wp\/v2\/product"}],"about":[{"href":"https:\/\/roveyayinevi.com.tr\/index.php\/wp-json\/wp\/v2\/types\/product"}],"wp:attachment":[{"href":"https:\/\/roveyayinevi.com.tr\/index.php\/wp-json\/wp\/v2\/media?parent=718900"}],"wp:term":[{"taxonomy":"product_brand","embeddable":true,"href":"https:\/\/roveyayinevi.com.tr\/index.php\/wp-json\/wp\/v2\/product_brand?post=718900"},{"taxonomy":"product_cat","embeddable":true,"href":"https:\/\/roveyayinevi.com.tr\/index.php\/wp-json\/wp\/v2\/product_cat?post=718900"},{"taxonomy":"product_tag","embeddable":true,"href":"https:\/\/roveyayinevi.com.tr\/index.php\/wp-json\/wp\/v2\/product_tag?post=718900"}],"curies":[{"name":"wp","href":"https:\/\/api.w.org\/{rel}","templated":true}]}}