{"id":718899,"date":"2025-08-27T18:15:09","date_gmt":"2025-08-27T15:15:09","guid":{"rendered":"https:\/\/roveyayinevi.com.tr\/index.php\/urun\/mimarlikta-uslup-neden-durmadan-degisiyor\/"},"modified":"2026-04-16T02:26:52","modified_gmt":"2026-04-15T23:26:52","slug":"mimarlikta-uslup-neden-durmadan-degisiyor","status":"publish","type":"product","link":"https:\/\/roveyayinevi.com.tr\/index.php\/urun\/mimarlikta-uslup-neden-durmadan-degisiyor\/","title":{"rendered":"Mimarl\u0131kta \u00dcslup Neden Durmadan De\u011fi\u015fiyor?"},"content":{"rendered":"<p>\u201cMimarl\u0131kta \u00fcslubun durmadan de\u011fi\u015fme nedeni, bellek imgesinin keskinle\u015fmesiyle beraber ki\u015finin bi\u00e7imden ald\u0131\u011f\u0131 zevki etkileyen yorgunluktur.\u201d \u201cMimarlar ne yaratabilirse yarats\u0131nlar, hepsi de ad\u0131m ad\u0131m bitap d\u00fc\u015fen bi\u00e7im duyusunun kurban\u0131 olacak bir g\u00fcn!\u201d \u201cYa\u015fanan bir \u00fcslup de\u011fi\u015fikli\u011fi s\u0131ras\u0131nda bir s\u00fcreli\u011fine biraraya gelen eski ve yeni bi\u00e7imler sadece y\u00fczeysel olarak birbirlerine ba\u011fl\u0131 olurlar.\u201d<\/p>\n","protected":false},"excerpt":{"rendered":"<p>\u201cMimarl\u0131kta \u00fcslubun durmadan de\u011fi\u015fme nedeni, bellek imgesinin keskinle\u015fmesiyle beraber ki\u015finin bi\u00e7imden ald\u0131\u011f\u0131 zevki etkileyen yorgunluktur.\u201d \u201cMimarlar ne yaratabilirse yarats\u0131nlar, hepsi de ad\u0131m ad\u0131m bitap d\u00fc\u015fen bi\u00e7im<span class=\"excerpt-hellip\"> [\u2026]<\/span><\/p>\n","protected":false},"featured_media":0,"template":"","meta":{"_monsterinsights_skip_tracking":false,"_monsterinsights_sitenote_active":false,"_monsterinsights_sitenote_note":"","_monsterinsights_sitenote_category":0},"product_brand":[],"product_cat":[13512,12408],"product_tag":[],"class_list":{"0":"post-718899","1":"product","2":"type-product","3":"status-publish","5":"product_cat-mimarlik","6":"product_cat-sanat","7":"pa_cilt-ciltsiz","8":"pa_tur-kitap","9":"pa_yayinevi-janus","10":"pa_yazar-adolf-goller","12":"first","13":"instock","14":"sale","15":"shipping-taxable","16":"purchasable","17":"product-type-simple"},"_links":{"self":[{"href":"https:\/\/roveyayinevi.com.tr\/index.php\/wp-json\/wp\/v2\/product\/718899","targetHints":{"allow":["GET"]}}],"collection":[{"href":"https:\/\/roveyayinevi.com.tr\/index.php\/wp-json\/wp\/v2\/product"}],"about":[{"href":"https:\/\/roveyayinevi.com.tr\/index.php\/wp-json\/wp\/v2\/types\/product"}],"wp:attachment":[{"href":"https:\/\/roveyayinevi.com.tr\/index.php\/wp-json\/wp\/v2\/media?parent=718899"}],"wp:term":[{"taxonomy":"product_brand","embeddable":true,"href":"https:\/\/roveyayinevi.com.tr\/index.php\/wp-json\/wp\/v2\/product_brand?post=718899"},{"taxonomy":"product_cat","embeddable":true,"href":"https:\/\/roveyayinevi.com.tr\/index.php\/wp-json\/wp\/v2\/product_cat?post=718899"},{"taxonomy":"product_tag","embeddable":true,"href":"https:\/\/roveyayinevi.com.tr\/index.php\/wp-json\/wp\/v2\/product_tag?post=718899"}],"curies":[{"name":"wp","href":"https:\/\/api.w.org\/{rel}","templated":true}]}}