{"id":718890,"date":"2025-08-27T18:15:02","date_gmt":"2025-08-27T15:15:02","guid":{"rendered":"https:\/\/roveyayinevi.com.tr\/index.php\/urun\/post-modern-pre-moderni-opuyor-siyasal-islam\/"},"modified":"2026-04-16T02:26:52","modified_gmt":"2026-04-15T23:26:52","slug":"post-modern-pre-moderni-opuyor-siyasal-islam","status":"publish","type":"product","link":"https:\/\/roveyayinevi.com.tr\/index.php\/urun\/post-modern-pre-moderni-opuyor-siyasal-islam\/","title":{"rendered":"Post-Modern Pre-Modern\u2019i \u00d6p\u00fcyor: Siyasal \u0130slam"},"content":{"rendered":"<p>Kadir Cang\u0131zbay, Post-Modern Pre-modern\u2019i \u00d6p\u00fcyor kitab\u0131nda, siyasal \u0130slam\u2019dan laikli\u011fe; bilimin ne oldu\u011fundan ne olmad\u0131\u011f\u0131na; Ayd\u0131nlanma\u2019dan Cumhuriyete, t\u00fcm toplumu ve d\u00fcnyay\u0131 saran karanl\u0131\u011fa, pek \u00e7ok g\u00fcncel ve kal\u0131c\u0131 konuyu el al\u0131yor. Cang\u0131zbay\u2019\u0131n \u00e7izdi\u011fi \u00e7er\u00e7eve, insanl\u0131\u011f\u0131n \u00f6zg\u00fcrle\u015fme \u00e7abas\u0131 i\u00e7in ilk ad\u0131m olarak, karanl\u0131\u011f\u0131 te\u015fhis etme y\u00f6n\u00fcnde bir \u00e7aba olarak ortaya \u00e7\u0131k\u0131yor. &#8220;\u0130ster \u0130sl\u00e2m olsun, ister H\u0131ristiyanl\u0131k veya herhangi ba\u015fka bir din, referans\u0131 insan-\u00fcst\u00fc bir varl\u0131k, vaadi de hayat-\u00f6tesi bir d\u00fcnya olan her t\u00fcrl\u00fc ideoloji, insan\u0131 \u2018insanl\u0131\u011fa kar\u015f\u0131 su\u00e7\u2019 niteli\u011findeki caniliklere s\u00fcr\u00fckler, bu t\u00fcr canilikleri me\u015fr\u00fbla\u015ft\u0131rmaya y\u00f6nelik en elveri\u015fli d\u00fc\u015f\u00fcnsel zemini ve doktrinsel dayana\u011f\u0131 olu\u015fturur.&#8221; \u201c\u00c2miy\u00e2ne tabiriyle \u2018allahs\u0131z\u2019 neo-liberalizmin en elveri\u015fli aletleri, Allah\u2019\u0131 \u2018\u00f6b\u00fcr d\u00fcnya\u2019ya s\u00fcrg\u00fcn eden siyasal \u0130sl\u00e2mc\u0131lar olacakt\u0131r: \u0130nsan-\u00fcst\u00fc bir referansa dayanarak biz insanlar \u00fczerinde tahakk\u00fcm kurma pe\u015findeki \u2018can\u2019 d\u00fc\u015fman\u0131 yarat\u0131klar kar\u015f\u0131s\u0131nda yapmam\u0131z gereken, \u2018inanmak\u2019\u0131n insan\u0131n \u2018bilgi \u00f6znesi\u2019 olmaktan vazge\u00e7mesine tekab\u00fcl eden bir z\u00fcl oldu\u011funu hayk\u0131rmak olmal\u0131d\u0131r.\u201d <\/p>\n","protected":false},"excerpt":{"rendered":"<p>Kadir Cang\u0131zbay, Post-Modern Pre-modern\u2019i \u00d6p\u00fcyor kitab\u0131nda, siyasal \u0130slam\u2019dan laikli\u011fe; bilimin ne oldu\u011fundan ne olmad\u0131\u011f\u0131na; Ayd\u0131nlanma\u2019dan Cumhuriyete, t\u00fcm toplumu ve d\u00fcnyay\u0131 saran karanl\u0131\u011fa, pek \u00e7ok g\u00fcncel ve<span class=\"excerpt-hellip\"> [\u2026]<\/span><\/p>\n","protected":false},"featured_media":0,"template":"","meta":{"_monsterinsights_skip_tracking":false,"_monsterinsights_sitenote_active":false,"_monsterinsights_sitenote_note":"","_monsterinsights_sitenote_category":0},"product_brand":[],"product_cat":[12337,14706],"product_tag":[],"class_list":{"0":"post-718890","1":"product","2":"type-product","3":"status-publish","5":"product_cat-politika-siyaset","6":"product_cat-siyaset-bilimi","7":"pa_cilt-ciltsiz","8":"pa_tur-kitap","9":"pa_yayinevi-nika-yayinevi","10":"pa_yazar-kadir-cangizbay","12":"first","13":"instock","14":"sale","15":"shipping-taxable","16":"purchasable","17":"product-type-simple"},"_links":{"self":[{"href":"https:\/\/roveyayinevi.com.tr\/index.php\/wp-json\/wp\/v2\/product\/718890","targetHints":{"allow":["GET"]}}],"collection":[{"href":"https:\/\/roveyayinevi.com.tr\/index.php\/wp-json\/wp\/v2\/product"}],"about":[{"href":"https:\/\/roveyayinevi.com.tr\/index.php\/wp-json\/wp\/v2\/types\/product"}],"wp:attachment":[{"href":"https:\/\/roveyayinevi.com.tr\/index.php\/wp-json\/wp\/v2\/media?parent=718890"}],"wp:term":[{"taxonomy":"product_brand","embeddable":true,"href":"https:\/\/roveyayinevi.com.tr\/index.php\/wp-json\/wp\/v2\/product_brand?post=718890"},{"taxonomy":"product_cat","embeddable":true,"href":"https:\/\/roveyayinevi.com.tr\/index.php\/wp-json\/wp\/v2\/product_cat?post=718890"},{"taxonomy":"product_tag","embeddable":true,"href":"https:\/\/roveyayinevi.com.tr\/index.php\/wp-json\/wp\/v2\/product_tag?post=718890"}],"curies":[{"name":"wp","href":"https:\/\/api.w.org\/{rel}","templated":true}]}}