{"id":718888,"date":"2025-08-27T18:15:01","date_gmt":"2025-08-27T15:15:01","guid":{"rendered":"https:\/\/roveyayinevi.com.tr\/index.php\/urun\/dunya-ve-evren\/"},"modified":"2025-10-30T12:13:53","modified_gmt":"2025-10-30T09:13:53","slug":"dunya-ve-evren","status":"publish","type":"product","link":"https:\/\/roveyayinevi.com.tr\/index.php\/urun\/dunya-ve-evren\/","title":{"rendered":"D\u00fcnya ve Evren"},"content":{"rendered":"<p>D\u00fcnya\u2019n\u0131n \u00fcst\u00fcnde nas\u0131l duruyoruz?   D\u00fcnya\u2019da neden farkl\u0131 iklimler var?   I\u015f\u0131k y\u0131l\u0131 nedir?   Evren nas\u0131l olu\u015ftu?   D\u00fcnya ve Evren hakk\u0131nda akl\u0131n\u0131za gelen t\u00fcm sorular\u0131n cevaplar\u0131n\u0131 Larousse \u0130lk Bilgi Hazinesi D\u00fcnya ve Evren kitab\u0131nda bulacaks\u0131n\u0131z.   Ayr\u0131nt\u0131l\u0131 \u00e7izimler ve renkli resimlerle D\u00fcnya ve Evren hakk\u0131nda en ilgin\u00e7 ve en temel bilgiler hazinesi&#8230; D\u00fcnya\u2019y\u0131 ve Evren\u2019i ke\u015ffediyoruz\u2026<\/p>\n","protected":false},"excerpt":{"rendered":"<p>D\u00fcnya\u2019n\u0131n \u00fcst\u00fcnde nas\u0131l duruyoruz? D\u00fcnya\u2019da neden farkl\u0131 iklimler var? I\u015f\u0131k y\u0131l\u0131 nedir? Evren nas\u0131l olu\u015ftu? D\u00fcnya ve Evren hakk\u0131nda akl\u0131n\u0131za gelen t\u00fcm sorular\u0131n cevaplar\u0131n\u0131 Larousse \u0130lk<span class=\"excerpt-hellip\"> [\u2026]<\/span><\/p>\n","protected":false},"featured_media":0,"template":"","meta":{"_monsterinsights_skip_tracking":false,"_monsterinsights_sitenote_active":false,"_monsterinsights_sitenote_note":"","_monsterinsights_sitenote_category":0},"product_brand":[],"product_cat":[12274,12284],"product_tag":[],"class_list":{"0":"post-718888","1":"product","2":"type-product","3":"status-publish","5":"product_cat-cocuk-ve-genclik-kitaplari","6":"product_cat-hikayeler","7":"pa_cilt-ciltsiz","8":"pa_tur-kitap","9":"pa_yayinevi-almidilli","10":"pa_yazar-kolektif","12":"first","13":"instock","14":"sale","15":"shipping-taxable","16":"purchasable","17":"product-type-simple"},"_links":{"self":[{"href":"https:\/\/roveyayinevi.com.tr\/index.php\/wp-json\/wp\/v2\/product\/718888","targetHints":{"allow":["GET"]}}],"collection":[{"href":"https:\/\/roveyayinevi.com.tr\/index.php\/wp-json\/wp\/v2\/product"}],"about":[{"href":"https:\/\/roveyayinevi.com.tr\/index.php\/wp-json\/wp\/v2\/types\/product"}],"wp:attachment":[{"href":"https:\/\/roveyayinevi.com.tr\/index.php\/wp-json\/wp\/v2\/media?parent=718888"}],"wp:term":[{"taxonomy":"product_brand","embeddable":true,"href":"https:\/\/roveyayinevi.com.tr\/index.php\/wp-json\/wp\/v2\/product_brand?post=718888"},{"taxonomy":"product_cat","embeddable":true,"href":"https:\/\/roveyayinevi.com.tr\/index.php\/wp-json\/wp\/v2\/product_cat?post=718888"},{"taxonomy":"product_tag","embeddable":true,"href":"https:\/\/roveyayinevi.com.tr\/index.php\/wp-json\/wp\/v2\/product_tag?post=718888"}],"curies":[{"name":"wp","href":"https:\/\/api.w.org\/{rel}","templated":true}]}}