{"id":718885,"date":"2025-08-27T18:14:59","date_gmt":"2025-08-27T15:14:59","guid":{"rendered":"https:\/\/roveyayinevi.com.tr\/index.php\/urun\/dinozorlar-ve-hayvanlar\/"},"modified":"2026-04-16T02:26:52","modified_gmt":"2026-04-15T23:26:52","slug":"dinozorlar-ve-hayvanlar","status":"publish","type":"product","link":"https:\/\/roveyayinevi.com.tr\/index.php\/urun\/dinozorlar-ve-hayvanlar\/","title":{"rendered":"Dinozorlar ve Hayvanlar"},"content":{"rendered":"<p>Dinozorlar ka\u00e7 y\u0131l ya\u015fad\u0131?   Dinozorlar nas\u0131l yok oldu?   \u015eempanzeler muz yapra\u011f\u0131ndan bardak yapar m\u0131?   Aslanlar g\u00fcnde ka\u00e7 saat uyur?   Dinozorlar ve hayvanlar hakk\u0131nda akl\u0131n\u0131za gelen t\u00fcm sorular\u0131n cevaplar\u0131n\u0131 Larousse \u0130lk Bilgi Hazinesi Dinozorlar ve Hayvanlar kitab\u0131nda bulacaks\u0131n\u0131z.   Ayr\u0131nt\u0131l\u0131 \u00e7izimler ve renkli resimlerle dinozorlar ve hayvanlar hakk\u0131nda en ilgin\u00e7 ve en temel bilgiler hazinesi&#8230; Dinozorlar ve hayvanlar d\u00fcnyas\u0131n\u0131 ke\u015ffediyoruz\u2026<\/p>\n","protected":false},"excerpt":{"rendered":"<p>Dinozorlar ka\u00e7 y\u0131l ya\u015fad\u0131? Dinozorlar nas\u0131l yok oldu? \u015eempanzeler muz yapra\u011f\u0131ndan bardak yapar m\u0131? Aslanlar g\u00fcnde ka\u00e7 saat uyur? Dinozorlar ve hayvanlar hakk\u0131nda akl\u0131n\u0131za gelen t\u00fcm<span class=\"excerpt-hellip\"> [\u2026]<\/span><\/p>\n","protected":false},"featured_media":0,"template":"","meta":{"_monsterinsights_skip_tracking":false,"_monsterinsights_sitenote_active":false,"_monsterinsights_sitenote_note":"","_monsterinsights_sitenote_category":0},"product_brand":[],"product_cat":[12274,12284],"product_tag":[],"class_list":{"0":"post-718885","1":"product","2":"type-product","3":"status-publish","5":"product_cat-cocuk-ve-genclik-kitaplari","6":"product_cat-hikayeler","7":"pa_cilt-ciltsiz","8":"pa_tur-kitap","9":"pa_yayinevi-almidilli","10":"pa_yazar-benoit-delalandre-florence-guichard","12":"first","13":"instock","14":"sale","15":"shipping-taxable","16":"purchasable","17":"product-type-simple"},"_links":{"self":[{"href":"https:\/\/roveyayinevi.com.tr\/index.php\/wp-json\/wp\/v2\/product\/718885","targetHints":{"allow":["GET"]}}],"collection":[{"href":"https:\/\/roveyayinevi.com.tr\/index.php\/wp-json\/wp\/v2\/product"}],"about":[{"href":"https:\/\/roveyayinevi.com.tr\/index.php\/wp-json\/wp\/v2\/types\/product"}],"wp:attachment":[{"href":"https:\/\/roveyayinevi.com.tr\/index.php\/wp-json\/wp\/v2\/media?parent=718885"}],"wp:term":[{"taxonomy":"product_brand","embeddable":true,"href":"https:\/\/roveyayinevi.com.tr\/index.php\/wp-json\/wp\/v2\/product_brand?post=718885"},{"taxonomy":"product_cat","embeddable":true,"href":"https:\/\/roveyayinevi.com.tr\/index.php\/wp-json\/wp\/v2\/product_cat?post=718885"},{"taxonomy":"product_tag","embeddable":true,"href":"https:\/\/roveyayinevi.com.tr\/index.php\/wp-json\/wp\/v2\/product_tag?post=718885"}],"curies":[{"name":"wp","href":"https:\/\/api.w.org\/{rel}","templated":true}]}}