{"id":718879,"date":"2025-08-27T18:14:54","date_gmt":"2025-08-27T15:14:54","guid":{"rendered":"https:\/\/roveyayinevi.com.tr\/index.php\/urun\/katip-bartleby-cep-boy\/"},"modified":"2026-04-16T02:26:52","modified_gmt":"2026-04-15T23:26:52","slug":"katip-bartleby-cep-boy","status":"publish","type":"product","link":"https:\/\/roveyayinevi.com.tr\/index.php\/urun\/katip-bartleby-cep-boy\/","title":{"rendered":"Katip Bartleby (Cep Boy)"},"content":{"rendered":"<p>\u201cYapmamay\u0131 tercih ederim.\u201d Bu c\u00fcmle, 19. y\u00fczy\u0131l New York\u2019unda Wall Street\u2019te, bir hukuk b\u00fcrosunda i\u015fe ba\u015flayan gen\u00e7 ve azimli Bartleby\u2019nin hayat mottosudur. Bartleby her i\u015fini eksiksiz yapan s\u0131ra d\u0131\u015f\u0131 bir k\u00e2tiptir. Ancak ya\u015fananlar ve insanlar\u0131n ne d\u00fc\u015f\u00fcnd\u00fc\u011f\u00fcne ald\u0131rmaks\u0131z\u0131n ba\u015flatt\u0131\u011f\u0131 pasif direni\u015f bu c\u00fcmleyle ta\u00e7lan\u0131r. Bu kay\u0131ts\u0131zl\u0131kla nas\u0131l ba\u015fa \u00e7\u0131kaca\u011f\u0131n\u0131 d\u00fc\u015f\u00fcnen patronu hik\u00e2ye ilerledik\u00e7e onun tercihlerinin nedenlerini de anlayacakt\u0131r. \u201cMoby Dick\u201din yazar\u0131 Herman Melville taraf\u0131ndan kaleme al\u0131nm\u0131\u015f abs\u00fcrd edebiyat\u0131n \u00f6nc\u00fcs\u00fc ve ayn\u0131 zamanda Amerikan edebiyat\u0131n\u0131n k\u00fclt eserlerinden biri olan bu uzun \u00f6yk\u00fc Kafka\u2019dan Camus\u2019ye kadar pek \u00e7ok yazara ilham vermi\u015f, pek \u00e7ok d\u00fc\u015f\u00fcn\u00fcr\u00fcn okumalar\u0131na konu olmu\u015ftur. K\u00c2T\u0130P BARTLEBY, yay\u0131mland\u0131\u011f\u0131 1853 y\u0131l\u0131ndan beri bug\u00fcn h\u00e2l\u00e2 toplum kurallar\u0131 ve kapitalizmin \u00e7arklar\u0131 aras\u0131nda s\u0131k\u0131\u015fan insanl\u0131\u011fa ve \u00e7a\u011f\u0131m\u0131za seslenmeye devam ediyor. <\/p>\n","protected":false},"excerpt":{"rendered":"<p>\u201cYapmamay\u0131 tercih ederim.\u201d Bu c\u00fcmle, 19. y\u00fczy\u0131l New York\u2019unda Wall Street\u2019te, bir hukuk b\u00fcrosunda i\u015fe ba\u015flayan gen\u00e7 ve azimli Bartleby\u2019nin hayat mottosudur. Bartleby her i\u015fini eksiksiz<span class=\"excerpt-hellip\"> [\u2026]<\/span><\/p>\n","protected":false},"featured_media":0,"template":"","meta":{"_monsterinsights_skip_tracking":false,"_monsterinsights_sitenote_active":false,"_monsterinsights_sitenote_note":"","_monsterinsights_sitenote_category":0},"product_brand":[],"product_cat":[12291,12711],"product_tag":[],"class_list":{"0":"post-718879","1":"product","2":"type-product","3":"status-publish","5":"product_cat-edebiyat","6":"product_cat-roman-oyku","7":"pa_cilt-ciltsiz","8":"pa_tur-kitap","9":"pa_yayinevi-destek-yayinlari","10":"pa_yazar-herman-melville","12":"first","13":"instock","14":"sale","15":"shipping-taxable","16":"purchasable","17":"product-type-simple"},"_links":{"self":[{"href":"https:\/\/roveyayinevi.com.tr\/index.php\/wp-json\/wp\/v2\/product\/718879","targetHints":{"allow":["GET"]}}],"collection":[{"href":"https:\/\/roveyayinevi.com.tr\/index.php\/wp-json\/wp\/v2\/product"}],"about":[{"href":"https:\/\/roveyayinevi.com.tr\/index.php\/wp-json\/wp\/v2\/types\/product"}],"wp:attachment":[{"href":"https:\/\/roveyayinevi.com.tr\/index.php\/wp-json\/wp\/v2\/media?parent=718879"}],"wp:term":[{"taxonomy":"product_brand","embeddable":true,"href":"https:\/\/roveyayinevi.com.tr\/index.php\/wp-json\/wp\/v2\/product_brand?post=718879"},{"taxonomy":"product_cat","embeddable":true,"href":"https:\/\/roveyayinevi.com.tr\/index.php\/wp-json\/wp\/v2\/product_cat?post=718879"},{"taxonomy":"product_tag","embeddable":true,"href":"https:\/\/roveyayinevi.com.tr\/index.php\/wp-json\/wp\/v2\/product_tag?post=718879"}],"curies":[{"name":"wp","href":"https:\/\/api.w.org\/{rel}","templated":true}]}}