{"id":718878,"date":"2025-08-27T18:14:53","date_gmt":"2025-08-27T15:14:53","guid":{"rendered":"https:\/\/roveyayinevi.com.tr\/index.php\/urun\/efe-basvekil\/"},"modified":"2026-04-16T02:26:52","modified_gmt":"2026-04-15T23:26:52","slug":"efe-basvekil","status":"publish","type":"product","link":"https:\/\/roveyayinevi.com.tr\/index.php\/urun\/efe-basvekil\/","title":{"rendered":"Efe Ba\u015fvekil"},"content":{"rendered":"<p>Milli M\u00fccadele s\u0131ras\u0131nda elde t\u00fcfek da\u011flarda \u00e7arp\u0131\u015fm\u0131\u015f bir g\u00f6n\u00fcll\u00fc&#8230;   T\u00fcrkiye\u2019nin II. D\u00fcnya Sava\u015f\u0131\u2019na girmemesi i\u00e7in \u00e7abalam\u0131\u015f bir hariciyeci&#8230;   \u00c7\u0131kard\u0131\u011f\u0131 Varl\u0131k Vergisi\u2019ni \u00f6demeyen kende \u00f6\u011fretmenini bile A\u015fkale\u2019e s\u00fcrmekten \u00e7ekinmeyen sert bir devlet adam\u0131&#8230;   Irk\u00e7\u0131-Turanc\u0131 bilinmesine kar\u015f\u0131n K\u00f6y Enstit\u00fcleri\u2019ni ve toprak reformunu savunan bir ba\u015fbakan&#8230;   Ve koyu Fenerbah\u00e7eli olmas\u0131na kar\u015f\u0131n k\u0131z\u0131n\u0131 ezeli rakip Galatasaray\u2019\u0131n y\u00fczme tak\u0131m\u0131na yazd\u0131rmaktan geri durmayan bir sporsever&#8230;   T\u00fcm y\u00f6nleriyle \u015e\u00fckr\u00fc Sara\u00e7o\u011flu ve ya\u015fam\u00f6yk\u00fcs\u00fc&#8230; <\/p>\n","protected":false},"excerpt":{"rendered":"<p>Milli M\u00fccadele s\u0131ras\u0131nda elde t\u00fcfek da\u011flarda \u00e7arp\u0131\u015fm\u0131\u015f bir g\u00f6n\u00fcll\u00fc&#8230; T\u00fcrkiye\u2019nin II. D\u00fcnya Sava\u015f\u0131\u2019na girmemesi i\u00e7in \u00e7abalam\u0131\u015f bir hariciyeci&#8230; \u00c7\u0131kard\u0131\u011f\u0131 Varl\u0131k Vergisi\u2019ni \u00f6demeyen kende \u00f6\u011fretmenini bile A\u015fkale\u2019e<span class=\"excerpt-hellip\"> [\u2026]<\/span><\/p>\n","protected":false},"featured_media":0,"template":"","meta":{"_monsterinsights_skip_tracking":false,"_monsterinsights_sitenote_active":false,"_monsterinsights_sitenote_note":"","_monsterinsights_sitenote_category":0},"product_brand":[],"product_cat":[12291,30969],"product_tag":[],"class_list":{"0":"post-718878","1":"product","2":"type-product","3":"status-publish","5":"product_cat-edebiyat","6":"product_cat-soylesi-edebiyat","7":"pa_cilt-ciltsiz","8":"pa_tur-kitap","9":"pa_yayinevi-asi-kitap","10":"pa_yazar-gurkan-hacir","12":"first","13":"instock","14":"sale","15":"shipping-taxable","16":"purchasable","17":"product-type-simple"},"_links":{"self":[{"href":"https:\/\/roveyayinevi.com.tr\/index.php\/wp-json\/wp\/v2\/product\/718878","targetHints":{"allow":["GET"]}}],"collection":[{"href":"https:\/\/roveyayinevi.com.tr\/index.php\/wp-json\/wp\/v2\/product"}],"about":[{"href":"https:\/\/roveyayinevi.com.tr\/index.php\/wp-json\/wp\/v2\/types\/product"}],"wp:attachment":[{"href":"https:\/\/roveyayinevi.com.tr\/index.php\/wp-json\/wp\/v2\/media?parent=718878"}],"wp:term":[{"taxonomy":"product_brand","embeddable":true,"href":"https:\/\/roveyayinevi.com.tr\/index.php\/wp-json\/wp\/v2\/product_brand?post=718878"},{"taxonomy":"product_cat","embeddable":true,"href":"https:\/\/roveyayinevi.com.tr\/index.php\/wp-json\/wp\/v2\/product_cat?post=718878"},{"taxonomy":"product_tag","embeddable":true,"href":"https:\/\/roveyayinevi.com.tr\/index.php\/wp-json\/wp\/v2\/product_tag?post=718878"}],"curies":[{"name":"wp","href":"https:\/\/api.w.org\/{rel}","templated":true}]}}