{"id":718877,"date":"2025-08-27T18:14:52","date_gmt":"2025-08-27T15:14:52","guid":{"rendered":"https:\/\/roveyayinevi.com.tr\/index.php\/urun\/sen-ben-ve-yildizlar-ciltli\/"},"modified":"2026-04-16T02:26:52","modified_gmt":"2026-04-15T23:26:52","slug":"sen-ben-ve-yildizlar-ciltli","status":"publish","type":"product","link":"https:\/\/roveyayinevi.com.tr\/index.php\/urun\/sen-ben-ve-yildizlar-ciltli\/","title":{"rendered":"Sen, Ben ve Y\u0131ld\u0131zlar (Ciltli)"},"content":{"rendered":"<p>Ortado\u011fu ve ABD, n\u00fckleer bir sava\u015f sonucunda yery\u00fcz\u00fcnden tamamen silinmi\u015fti. Art\u0131k egemen g\u00fc\u00e7, bireyselli\u011fin \u00f6n planda oldu\u011fu ve herkesin \u00fc\u00e7 y\u0131lda bir d\u00fcnyan\u0131n farkl\u0131 bir k\u00f6\u015fesine ta\u015f\u0131nmas\u0131n\u0131 gerektiren Avrutopya\u2019yd\u0131. Kat\u0131 kurallarla korunan \u00fctopyan\u0131n en ate\u015fli savunucular\u0131ndan olan Max, Carys\u2019e ilk g\u00f6r\u00fc\u015fte \u00e2\u015f\u0131k oldu. Fakat bu yeni d\u00fcnyada gen\u00e7 \u00e2\u015f\u0131klara yer yoktu, beraber olmak i\u00e7in tek \u015fanslar\u0131 y\u0131ld\u0131zlara ula\u015fmakt\u0131.   Ve sonra her \u015fey tepetaklak oldu. Uzay\u0131n karanl\u0131k bo\u015flu\u011funa hapsolmu\u015f Carys ve Max\u2019in sadece doksan dakikalar\u0131 vard\u0131. Ka\u00e7\u0131n\u0131lmaz sona do\u011fru ilerlerken, ge\u00e7mi\u015flerini ve arkalar\u0131nda b\u0131rakt\u0131klar\u0131n\u0131 d\u00fc\u015f\u00fcnmeden edemiyorlard\u0131. Kendilerini bir t\u00fcrl\u00fc evlerine ait hissedemeseler de birbirlerinden vazge\u00e7meye niyetleri yoktu. Oksijenleri t\u00fckenmenin e\u015fi\u011fine geldi\u011finde, s\u0131nanan sadece a\u015fklar\u0131 olmayacakt\u0131.   \u201cDavid Nicholls\u2019\u0131n Bir G\u00fcn kitab\u0131 yeniden do\u011fuyor.\u201d Style   \u201cF\u00fct\u00fcristik bir ilk a\u015fk.\u201d Coleen Oakley, Benden Sonra\u2019n\u0131n yazar\u0131   \u201cHeyecandan yerinizde duramayacaks\u0131n\u0131z.\u201d British Vogue <\/p>\n","protected":false},"excerpt":{"rendered":"<p>Ortado\u011fu ve ABD, n\u00fckleer bir sava\u015f sonucunda yery\u00fcz\u00fcnden tamamen silinmi\u015fti. Art\u0131k egemen g\u00fc\u00e7, bireyselli\u011fin \u00f6n planda oldu\u011fu ve herkesin \u00fc\u00e7 y\u0131lda bir d\u00fcnyan\u0131n farkl\u0131 bir k\u00f6\u015fesine<span class=\"excerpt-hellip\"> [\u2026]<\/span><\/p>\n","protected":false},"featured_media":0,"template":"","meta":{"_monsterinsights_skip_tracking":false,"_monsterinsights_sitenote_active":false,"_monsterinsights_sitenote_note":"","_monsterinsights_sitenote_category":0},"product_brand":[],"product_cat":[12540,12291],"product_tag":[],"class_list":{"0":"post-718877","1":"product","2":"type-product","3":"status-publish","5":"product_cat-bilim-kurgu","6":"product_cat-edebiyat","7":"pa_cilt-ciltli","8":"pa_tur-kitap","9":"pa_yayinevi-yabanci-yayinevi","10":"pa_yazar-katie-khan","12":"first","13":"instock","14":"sale","15":"shipping-taxable","16":"purchasable","17":"product-type-simple"},"_links":{"self":[{"href":"https:\/\/roveyayinevi.com.tr\/index.php\/wp-json\/wp\/v2\/product\/718877","targetHints":{"allow":["GET"]}}],"collection":[{"href":"https:\/\/roveyayinevi.com.tr\/index.php\/wp-json\/wp\/v2\/product"}],"about":[{"href":"https:\/\/roveyayinevi.com.tr\/index.php\/wp-json\/wp\/v2\/types\/product"}],"wp:attachment":[{"href":"https:\/\/roveyayinevi.com.tr\/index.php\/wp-json\/wp\/v2\/media?parent=718877"}],"wp:term":[{"taxonomy":"product_brand","embeddable":true,"href":"https:\/\/roveyayinevi.com.tr\/index.php\/wp-json\/wp\/v2\/product_brand?post=718877"},{"taxonomy":"product_cat","embeddable":true,"href":"https:\/\/roveyayinevi.com.tr\/index.php\/wp-json\/wp\/v2\/product_cat?post=718877"},{"taxonomy":"product_tag","embeddable":true,"href":"https:\/\/roveyayinevi.com.tr\/index.php\/wp-json\/wp\/v2\/product_tag?post=718877"}],"curies":[{"name":"wp","href":"https:\/\/api.w.org\/{rel}","templated":true}]}}