{"id":718876,"date":"2025-08-27T18:14:51","date_gmt":"2025-08-27T15:14:51","guid":{"rendered":"https:\/\/roveyayinevi.com.tr\/index.php\/urun\/holistik-mutluluk\/"},"modified":"2026-04-08T02:34:10","modified_gmt":"2026-04-07T23:34:10","slug":"holistik-mutluluk","status":"publish","type":"product","link":"https:\/\/roveyayinevi.com.tr\/index.php\/urun\/holistik-mutluluk\/","title":{"rendered":"Holistik Mutluluk"},"content":{"rendered":"<p>\u201cBu hayatta her \u015feyin nedenini anlamak zorunda de\u011filsiniz. Hatta bir\u00e7ok \u015feyin nedenini anlayamayacaks\u0131n\u0131z. \u0130nsanlar sizi nedensiz incitecek. Esenli\u011finizi ko\u015fullara ba\u011flamak kumar oynamakt\u0131r. Ama hayat\u0131n\u0131z\u0131n sorumlulu\u011funu almak mutlak mutluluktur.   Ko\u015fullar\u0131 yaln\u0131zca korkaklar ve kurbanlar su\u00e7lar! Hayat\u0131n\u0131n sorumlusu sensin! Mutlu de\u011filsen, hayat\u0131n\u0131n sorumlulu\u011funu al ve istedi\u011fin gibi de\u011fi\u015ftir onu. Hayata geli\u015f amac\u0131n bu \u00e7\u00fcnk\u00fc! Ger\u00e7ekle\u015ftir bunu\u2026\u201d <\/p>\n","protected":false},"excerpt":{"rendered":"<p>\u201cBu hayatta her \u015feyin nedenini anlamak zorunda de\u011filsiniz. Hatta bir\u00e7ok \u015feyin nedenini anlayamayacaks\u0131n\u0131z. \u0130nsanlar sizi nedensiz incitecek. Esenli\u011finizi ko\u015fullara ba\u011flamak kumar oynamakt\u0131r. Ama hayat\u0131n\u0131z\u0131n sorumlulu\u011funu almak<span class=\"excerpt-hellip\"> [\u2026]<\/span><\/p>\n","protected":false},"featured_media":0,"template":"","meta":{"_monsterinsights_skip_tracking":false,"_monsterinsights_sitenote_active":false,"_monsterinsights_sitenote_note":"","_monsterinsights_sitenote_category":0},"product_brand":[],"product_cat":[12364,12376],"product_tag":[],"class_list":{"0":"post-718876","1":"product","2":"type-product","3":"status-publish","5":"product_cat-genel-konular","6":"product_cat-kisisel-gelisim","7":"pa_cilt-ciltsiz","8":"pa_tur-kitap","9":"pa_yayinevi-muptela-yayinevi","10":"pa_yazar-mutebar-yilmazcan","12":"first","13":"instock","14":"sale","15":"shipping-taxable","16":"purchasable","17":"product-type-simple"},"_links":{"self":[{"href":"https:\/\/roveyayinevi.com.tr\/index.php\/wp-json\/wp\/v2\/product\/718876","targetHints":{"allow":["GET"]}}],"collection":[{"href":"https:\/\/roveyayinevi.com.tr\/index.php\/wp-json\/wp\/v2\/product"}],"about":[{"href":"https:\/\/roveyayinevi.com.tr\/index.php\/wp-json\/wp\/v2\/types\/product"}],"wp:attachment":[{"href":"https:\/\/roveyayinevi.com.tr\/index.php\/wp-json\/wp\/v2\/media?parent=718876"}],"wp:term":[{"taxonomy":"product_brand","embeddable":true,"href":"https:\/\/roveyayinevi.com.tr\/index.php\/wp-json\/wp\/v2\/product_brand?post=718876"},{"taxonomy":"product_cat","embeddable":true,"href":"https:\/\/roveyayinevi.com.tr\/index.php\/wp-json\/wp\/v2\/product_cat?post=718876"},{"taxonomy":"product_tag","embeddable":true,"href":"https:\/\/roveyayinevi.com.tr\/index.php\/wp-json\/wp\/v2\/product_tag?post=718876"}],"curies":[{"name":"wp","href":"https:\/\/api.w.org\/{rel}","templated":true}]}}