{"id":718875,"date":"2025-08-27T18:14:51","date_gmt":"2025-08-27T15:14:51","guid":{"rendered":"https:\/\/roveyayinevi.com.tr\/index.php\/urun\/815-vapuru\/"},"modified":"2026-04-16T02:26:51","modified_gmt":"2026-04-15T23:26:51","slug":"815-vapuru","status":"publish","type":"product","link":"https:\/\/roveyayinevi.com.tr\/index.php\/urun\/815-vapuru\/","title":{"rendered":"8:15 Vapuru"},"content":{"rendered":"<p>Bana do\u011fru biraz daha e\u011fildi. Bunun \u00fczerine ben de kendimi iyice geriye do\u011fru \u00e7ektim. Sanki bizimle y\u0131llard\u0131r tan\u0131\u015f\u0131yormu\u015f gibi daha bu sabah Ye\u015fim\u2019le konu\u015ftu\u011fumuz soruyu sordu.   \u201cEvet k\u0131zlar, s\u00f6yleyin bakal\u0131m, bana neden bak\u0131yorsunuz?\u201d Nazl\u0131 arkada\u015f\u0131na yard\u0131m etmek i\u00e7in onun kula\u011fa biraz s\u0131rad\u0131\u015f\u0131 gelen iste\u011fini g\u00f6n\u00fcls\u00fcz de olsa kabul etti\u011finde hayat\u0131n\u0131n de\u011fi\u015fece\u011fini hi\u00e7 d\u00fc\u015f\u00fcnmemi\u015fti. Sadece bir hafta diye anla\u015ft\u0131\u011f\u0131 arkada\u015f\u0131na verdi\u011fi s\u00f6z\u00fc tutabilmek i\u00e7in 8:15 vapurunda bir adam\u0131 g\u00f6zetlemek ne kadar zor olabilirdi ki? Ali, y\u0131llarca seyahat etti\u011fi 8:15 vapurunda iki k\u0131z\u0131n s\u00fcrekli kendine bakmas\u0131 \u00fczerine ilk ba\u015flarda rahats\u0131z olsa da bir s\u00fcre sonra g\u00f6zleri onlar\u0131 arar olmu\u015ftu. Onlarla konu\u015fmaya karar verdi\u011finde hayat\u0131n\u0131n k\u00f6k\u00fcnden de\u011fi\u015febilece\u011fini nereden bilecekti? Ali, Karadeniz\u2019in dalgalar\u0131 gibi de\u011fi\u015fken, deli ve bir o kadar da h\u0131r\u00e7\u0131nd\u0131. Nazl\u0131 ise Ege\u2019nin sakinli\u011fi, ne\u015fesi ve \u00f6zg\u00fcrl\u00fc\u011f\u00fc ile b\u00fcy\u00fcm\u00fc\u015ft\u00fc. Z\u0131t kutuplardaki bu iki insan\u0131n bir araya gelmesi bir tesad\u00fcft\u00fc ama sonras\u0131nda ya\u015fananlar a\u015fk\u0131n tesad\u00fcfleri sevdi\u011fini kan\u0131tlar nitelikteydi. 8:15 Vapuru ya\u015fanm\u0131\u015f, s\u0131ms\u0131cak ve s\u0131ra d\u0131\u015f\u0131 bir a\u015fk\u0131n hikayesi\u2026   Z\u0131t kutuplardaki bu iki insan\u0131n bir araya gelmesi bir tesad\u00fcft\u00fc ama sonras\u0131nda ya\u015fananlar a\u015fk\u0131n tesad\u00fcfleri sevdi\u011fini kan\u0131tlar nitelikteydi. 8:15 Vapuru ya\u015fanm\u0131\u015f, s\u0131ms\u0131cak ve s\u0131ra d\u0131\u015f\u0131 bir a\u015fk\u0131n hikayesi\u2026 <\/p>\n","protected":false},"excerpt":{"rendered":"<p>Bana do\u011fru biraz daha e\u011fildi. Bunun \u00fczerine ben de kendimi iyice geriye do\u011fru \u00e7ektim. Sanki bizimle y\u0131llard\u0131r tan\u0131\u015f\u0131yormu\u015f gibi daha bu sabah Ye\u015fim\u2019le konu\u015ftu\u011fumuz soruyu sordu.<span class=\"excerpt-hellip\"> [\u2026]<\/span><\/p>\n","protected":false},"featured_media":0,"template":"","meta":{"_monsterinsights_skip_tracking":false,"_monsterinsights_sitenote_active":false,"_monsterinsights_sitenote_note":"","_monsterinsights_sitenote_category":0},"product_brand":[],"product_cat":[12291,12711],"product_tag":[],"class_list":{"0":"post-718875","1":"product","2":"type-product","3":"status-publish","5":"product_cat-edebiyat","6":"product_cat-roman-oyku","7":"pa_cilt-ciltsiz","8":"pa_tur-kitap","9":"pa_yayinevi-muptela-yayinevi","10":"pa_yazar-aysegul-cicekoglu","12":"first","13":"instock","14":"sale","15":"shipping-taxable","16":"purchasable","17":"product-type-simple"},"_links":{"self":[{"href":"https:\/\/roveyayinevi.com.tr\/index.php\/wp-json\/wp\/v2\/product\/718875","targetHints":{"allow":["GET"]}}],"collection":[{"href":"https:\/\/roveyayinevi.com.tr\/index.php\/wp-json\/wp\/v2\/product"}],"about":[{"href":"https:\/\/roveyayinevi.com.tr\/index.php\/wp-json\/wp\/v2\/types\/product"}],"wp:attachment":[{"href":"https:\/\/roveyayinevi.com.tr\/index.php\/wp-json\/wp\/v2\/media?parent=718875"}],"wp:term":[{"taxonomy":"product_brand","embeddable":true,"href":"https:\/\/roveyayinevi.com.tr\/index.php\/wp-json\/wp\/v2\/product_brand?post=718875"},{"taxonomy":"product_cat","embeddable":true,"href":"https:\/\/roveyayinevi.com.tr\/index.php\/wp-json\/wp\/v2\/product_cat?post=718875"},{"taxonomy":"product_tag","embeddable":true,"href":"https:\/\/roveyayinevi.com.tr\/index.php\/wp-json\/wp\/v2\/product_tag?post=718875"}],"curies":[{"name":"wp","href":"https:\/\/api.w.org\/{rel}","templated":true}]}}