{"id":718874,"date":"2025-08-27T18:14:50","date_gmt":"2025-08-27T15:14:50","guid":{"rendered":"https:\/\/roveyayinevi.com.tr\/index.php\/urun\/kendine-vurgun-divaneler\/"},"modified":"2026-04-16T02:26:51","modified_gmt":"2026-04-15T23:26:51","slug":"kendine-vurgun-divaneler","status":"publish","type":"product","link":"https:\/\/roveyayinevi.com.tr\/index.php\/urun\/kendine-vurgun-divaneler\/","title":{"rendered":"Kendine Vurgun Divaneler"},"content":{"rendered":"<p>A\u015fk \u00e7emberinde s\u0131k\u0131\u015ft\u0131\u011f\u0131nda ruhumuz d\u00f6rt bir yandan, ta\u015f\u0131p gitti\u011finde i\u00e7imizin h\u00fczn\u00fc, her g\u00fcn ayr\u0131l\u0131k hasretiyle, vefas\u0131zl\u0131kla, nank\u00f6rl\u00fckle yeniden da\u011fland\u0131\u011f\u0131nda y\u00fcre\u011fimiz, kabar\u0131p bir heyula gibi \u00fczerimize \u00fczerimize geldi\u011finde \u00e7a\u011f\u0131n sonu gelmez tak\u0131nt\u0131lar\u0131; \u015fiire bir s\u0131rda\u015f gibi, bir yolda\u015f gibi, bir arkada\u015f, candan bir dost gibi yakla\u015fmal\u0131 ve bizi inciten yanlar\u0131m\u0131z\u0131 m\u0131srayla payla\u015fmal\u0131d\u0131r. Gece bizi kavrad\u0131\u011f\u0131nda, \u015fafa\u011f\u0131m\u0131zda yeni bir mel\u00e2l dalgaland\u0131\u011f\u0131nda, bir \u015fiir, bir m\u0131sra; nas\u0131l kucaklar, nas\u0131l s\u0131rda\u015f olur, nas\u0131l yolda\u015f olur yar\u0131nlar\u0131m\u0131za? Tarumar bir g\u00f6nl\u00fc, sevdas\u0131 giderek azalan y\u00fcre\u011fi nas\u0131l onar\u0131r, nas\u0131l \u00e7o\u011falt\u0131r, nas\u0131l b\u00fcy\u00fct\u00fcr yeniden; \u00e7ilenin, s\u0131k\u0131nt\u0131n\u0131n, ruh ac\u0131s\u0131n\u0131n ve bir engin bak\u0131\u015f\u0131n, kendine has bir duru\u015fun, nevi \u015fahs\u0131na m\u00fcnhas\u0131r  bir sesleni\u015fin eseri olan m\u0131sralar\u2026 i\u015fte bunun i\u00e7indir \u015fiir&#8230; Ve yine bunun i\u00e7indir \u015fiir u\u011fruna \u00e7ekilen, \u00e7ekilmeye raz\u0131 olunan ac\u0131, y\u00fcklenilen \u0131st\u0131rap&#8230; Ruhu ve bedeni cendere alt\u0131na alma, s\u0131k\u0131nt\u0131ya boyun e\u011fme&#8230; \u00c7o\u011fu hayalde kurulan bir d\u00fcnyadan bir \u015feyle \u00e7\u0131karma&#8230; Verilen kavgalar, s\u00fck\u00fbndan uzak bir y\u00fcrek&#8230; Bunun i\u00e7indir hep&#8230;  Bir sorun kendinize\u2026 Bir g\u00fcl\u00fc\u015ften ne \u00e7\u0131kar? Sevda m\u0131?  Mutluluk mu? H\u00fcz\u00fcn m\u00fc? diye&#8230;<\/p>\n","protected":false},"excerpt":{"rendered":"<p>A\u015fk \u00e7emberinde s\u0131k\u0131\u015ft\u0131\u011f\u0131nda ruhumuz d\u00f6rt bir yandan, ta\u015f\u0131p gitti\u011finde i\u00e7imizin h\u00fczn\u00fc, her g\u00fcn ayr\u0131l\u0131k hasretiyle, vefas\u0131zl\u0131kla, nank\u00f6rl\u00fckle yeniden da\u011fland\u0131\u011f\u0131nda y\u00fcre\u011fimiz, kabar\u0131p bir heyula gibi \u00fczerimize \u00fczerimize<span class=\"excerpt-hellip\"> [\u2026]<\/span><\/p>\n","protected":false},"featured_media":0,"template":"","meta":{"_monsterinsights_skip_tracking":false,"_monsterinsights_sitenote_active":false,"_monsterinsights_sitenote_note":"","_monsterinsights_sitenote_category":0},"product_brand":[],"product_cat":[12291,12509],"product_tag":[],"class_list":{"0":"post-718874","1":"product","2":"type-product","3":"status-publish","5":"product_cat-edebiyat","6":"product_cat-siir","7":"pa_cilt-ciltsiz","8":"pa_tur-kitap","9":"pa_yayinevi-otuken-nesriyat","10":"pa_yazar-ismail-bingol","12":"first","13":"instock","14":"sale","15":"shipping-taxable","16":"purchasable","17":"product-type-simple"},"_links":{"self":[{"href":"https:\/\/roveyayinevi.com.tr\/index.php\/wp-json\/wp\/v2\/product\/718874","targetHints":{"allow":["GET"]}}],"collection":[{"href":"https:\/\/roveyayinevi.com.tr\/index.php\/wp-json\/wp\/v2\/product"}],"about":[{"href":"https:\/\/roveyayinevi.com.tr\/index.php\/wp-json\/wp\/v2\/types\/product"}],"wp:attachment":[{"href":"https:\/\/roveyayinevi.com.tr\/index.php\/wp-json\/wp\/v2\/media?parent=718874"}],"wp:term":[{"taxonomy":"product_brand","embeddable":true,"href":"https:\/\/roveyayinevi.com.tr\/index.php\/wp-json\/wp\/v2\/product_brand?post=718874"},{"taxonomy":"product_cat","embeddable":true,"href":"https:\/\/roveyayinevi.com.tr\/index.php\/wp-json\/wp\/v2\/product_cat?post=718874"},{"taxonomy":"product_tag","embeddable":true,"href":"https:\/\/roveyayinevi.com.tr\/index.php\/wp-json\/wp\/v2\/product_tag?post=718874"}],"curies":[{"name":"wp","href":"https:\/\/api.w.org\/{rel}","templated":true}]}}