{"id":718870,"date":"2025-08-27T18:14:47","date_gmt":"2025-08-27T15:14:47","guid":{"rendered":"https:\/\/roveyayinevi.com.tr\/index.php\/urun\/anayasamizla-yeniden-tanisalim\/"},"modified":"2026-04-16T02:26:51","modified_gmt":"2026-04-15T23:26:51","slug":"anayasamizla-yeniden-tanisalim","status":"publish","type":"product","link":"https:\/\/roveyayinevi.com.tr\/index.php\/urun\/anayasamizla-yeniden-tanisalim\/","title":{"rendered":"Anayasam\u0131zla Yeniden Tan\u0131\u015fal\u0131m"},"content":{"rendered":"<p>&#8220;Anayasam\u0131zla Yeniden Tan\u0131\u015fal\u0131m\u201d \u00f6ncesiyle sonras\u0131yla, eskisiyle yenisiyle anayasal geli\u015fmeler ba\u011flam\u0131nda neler olup bitti\u011fini anlamland\u0131rmaya y\u00f6nelik bir \u00e7aba ve \u00e7a\u011fr\u0131n\u0131n ad\u0131d\u0131r. Anayasadan politikaya, tarihe ve siyaset felsefesine kadar hayli geni\u015f yelpazeden se\u00e7ilen noktalar \u0131\u015f\u0131\u011f\u0131nda haz\u0131rlanan k\u0131sa tart\u0131\u015fma notlar\u0131n\u0131n belirli bir b\u00fct\u00fcnl\u00fck i\u00e7erisinde toparlanmas\u0131ndan olu\u015fan bu kitap, okuyucunun a\u00e7\u0131k u\u00e7lu sorular etraf\u0131nda daha derin ve ba\u011f\u0131ms\u0131z d\u00fc\u015f\u00fcnceye y\u00f6neltilmesini ama\u00e7lam\u0131\u015ft\u0131r. Bu do\u011frultuda ki\u015fisel geli\u015fim boyutunda kimi \u00f6zl\u00fc s\u00f6zler ve ezber bozan tarihsel k\u0131v\u0131lc\u0131mlara de\u011finen \u00e7arp\u0131c\u0131 kesitler \u00f6nemli yer tutmu\u015ftur. \u00dclkelerin geli\u015fmi\u015flik fark\u0131n\u0131n kayna\u011f\u0131nda yatan \u015feyin &#8220;anayasa fark\u0131\u201d oldu\u011fu ger\u00e7e\u011fi \u00f6ncelikle g\u00f6r\u00fclmelidir. Ger\u00e7ekten de siyasal hayat\u0131n hukuki \u00e7er\u00e7evesini \u00e7izen temel mimari anayasal d\u00fczende somutla\u015f\u0131r. Kitapta yer verilen anayasan\u0131n mayas\u0131 ve \u00fclkemize neden yepyeni bir anayasa gerekti\u011fi sorunlar\u0131 ba\u015fl\u0131 ba\u015f\u0131na ayr\u0131 bir \u00e7al\u0131\u015fma konusu olabilir. Anayasal d\u00fc\u015f\u00fcncenin tarihsel arka planlar\u0131na \u0131\u015f\u0131k tutmak i\u00e7in mezarl\u0131k huzuru, g\u00f6m\u00fclme hakk\u0131, lekelenmeme hakk\u0131, unutulma hakk\u0131 gibi eski ve yeni ku\u015fak baz\u0131 insan haklar\u0131 ba\u015fl\u0131klar\u0131na de\u011finilmi\u015ftir. Bunun yan\u0131s\u0131ra torba kanun ve 2017 Anayasa de\u011fi\u015fikli\u011fi sonras\u0131 yeni h\u00fck\u00fcmet sistemi ile ilgili olarak sanc\u0131l\u0131 ge\u00e7i\u015f s\u00fcrecinde ya\u015fananlara ili\u015fkin notlar olumlu veya olumsuz her\u015feyin kayna\u011f\u0131n\u0131n &#8220;anayasa fark\u0131\u201d oldu\u011funu \u00e7arp\u0131c\u0131 bi\u00e7imde ortaya koyan noktalard\u0131r. B\u00f6ylece Kitab\u0131n kapsam\u0131 da, anayasan\u0131n \u00f6nemi ve de\u011feriyle ilgili bireysel ve toplumsal fark\u0131ndal\u0131\u011f\u0131n iyile\u015ftirilmesi ve geli\u015ftirilmesi idealine  odaklanm\u0131\u015ft\u0131r. <\/p>\n","protected":false},"excerpt":{"rendered":"<p>&#8220;Anayasam\u0131zla Yeniden Tan\u0131\u015fal\u0131m\u201d \u00f6ncesiyle sonras\u0131yla, eskisiyle yenisiyle anayasal geli\u015fmeler ba\u011flam\u0131nda neler olup bitti\u011fini anlamland\u0131rmaya y\u00f6nelik bir \u00e7aba ve \u00e7a\u011fr\u0131n\u0131n ad\u0131d\u0131r. Anayasadan politikaya, tarihe ve siyaset felsefesine<span class=\"excerpt-hellip\"> [\u2026]<\/span><\/p>\n","protected":false},"featured_media":0,"template":"","meta":{"_monsterinsights_skip_tracking":false,"_monsterinsights_sitenote_active":false,"_monsterinsights_sitenote_note":"","_monsterinsights_sitenote_category":0},"product_brand":[],"product_cat":[15350,17602],"product_tag":[],"class_list":{"0":"post-718870","1":"product","2":"type-product","3":"status-publish","5":"product_cat-hukuk","6":"product_cat-hukuk-uzerine","7":"pa_cilt-ciltsiz","8":"pa_tur-kitap","9":"pa_yayinevi-astana-yayinlari","10":"pa_yazar-seref-iba","12":"first","13":"instock","14":"sale","15":"shipping-taxable","16":"purchasable","17":"product-type-simple"},"_links":{"self":[{"href":"https:\/\/roveyayinevi.com.tr\/index.php\/wp-json\/wp\/v2\/product\/718870","targetHints":{"allow":["GET"]}}],"collection":[{"href":"https:\/\/roveyayinevi.com.tr\/index.php\/wp-json\/wp\/v2\/product"}],"about":[{"href":"https:\/\/roveyayinevi.com.tr\/index.php\/wp-json\/wp\/v2\/types\/product"}],"wp:attachment":[{"href":"https:\/\/roveyayinevi.com.tr\/index.php\/wp-json\/wp\/v2\/media?parent=718870"}],"wp:term":[{"taxonomy":"product_brand","embeddable":true,"href":"https:\/\/roveyayinevi.com.tr\/index.php\/wp-json\/wp\/v2\/product_brand?post=718870"},{"taxonomy":"product_cat","embeddable":true,"href":"https:\/\/roveyayinevi.com.tr\/index.php\/wp-json\/wp\/v2\/product_cat?post=718870"},{"taxonomy":"product_tag","embeddable":true,"href":"https:\/\/roveyayinevi.com.tr\/index.php\/wp-json\/wp\/v2\/product_tag?post=718870"}],"curies":[{"name":"wp","href":"https:\/\/api.w.org\/{rel}","templated":true}]}}