{"id":718865,"date":"2025-08-27T18:14:43","date_gmt":"2025-08-27T15:14:43","guid":{"rendered":"https:\/\/roveyayinevi.com.tr\/index.php\/urun\/ben-gubi\/"},"modified":"2026-04-16T02:26:51","modified_gmt":"2026-04-15T23:26:51","slug":"ben-gubi","status":"publish","type":"product","link":"https:\/\/roveyayinevi.com.tr\/index.php\/urun\/ben-gubi\/","title":{"rendered":"Ben Gubi"},"content":{"rendered":"<p>Gubi k\u0131v\u0131rc\u0131k sa\u00e7l\u0131 sevimli mi sevimli bir \u00e7ocuk. G\u00fcnden g\u00fcne b\u00fcy\u00fcrken art\u0131k bir \u015feyleri kendi kendine yapmak ister. Annesi de Gubi\u2019nin \u00e7aba g\u00f6stermesini izler. Gubi\u2019nin hik\u00e2yeleri bizleri k\u00fc\u00e7\u00fck bir \u00e7ocu\u011fun geli\u015fimine yak\u0131ndan bakmaya davet ediyor. Bu geli\u015fiminin tek ba\u015f\u0131na \u00e7ocukla s\u0131n\u0131rl\u0131 olamayaca\u011f\u0131n\u0131 ayn\u0131 zamanda ebeveynde de olmas\u0131 gerekti\u011fini hat\u0131rlat\u0131yor. \u00c7ocukluk evrelerinde \u00e7ocu\u011fun kendisinin ve annenin ya\u015fad\u0131\u011f\u0131 d\u00f6n\u00fc\u015f\u00fcmleri, etkile\u015fimleri konu al\u0131yor. <\/p>\n","protected":false},"excerpt":{"rendered":"<p>Gubi k\u0131v\u0131rc\u0131k sa\u00e7l\u0131 sevimli mi sevimli bir \u00e7ocuk. G\u00fcnden g\u00fcne b\u00fcy\u00fcrken art\u0131k bir \u015feyleri kendi kendine yapmak ister. Annesi de Gubi\u2019nin \u00e7aba g\u00f6stermesini izler. Gubi\u2019nin hik\u00e2yeleri<span class=\"excerpt-hellip\"> [\u2026]<\/span><\/p>\n","protected":false},"featured_media":0,"template":"","meta":{"_monsterinsights_skip_tracking":false,"_monsterinsights_sitenote_active":false,"_monsterinsights_sitenote_note":"","_monsterinsights_sitenote_category":0},"product_brand":[],"product_cat":[12274,12518],"product_tag":[],"class_list":{"0":"post-718865","1":"product","2":"type-product","3":"status-publish","5":"product_cat-cocuk-ve-genclik-kitaplari","6":"product_cat-okul-oncesi-kitaplar","7":"pa_cilt-ciltsiz","8":"pa_tur-kitap","9":"pa_yayinevi-hep-kitap","10":"pa_yazar-dilber-koc","12":"first","13":"instock","14":"sale","15":"shipping-taxable","16":"purchasable","17":"product-type-simple"},"_links":{"self":[{"href":"https:\/\/roveyayinevi.com.tr\/index.php\/wp-json\/wp\/v2\/product\/718865","targetHints":{"allow":["GET"]}}],"collection":[{"href":"https:\/\/roveyayinevi.com.tr\/index.php\/wp-json\/wp\/v2\/product"}],"about":[{"href":"https:\/\/roveyayinevi.com.tr\/index.php\/wp-json\/wp\/v2\/types\/product"}],"wp:attachment":[{"href":"https:\/\/roveyayinevi.com.tr\/index.php\/wp-json\/wp\/v2\/media?parent=718865"}],"wp:term":[{"taxonomy":"product_brand","embeddable":true,"href":"https:\/\/roveyayinevi.com.tr\/index.php\/wp-json\/wp\/v2\/product_brand?post=718865"},{"taxonomy":"product_cat","embeddable":true,"href":"https:\/\/roveyayinevi.com.tr\/index.php\/wp-json\/wp\/v2\/product_cat?post=718865"},{"taxonomy":"product_tag","embeddable":true,"href":"https:\/\/roveyayinevi.com.tr\/index.php\/wp-json\/wp\/v2\/product_tag?post=718865"}],"curies":[{"name":"wp","href":"https:\/\/api.w.org\/{rel}","templated":true}]}}