{"id":718862,"date":"2025-08-27T18:14:41","date_gmt":"2025-08-27T15:14:41","guid":{"rendered":"https:\/\/roveyayinevi.com.tr\/index.php\/urun\/ebediyen\/"},"modified":"2026-04-16T02:26:51","modified_gmt":"2026-04-15T23:26:51","slug":"ebediyen","status":"publish","type":"product","link":"https:\/\/roveyayinevi.com.tr\/index.php\/urun\/ebediyen\/","title":{"rendered":"Ebediyen"},"content":{"rendered":"<p>\u201cTarihi a\u015fk romanlar\u0131n\u0131n krali\u00e7esi.\u201d Atlanta Journal-Constitution \u201cKathleen E. Woodiwiss canl\u0131 ve nefes alan bir d\u00fcnya yarat\u0131yor.\u201d Houston Chronicle Bir zamanlar tav\u0131rlar\u0131, asaleti, g\u00fczelli\u011fi ve zek\u00e2s\u0131yla istisnai bir leydi olan Abrielle\u2019\u0131n ad\u0131 Londra\u2019daki her soylu bek\u00e2r centilmenin dudaklar\u0131ndayd\u0131. Ama cesur bir sava\u015f\u00e7\u0131 olan \u00fcvey babas\u0131ndan hak etti\u011fi unvan ve zenginlik esirgendi\u011finde, Abrielle h\u0131zla g\u00f6zden d\u00fc\u015ft\u00fc. Art\u0131k herhangi bir soylu erkek i\u00e7in m\u00fcnasip bir gelin aday\u0131 de\u011fildi. Her ne kadar sadece haz pe\u015finde olsa da onunla ilgilenen biri h\u00e2l\u00e2 vard\u0131: Desmond de Marl\u00e9. Abrielle ailesinin onurunu ve gelece\u011fini kurtarmak i\u00e7in, karanl\u0131k \u015f\u00f6hretinden haberdar oldu\u011fu bu adamla evlenmeyi kabul etti.  Cesur, yak\u0131\u015f\u0131kl\u0131 ve nazik bir \u0130sko\u00e7 olan RavenSeabern, kral\u0131 ad\u0131na \u0130ngiltere\u2019de el\u00e7i olarak bulunmaktayd\u0131. Kendine has tavr\u0131 ve konu\u015fmalar\u0131yla Abrielle\u2019\u0131n tan\u0131d\u0131\u011f\u0131 hi\u00e7bir erke\u011fe benzemiyordu. Abrielle, Raven\u2019la bak\u0131\u015flar\u0131 birle\u015fti\u011finde onun mavi g\u00f6zleri taraf\u0131ndan \u00e2deta esir al\u0131nd\u0131\u011f\u0131n\u0131 hissetti. Ama onlar\u0131nki imk\u00e2ns\u0131z bir a\u015fkt\u0131: Abrielle bir canavarla ni\u015fanl\u0131yd\u0131 ve sevdi\u011fi herkesin mutlulu\u011fu ad\u0131na, verdi\u011fi s\u00f6z\u00fc tutmak zorundayd\u0131. Ama Raven da hayat\u0131n\u0131n a\u015fk\u0131n\u0131 buldu\u011funu biliyordu ve onu kaybetmemek i\u00e7in her \u015feyi yapmaya haz\u0131rd\u0131.   E\u011fer kalplerinin sesini dinlerlerse t\u00fcm s\u0131rlara, aldatmacalara ve tehlikelere g\u00f6\u011f\u00fcs germek zorunda kalacaklard\u0131\u2026   \u201cBir fenomen!\u201d New York Times \u201cWoodiwiss sars\u0131yor!\u201d Life <\/p>\n","protected":false},"excerpt":{"rendered":"<p>\u201cTarihi a\u015fk romanlar\u0131n\u0131n krali\u00e7esi.\u201d Atlanta Journal-Constitution \u201cKathleen E. Woodiwiss canl\u0131 ve nefes alan bir d\u00fcnya yarat\u0131yor.\u201d Houston Chronicle Bir zamanlar tav\u0131rlar\u0131, asaleti, g\u00fczelli\u011fi ve zek\u00e2s\u0131yla istisnai<span class=\"excerpt-hellip\"> [\u2026]<\/span><\/p>\n","protected":false},"featured_media":0,"template":"","meta":{"_monsterinsights_skip_tracking":false,"_monsterinsights_sitenote_active":false,"_monsterinsights_sitenote_note":"","_monsterinsights_sitenote_category":0},"product_brand":[],"product_cat":[14643,12291],"product_tag":[],"class_list":{"0":"post-718862","1":"product","2":"type-product","3":"status-publish","5":"product_cat-ask","6":"product_cat-edebiyat","7":"pa_cilt-ciltsiz","8":"pa_tur-kitap","9":"pa_yayinevi-epsilon-yayinlari","10":"pa_yazar-kathleen-e-woodiwiss","12":"first","13":"instock","14":"sale","15":"shipping-taxable","16":"purchasable","17":"product-type-simple"},"_links":{"self":[{"href":"https:\/\/roveyayinevi.com.tr\/index.php\/wp-json\/wp\/v2\/product\/718862","targetHints":{"allow":["GET"]}}],"collection":[{"href":"https:\/\/roveyayinevi.com.tr\/index.php\/wp-json\/wp\/v2\/product"}],"about":[{"href":"https:\/\/roveyayinevi.com.tr\/index.php\/wp-json\/wp\/v2\/types\/product"}],"wp:attachment":[{"href":"https:\/\/roveyayinevi.com.tr\/index.php\/wp-json\/wp\/v2\/media?parent=718862"}],"wp:term":[{"taxonomy":"product_brand","embeddable":true,"href":"https:\/\/roveyayinevi.com.tr\/index.php\/wp-json\/wp\/v2\/product_brand?post=718862"},{"taxonomy":"product_cat","embeddable":true,"href":"https:\/\/roveyayinevi.com.tr\/index.php\/wp-json\/wp\/v2\/product_cat?post=718862"},{"taxonomy":"product_tag","embeddable":true,"href":"https:\/\/roveyayinevi.com.tr\/index.php\/wp-json\/wp\/v2\/product_tag?post=718862"}],"curies":[{"name":"wp","href":"https:\/\/api.w.org\/{rel}","templated":true}]}}