{"id":718857,"date":"2025-08-27T18:14:37","date_gmt":"2025-08-27T15:14:37","guid":{"rendered":"https:\/\/roveyayinevi.com.tr\/index.php\/urun\/pes-etmeyen-tavuk\/"},"modified":"2026-04-16T02:26:51","modified_gmt":"2026-04-15T23:26:51","slug":"pes-etmeyen-tavuk","status":"publish","type":"product","link":"https:\/\/roveyayinevi.com.tr\/index.php\/urun\/pes-etmeyen-tavuk\/","title":{"rendered":"Pes Etmeyen Tavuk"},"content":{"rendered":"<p>E\u011flence, bilgi, macera dolu Hayvan \u00d6yk\u00fcleri Serisi\u2019nin yeni kitaplar\u0131 raflarda!Hilda bir \u00e7il tavuk. Cesur ve kararl\u0131. Akl\u0131na bir \u015fey koyduysa kimse onu durduramaz! Acaba Hilda kendine bir aile kurabilecek mi?Jill Tomlinson\u2019\u0131n \u00e7ok sevilen hayvan hik\u00e2yeleri ve Paul Howard\u2019\u0131n muhte\u015fem karakalem \u00e7izimleri, yeni tasar\u0131mlar\u0131yla yeniden okurlarla bulu\u015fuyor. \u00c7ocuklar bu e\u011flenceli \u00f6yk\u00fclerle kitap okuman\u0131n zevkine var\u0131rken, hayvanlarla ilgili bilgiler edinmenin yan\u0131 s\u0131ra duygular\u0131 tan\u0131yacak, b\u00fcy\u00fcmek, zorluklar\u0131n \u00fcstesinden gelmek, dayan\u0131\u015fmak gibi konular\u0131n \u00fczerine d\u00fc\u015f\u00fcnm\u00fc\u015f olacaklar. Yedi kitapl\u0131k serinin t\u00fcm kitaplar\u0131 raflarda yerini ald\u0131.<\/p>\n","protected":false},"excerpt":{"rendered":"<p>E\u011flence, bilgi, macera dolu Hayvan \u00d6yk\u00fcleri Serisi\u2019nin yeni kitaplar\u0131 raflarda!Hilda bir \u00e7il tavuk. Cesur ve kararl\u0131. Akl\u0131na bir \u015fey koyduysa kimse onu durduramaz! Acaba Hilda kendine<span class=\"excerpt-hellip\"> [\u2026]<\/span><\/p>\n","protected":false},"featured_media":0,"template":"","meta":{"_monsterinsights_skip_tracking":false,"_monsterinsights_sitenote_active":false,"_monsterinsights_sitenote_note":"","_monsterinsights_sitenote_category":0},"product_brand":[],"product_cat":[12913,12274],"product_tag":[],"class_list":{"0":"post-718857","1":"product","2":"type-product","3":"status-publish","5":"product_cat-3-6-yas-kitaplari","6":"product_cat-cocuk-ve-genclik-kitaplari","7":"pa_cilt-ciltsiz","8":"pa_tur-kitap","9":"pa_yayinevi-redhouse-kidz-yayinlari","10":"pa_yazar-jill-tomlinson","12":"first","13":"instock","14":"sale","15":"shipping-taxable","16":"purchasable","17":"product-type-simple"},"_links":{"self":[{"href":"https:\/\/roveyayinevi.com.tr\/index.php\/wp-json\/wp\/v2\/product\/718857","targetHints":{"allow":["GET"]}}],"collection":[{"href":"https:\/\/roveyayinevi.com.tr\/index.php\/wp-json\/wp\/v2\/product"}],"about":[{"href":"https:\/\/roveyayinevi.com.tr\/index.php\/wp-json\/wp\/v2\/types\/product"}],"wp:attachment":[{"href":"https:\/\/roveyayinevi.com.tr\/index.php\/wp-json\/wp\/v2\/media?parent=718857"}],"wp:term":[{"taxonomy":"product_brand","embeddable":true,"href":"https:\/\/roveyayinevi.com.tr\/index.php\/wp-json\/wp\/v2\/product_brand?post=718857"},{"taxonomy":"product_cat","embeddable":true,"href":"https:\/\/roveyayinevi.com.tr\/index.php\/wp-json\/wp\/v2\/product_cat?post=718857"},{"taxonomy":"product_tag","embeddable":true,"href":"https:\/\/roveyayinevi.com.tr\/index.php\/wp-json\/wp\/v2\/product_tag?post=718857"}],"curies":[{"name":"wp","href":"https:\/\/api.w.org\/{rel}","templated":true}]}}