{"id":718854,"date":"2025-08-27T18:14:35","date_gmt":"2025-08-27T15:14:35","guid":{"rendered":"https:\/\/roveyayinevi.com.tr\/index.php\/urun\/klasik-bilimkurgu-oykuleri\/"},"modified":"2026-04-16T02:26:51","modified_gmt":"2026-04-15T23:26:51","slug":"klasik-bilimkurgu-oykuleri","status":"publish","type":"product","link":"https:\/\/roveyayinevi.com.tr\/index.php\/urun\/klasik-bilimkurgu-oykuleri\/","title":{"rendered":"Klasik Bilimkurgu \u00d6yk\u00fcleri"},"content":{"rendered":"<p>\u201c\u0130nsan akl\u0131n\u0131n kapasitesi dahilindeki hi\u00e7bir icat, do\u011fan\u0131n in\u015fa etti\u011fi engelleri y\u0131kamazd\u0131.\u201d   Klasik Bilimkurgu \u00d6yk\u00fcleri, iyi bilimkurgunun iyi edebiyata d\u00f6n\u00fc\u015fme yolundaki ilk dura\u011f\u0131 olan 19. y\u00fczy\u0131la uzan\u0131yor. \u00d6nc\u00fc niteli\u011findeki bilimsel ve teknolojik icat \u00f6yk\u00fclerinden medeniyete yabanc\u0131la\u015fan modern kahraman anlat\u0131s\u0131na, \u00fctopya ve distopya gelene\u011finin izlerinden bilimkurgu ve fantazyan\u0131n i\u00e7 i\u00e7e ge\u00e7ti\u011fi kozmik deh\u015fet t\u00fcr\u00fcne kadar geni\u015fleyen bir yelpazenin en de\u011ferli \u00f6yk\u00fcleri bulu\u015farak bu edebiyat\u0131n temel unsurlar\u0131n\u0131 sergiliyor. Fitz-James O\u2019Brien\u2019\u0131n yazd\u0131\u011f\u0131 ve Lovecraft\u2019\u0131n en sevdi\u011fi \u00f6yk\u00fclerden biri olarak tarihe ge\u00e7en \u201cElmas Mercek\u201d, Edward Page Mitchell\u2019\u0131n kaleme ald\u0131\u011f\u0131 ve edebiyat tarihinin ilk zaman makinesi \u00f6yk\u00fcs\u00fc olarak kabul edilen \u201cGeri Giden Saat\u201d, yine Mitchell\u2019a ait ve t\u00fcr\u00fcn\u00fcn \u00f6nemli \u00f6rneklerinden biri olan \u201cG\u00f6vdesi Olmayan Adam\u201d, Frank R. Stockton imzal\u0131 bir icat \u00f6yk\u00fcs\u00fc olan \u201cNegatif Yer\u00e7ekimi Hik\u00e2yesi\u201d, usta \u00fctopya yazar\u0131 Edward Bellamy\u2019den \u201cHik\u00e2yem Size\u201d, H. G. Wells\u2019ten yaz\u0131ld\u0131\u011f\u0131 d\u00f6nemde oldu\u011fu kadar g\u00fcn\u00fcm\u00fczde de de\u011ferini koruyan \u201cYeni H\u0131zland\u0131r\u0131c\u0131\u201d ve ustalar\u0131n ustas\u0131 Abraham Merritt\u2019ten \u201c\u00c7ukur Halk\u0131\u201d bu derlemede yan yana geliyor. <\/p>\n","protected":false},"excerpt":{"rendered":"<p>\u201c\u0130nsan akl\u0131n\u0131n kapasitesi dahilindeki hi\u00e7bir icat, do\u011fan\u0131n in\u015fa etti\u011fi engelleri y\u0131kamazd\u0131.\u201d Klasik Bilimkurgu \u00d6yk\u00fcleri, iyi bilimkurgunun iyi edebiyata d\u00f6n\u00fc\u015fme yolundaki ilk dura\u011f\u0131 olan 19. y\u00fczy\u0131la uzan\u0131yor.<span class=\"excerpt-hellip\"> [\u2026]<\/span><\/p>\n","protected":false},"featured_media":0,"template":"","meta":{"_monsterinsights_skip_tracking":false,"_monsterinsights_sitenote_active":false,"_monsterinsights_sitenote_note":"","_monsterinsights_sitenote_category":0},"product_brand":[],"product_cat":[12540,12291],"product_tag":[],"class_list":{"0":"post-718854","1":"product","2":"type-product","3":"status-publish","5":"product_cat-bilim-kurgu","6":"product_cat-edebiyat","7":"pa_cilt-ciltsiz","8":"pa_tur-kitap","9":"pa_yayinevi-cinar-yayinlari","10":"pa_yazar-kolektif","12":"first","13":"instock","14":"sale","15":"shipping-taxable","16":"purchasable","17":"product-type-simple"},"_links":{"self":[{"href":"https:\/\/roveyayinevi.com.tr\/index.php\/wp-json\/wp\/v2\/product\/718854","targetHints":{"allow":["GET"]}}],"collection":[{"href":"https:\/\/roveyayinevi.com.tr\/index.php\/wp-json\/wp\/v2\/product"}],"about":[{"href":"https:\/\/roveyayinevi.com.tr\/index.php\/wp-json\/wp\/v2\/types\/product"}],"wp:attachment":[{"href":"https:\/\/roveyayinevi.com.tr\/index.php\/wp-json\/wp\/v2\/media?parent=718854"}],"wp:term":[{"taxonomy":"product_brand","embeddable":true,"href":"https:\/\/roveyayinevi.com.tr\/index.php\/wp-json\/wp\/v2\/product_brand?post=718854"},{"taxonomy":"product_cat","embeddable":true,"href":"https:\/\/roveyayinevi.com.tr\/index.php\/wp-json\/wp\/v2\/product_cat?post=718854"},{"taxonomy":"product_tag","embeddable":true,"href":"https:\/\/roveyayinevi.com.tr\/index.php\/wp-json\/wp\/v2\/product_tag?post=718854"}],"curies":[{"name":"wp","href":"https:\/\/api.w.org\/{rel}","templated":true}]}}