{"id":718852,"date":"2025-08-27T18:14:33","date_gmt":"2025-08-27T15:14:33","guid":{"rendered":"https:\/\/roveyayinevi.com.tr\/index.php\/urun\/yeni-gerceklik-manifestosu\/"},"modified":"2026-04-16T02:26:51","modified_gmt":"2026-04-15T23:26:51","slug":"yeni-gerceklik-manifestosu","status":"publish","type":"product","link":"https:\/\/roveyayinevi.com.tr\/index.php\/urun\/yeni-gerceklik-manifestosu\/","title":{"rendered":"Yeni Ger\u00e7eklik Manifestosu"},"content":{"rendered":"<p>\u201cHatalar\u0131m\u0131zdan ders al\u0131r\u0131z ya da en az\u0131ndan ba\u015fkalar\u0131 ders al\u0131r. Hakikate veda ederek, \u2018\u0130ktidar\u2019a kar\u015f\u0131l\u0131ks\u0131z bir arma\u011fan vermekle kalmaz, b\u00fcy\u00fck \u00f6l\u00e7\u00fcde insan\u0131n yan\u0131lsama ve b\u00fcy\u00fcye kar\u015f\u0131 elindeki yeg\u00e2ne \u00f6zg\u00fcrle\u015fme \u015fans\u0131ndan yani ger\u00e7ek\u00e7ilikten vazge\u00e7mi\u015f oluruz.\u201d   K\u0131ta felsefesi gelene\u011fi i\u00e7inde ger\u00e7ek\u00e7ili\u011fe d\u00f6n\u00fc\u015f \u00e7a\u011fr\u0131s\u0131n\u0131 ilk yapanlardan \u0130talyan felsefeci Maurizio Ferraris\u2019in bu \u00e7al\u0131\u015fmas\u0131 postmodernizmin \u00f6zg\u00fcrle\u015ftirici ama\u00e7larla \u00e7\u0131kt\u0131\u011f\u0131 yolun bug\u00fcn i\u00e7inde bulundu\u011fumuz itaat d\u00fczenine nas\u0131l vard\u0131\u011f\u0131n\u0131 Nietzsche\u2019den Heidegger\u2019e, Foucault, Lyotard, Feyerabend\u2019den Derrida\u2019ya uzanan bir hatta ele al\u0131yor.   Kitap bir postmodernizm ele\u015ftirisi ortaya koymakla birlikte postmodernizmin ideolojik sonu\u00e7lar\u0131ndan yararlanan; ger\u00e7ek d\u00fcnyan\u0131n reality show\u2019a, ele\u015ftirinin dedikoduya, umudun endi\u015feye, kesinli\u011fin belirsizli\u011fe ve ink\u00e2r\u0131n genel bir<\/p>\n","protected":false},"excerpt":{"rendered":"<p>\u201cHatalar\u0131m\u0131zdan ders al\u0131r\u0131z ya da en az\u0131ndan ba\u015fkalar\u0131 ders al\u0131r. Hakikate veda ederek, \u2018\u0130ktidar\u2019a kar\u015f\u0131l\u0131ks\u0131z bir arma\u011fan vermekle kalmaz, b\u00fcy\u00fck \u00f6l\u00e7\u00fcde insan\u0131n yan\u0131lsama ve b\u00fcy\u00fcye kar\u015f\u0131<span class=\"excerpt-hellip\"> [\u2026]<\/span><\/p>\n","protected":false},"featured_media":0,"template":"","meta":{"_monsterinsights_skip_tracking":false,"_monsterinsights_sitenote_active":false,"_monsterinsights_sitenote_note":"","_monsterinsights_sitenote_category":0},"product_brand":[],"product_cat":[12388,15309],"product_tag":[],"class_list":{"0":"post-718852","1":"product","2":"type-product","3":"status-publish","5":"product_cat-felsefe","6":"product_cat-felsefi-akimlar","7":"pa_cilt-ciltsiz","8":"pa_tur-kitap","9":"pa_yayinevi-kolektif-kitap","10":"pa_yazar-maurizio-ferraris","12":"first","13":"instock","14":"sale","15":"shipping-taxable","16":"purchasable","17":"product-type-simple"},"_links":{"self":[{"href":"https:\/\/roveyayinevi.com.tr\/index.php\/wp-json\/wp\/v2\/product\/718852","targetHints":{"allow":["GET"]}}],"collection":[{"href":"https:\/\/roveyayinevi.com.tr\/index.php\/wp-json\/wp\/v2\/product"}],"about":[{"href":"https:\/\/roveyayinevi.com.tr\/index.php\/wp-json\/wp\/v2\/types\/product"}],"wp:attachment":[{"href":"https:\/\/roveyayinevi.com.tr\/index.php\/wp-json\/wp\/v2\/media?parent=718852"}],"wp:term":[{"taxonomy":"product_brand","embeddable":true,"href":"https:\/\/roveyayinevi.com.tr\/index.php\/wp-json\/wp\/v2\/product_brand?post=718852"},{"taxonomy":"product_cat","embeddable":true,"href":"https:\/\/roveyayinevi.com.tr\/index.php\/wp-json\/wp\/v2\/product_cat?post=718852"},{"taxonomy":"product_tag","embeddable":true,"href":"https:\/\/roveyayinevi.com.tr\/index.php\/wp-json\/wp\/v2\/product_tag?post=718852"}],"curies":[{"name":"wp","href":"https:\/\/api.w.org\/{rel}","templated":true}]}}