{"id":718851,"date":"2025-08-27T18:14:33","date_gmt":"2025-08-27T15:14:33","guid":{"rendered":"https:\/\/roveyayinevi.com.tr\/index.php\/urun\/bir-demet-kuru-sogan\/"},"modified":"2026-04-16T02:26:51","modified_gmt":"2026-04-15T23:26:51","slug":"bir-demet-kuru-sogan","status":"publish","type":"product","link":"https:\/\/roveyayinevi.com.tr\/index.php\/urun\/bir-demet-kuru-sogan\/","title":{"rendered":"Bir Demet Kuru So\u011fan"},"content":{"rendered":"<p>Feridun Oral\u2019\u0131n yaz\u0131 ve \u00e7izim tezg\u00e2h\u0131ndan bir harikalar se\u00e7kisi.Daha \u00e7ok yazd\u0131\u011f\u0131 ve resimledi\u011fi \u00e7ocuk kitaplar\u0131n\u0131 okudu\u011funuz Feridun Oral&#8217;dan yeti\u015fkinlere \u00f6zel bir oyun,Bir Demet Kuru So\u011fan.Semt pazarlar\u0131 ve bitpazarlar\u0131n\u0131n m\u00fcdavimi Ali Bey&#8217;in ba\u015f\u0131ndan ge\u00e7en olaylar\u0131n ve akl\u0131ndan ge\u00e7en d\u00fc\u015f\u00fcncelerin yaz\u0131l\u0131, foto\u011frafl\u0131, desenli, hatta videolu tasviri\u2026Bir Demet Kuru So\u011fan, semt pazar\u0131ndan t\u00fcm d\u00fcnyaya yay\u0131lan bir &#8220;sergi&#8221;.<\/p>\n","protected":false},"excerpt":{"rendered":"<p>Feridun Oral\u2019\u0131n yaz\u0131 ve \u00e7izim tezg\u00e2h\u0131ndan bir harikalar se\u00e7kisi.Daha \u00e7ok yazd\u0131\u011f\u0131 ve resimledi\u011fi \u00e7ocuk kitaplar\u0131n\u0131 okudu\u011funuz Feridun Oral&#8217;dan yeti\u015fkinlere \u00f6zel bir oyun,Bir Demet Kuru So\u011fan.Semt pazarlar\u0131<span class=\"excerpt-hellip\"> [\u2026]<\/span><\/p>\n","protected":false},"featured_media":0,"template":"","meta":{"_monsterinsights_skip_tracking":false,"_monsterinsights_sitenote_active":false,"_monsterinsights_sitenote_note":"","_monsterinsights_sitenote_category":0},"product_brand":[],"product_cat":[12408],"product_tag":[],"class_list":{"0":"post-718851","1":"product","2":"type-product","3":"status-publish","5":"product_cat-sanat","6":"pa_cilt-ciltsiz","7":"pa_tur-kitap","8":"pa_yayinevi-kirmizi-kedi-yayinevi","9":"pa_yazar-feridun-oral","11":"first","12":"instock","13":"sale","14":"shipping-taxable","15":"purchasable","16":"product-type-simple"},"_links":{"self":[{"href":"https:\/\/roveyayinevi.com.tr\/index.php\/wp-json\/wp\/v2\/product\/718851","targetHints":{"allow":["GET"]}}],"collection":[{"href":"https:\/\/roveyayinevi.com.tr\/index.php\/wp-json\/wp\/v2\/product"}],"about":[{"href":"https:\/\/roveyayinevi.com.tr\/index.php\/wp-json\/wp\/v2\/types\/product"}],"wp:attachment":[{"href":"https:\/\/roveyayinevi.com.tr\/index.php\/wp-json\/wp\/v2\/media?parent=718851"}],"wp:term":[{"taxonomy":"product_brand","embeddable":true,"href":"https:\/\/roveyayinevi.com.tr\/index.php\/wp-json\/wp\/v2\/product_brand?post=718851"},{"taxonomy":"product_cat","embeddable":true,"href":"https:\/\/roveyayinevi.com.tr\/index.php\/wp-json\/wp\/v2\/product_cat?post=718851"},{"taxonomy":"product_tag","embeddable":true,"href":"https:\/\/roveyayinevi.com.tr\/index.php\/wp-json\/wp\/v2\/product_tag?post=718851"}],"curies":[{"name":"wp","href":"https:\/\/api.w.org\/{rel}","templated":true}]}}