{"id":718849,"date":"2025-08-27T18:14:31","date_gmt":"2025-08-27T15:14:31","guid":{"rendered":"https:\/\/roveyayinevi.com.tr\/index.php\/urun\/golgesi-beyaz\/"},"modified":"2026-04-16T02:26:51","modified_gmt":"2026-04-15T23:26:51","slug":"golgesi-beyaz","status":"publish","type":"product","link":"https:\/\/roveyayinevi.com.tr\/index.php\/urun\/golgesi-beyaz\/","title":{"rendered":"G\u00f6lgesi Beyaz"},"content":{"rendered":"<p>K\u00fc\u00e7\u00fck kedi ayaklar\u0131 ya da k\u00fc\u00e7\u00fck kedilerin ayaklar\u0131 ge\u00e7iyor \u00fczerimden. \u00dczerime bas\u0131p bas\u0131p ge\u00e7iyorlar. Yumu\u015fac\u0131k bir his yay\u0131l\u0131yor bedenime. Elimi uzat\u0131p sevesim geliyor onlar\u0131n t\u00fcyl\u00fc s\u0131rtlar\u0131n\u0131, omuzlar\u0131n\u0131, k\u00fc\u00e7\u00fck ayaklar\u0131n\u0131. Bu narin varl\u0131klar\u0131 sevmeye yeltenen eller, g\u00fczel eller olmal\u0131 diyorum kendime. Senin ellerin de g\u00fczel. Hem ne de g\u00fczel seversin sen. Fakat uzanam\u0131yorum. Ellerimi bulam\u0131yorum hi\u00e7bir yerde. Kula\u011f\u0131mda arabam\u0131n tekerinin g\u0131c\u0131rt\u0131lar\u0131 yok. Nerede arabam. Onun so\u011fuk demirini avu\u00e7lar\u0131mda duyumsamay\u0131nca kaybolmu\u015f hissediyorum kendimi. Bir lavanta kokusu duyuyorum. Uzak bir koku bu, hafif hafif yay\u0131l\u0131yor burnuma. Lavanta. Hafif bir m\u00fczik sesi sonra, al\u0131yor, gezdiriyor beni bilmedi\u011fim bir sokakta. Beyaz bir g\u00f6lgeyi takip ediyorum, bembeyaz bir g\u00f6lgeyi. (G\u00f6lgenin beyaz\u0131 da m\u0131 olurmu\u015f. Aman Yarabbi!)<\/p>\n","protected":false},"excerpt":{"rendered":"<p>K\u00fc\u00e7\u00fck kedi ayaklar\u0131 ya da k\u00fc\u00e7\u00fck kedilerin ayaklar\u0131 ge\u00e7iyor \u00fczerimden. \u00dczerime bas\u0131p bas\u0131p ge\u00e7iyorlar. Yumu\u015fac\u0131k bir his yay\u0131l\u0131yor bedenime. Elimi uzat\u0131p sevesim geliyor onlar\u0131n t\u00fcyl\u00fc s\u0131rtlar\u0131n\u0131,<span class=\"excerpt-hellip\"> [\u2026]<\/span><\/p>\n","protected":false},"featured_media":0,"template":"","meta":{"_monsterinsights_skip_tracking":false,"_monsterinsights_sitenote_active":false,"_monsterinsights_sitenote_note":"","_monsterinsights_sitenote_category":0},"product_brand":[],"product_cat":[12291,12711],"product_tag":[],"class_list":{"0":"post-718849","1":"product","2":"type-product","3":"status-publish","5":"product_cat-edebiyat","6":"product_cat-roman-oyku","7":"pa_cilt-ciltsiz","8":"pa_tur-kitap","9":"pa_yayinevi-karakum-yayinevi","10":"pa_yazar-ercan-kaygas","12":"first","13":"instock","14":"sale","15":"shipping-taxable","16":"purchasable","17":"product-type-simple"},"_links":{"self":[{"href":"https:\/\/roveyayinevi.com.tr\/index.php\/wp-json\/wp\/v2\/product\/718849","targetHints":{"allow":["GET"]}}],"collection":[{"href":"https:\/\/roveyayinevi.com.tr\/index.php\/wp-json\/wp\/v2\/product"}],"about":[{"href":"https:\/\/roveyayinevi.com.tr\/index.php\/wp-json\/wp\/v2\/types\/product"}],"wp:attachment":[{"href":"https:\/\/roveyayinevi.com.tr\/index.php\/wp-json\/wp\/v2\/media?parent=718849"}],"wp:term":[{"taxonomy":"product_brand","embeddable":true,"href":"https:\/\/roveyayinevi.com.tr\/index.php\/wp-json\/wp\/v2\/product_brand?post=718849"},{"taxonomy":"product_cat","embeddable":true,"href":"https:\/\/roveyayinevi.com.tr\/index.php\/wp-json\/wp\/v2\/product_cat?post=718849"},{"taxonomy":"product_tag","embeddable":true,"href":"https:\/\/roveyayinevi.com.tr\/index.php\/wp-json\/wp\/v2\/product_tag?post=718849"}],"curies":[{"name":"wp","href":"https:\/\/api.w.org\/{rel}","templated":true}]}}