{"id":718846,"date":"2025-08-27T18:14:30","date_gmt":"2025-08-27T15:14:30","guid":{"rendered":"https:\/\/roveyayinevi.com.tr\/index.php\/urun\/firat-kotum-yikanmasaydi\/"},"modified":"2026-04-16T02:26:51","modified_gmt":"2026-04-15T23:26:51","slug":"firat-kotum-yikanmasaydi","status":"publish","type":"product","link":"https:\/\/roveyayinevi.com.tr\/index.php\/urun\/firat-kotum-yikanmasaydi\/","title":{"rendered":"F\u0131rat &#8211; Kotum Y\u0131kanmasayd\u0131"},"content":{"rendered":"<p>Ekmek , Terlik , F\u00fcze , \u00d6p\u00fc\u015fme , Almanya , Kilot , Bedava Kola , S\u00fcm\u00fck , Sigara , Kardan Adam , At ve \u0130ngilizce Hakk\u0131nda Her \u015eey.. <\/p>\n","protected":false},"excerpt":{"rendered":"<p>Ekmek , Terlik , F\u00fcze , \u00d6p\u00fc\u015fme , Almanya , Kilot , Bedava Kola , S\u00fcm\u00fck , Sigara , Kardan Adam , At ve \u0130ngilizce Hakk\u0131nda<span class=\"excerpt-hellip\"> [\u2026]<\/span><\/p>\n","protected":false},"featured_media":0,"template":"","meta":{"_monsterinsights_skip_tracking":false,"_monsterinsights_sitenote_active":false,"_monsterinsights_sitenote_note":"","_monsterinsights_sitenote_category":0},"product_brand":[],"product_cat":[12477,12364],"product_tag":[],"class_list":{"0":"post-718846","1":"product","2":"type-product","3":"status-publish","5":"product_cat-eglence-mizah","6":"product_cat-genel-konular","7":"pa_cilt-ciltsiz","8":"pa_tur-kitap","9":"pa_yayinevi-inkilap-kitabevi","10":"pa_yazar-ugur-gursoy","12":"first","13":"instock","14":"sale","15":"shipping-taxable","16":"purchasable","17":"product-type-simple"},"_links":{"self":[{"href":"https:\/\/roveyayinevi.com.tr\/index.php\/wp-json\/wp\/v2\/product\/718846","targetHints":{"allow":["GET"]}}],"collection":[{"href":"https:\/\/roveyayinevi.com.tr\/index.php\/wp-json\/wp\/v2\/product"}],"about":[{"href":"https:\/\/roveyayinevi.com.tr\/index.php\/wp-json\/wp\/v2\/types\/product"}],"wp:attachment":[{"href":"https:\/\/roveyayinevi.com.tr\/index.php\/wp-json\/wp\/v2\/media?parent=718846"}],"wp:term":[{"taxonomy":"product_brand","embeddable":true,"href":"https:\/\/roveyayinevi.com.tr\/index.php\/wp-json\/wp\/v2\/product_brand?post=718846"},{"taxonomy":"product_cat","embeddable":true,"href":"https:\/\/roveyayinevi.com.tr\/index.php\/wp-json\/wp\/v2\/product_cat?post=718846"},{"taxonomy":"product_tag","embeddable":true,"href":"https:\/\/roveyayinevi.com.tr\/index.php\/wp-json\/wp\/v2\/product_tag?post=718846"}],"curies":[{"name":"wp","href":"https:\/\/api.w.org\/{rel}","templated":true}]}}