{"id":718843,"date":"2025-08-27T18:14:28","date_gmt":"2025-08-27T15:14:28","guid":{"rendered":"https:\/\/roveyayinevi.com.tr\/index.php\/urun\/imkansiz-sermaye\/"},"modified":"2026-04-16T02:26:51","modified_gmt":"2026-04-15T23:26:51","slug":"imkansiz-sermaye","status":"publish","type":"product","link":"https:\/\/roveyayinevi.com.tr\/index.php\/urun\/imkansiz-sermaye\/","title":{"rendered":"\u0130mkans\u0131z Sermaye"},"content":{"rendered":"<p>Kaybedilmi\u015f devrimlerden ele\u015ftiri ve \u00f6zele\u015ftiri yerine yeni d\u00fc\u015f\u00fcnsel dogmalar \u00e7\u0131karanlar\u0131n \u201ctarihin sonu\u201d, \u201csosyalizmin imk\u00e2ns\u0131zl\u0131\u011f\u0131\u201d gibi savlar\u0131na kar\u015f\u0131 kaleme al\u0131nm\u0131\u015f bir \u00e7al\u0131\u015fma \u0130mk\u00e2ns\u0131z Sermaye. Sermaye d\u00fczeninin krizini sadece \u201cD\u00fcnya Pazar\u0131\u201d ekseninden de\u011fil, \u0130stanbul\u2019un \u201cSal\u0131 Pazar\u0131\u201dndan da g\u00f6r\u00fcp de\u011ferlendiren bizden bir \u00e7al\u0131\u015fma. \u201cKapitalizmin t\u00fckeni\u015fi ve iflas\u0131n\u0131n, bizzat kapitalistlerce bu denli y\u00fcksek sesle itiraf edildi\u011fi ba\u015fka bir d\u00f6nem ya\u015fanmamas\u0131na ra\u011fmen, kapitalizmi a\u015fan yeni bir toplum tahayy\u00fcl\u00fcn\u00fcn bu denli k\u0131s\u0131r ve c\u0131l\u0131z olmas\u0131\u201dn\u0131n \u00fczerine \u00fczerine giden bir \u00e7al\u0131\u015fma. Alp Alt\u0131n\u00f6rs, alt\u0131 y\u0131ll\u0131k eme\u011fin \u00fcr\u00fcn\u00fc olan bu \u00e7al\u0131\u015fmas\u0131nda, kapitalizmin varolu\u015fsal krizini ayd\u0131nlatmaya, sosyalizm alternatifinin \u00e7er\u00e7evesini g\u00fcncel geli\u015fmelerle belirginle\u015ftirmeye odaklan\u0131yor. Kitab\u0131n ilk k\u0131sm\u0131nda kapitalizmin varolu\u015fsal (organik) bunal\u0131m\u0131n\u0131 ele alan Alt\u0131n\u00f6rs, ikinci k\u0131s\u0131mda kapitalizmle ba\u011fda\u015fmayan robot teknolojisinin toplumsal m\u00fclkiyet (sosyalizm) alt\u0131nda oynayabilece\u011fi role dikkat \u00e7ekiyor. \u00dc\u00e7\u00fcnc\u00fc k\u0131s\u0131m, b\u00fcy\u00fck durgunluk \u00f6ncesi d\u00f6nemde sol d\u00fc\u015f\u00fcncede belli bir yer edinen \u201ckom\u00fcnalizm\u201d ak\u0131m\u0131yla bir tart\u0131\u015fmadan olu\u015fuyor ve Venezuela ile Ch\u00e1vez\u2019e kadar uzan\u0131yor. D\u00f6rd\u00fcnc\u00fc ve son k\u0131s\u0131m ise 1990\u2019lardan g\u00fcn\u00fcm\u00fcze s\u0131cakl\u0131\u011f\u0131n\u0131 koruyan bir tart\u0131\u015fma ba\u015fl\u0131\u011f\u0131n\u0131, \u201cs\u0131n\u0131f\u0131, kimli\u011fi ve \u00f6zneyi\u201d ele al\u0131yor, ezilenler, yoksullar, d\u0131\u015flananlar gibi kategorilere y\u00f6neliyor. Ge\u00e7mi\u015fi ve bug\u00fcn\u00fc sorgulayanlar, yar\u0131n\u0131 ve hep yeniyi arayanlar i\u00e7in\u2026 <\/p>\n","protected":false},"excerpt":{"rendered":"<p>Kaybedilmi\u015f devrimlerden ele\u015ftiri ve \u00f6zele\u015ftiri yerine yeni d\u00fc\u015f\u00fcnsel dogmalar \u00e7\u0131karanlar\u0131n \u201ctarihin sonu\u201d, \u201csosyalizmin imk\u00e2ns\u0131zl\u0131\u011f\u0131\u201d gibi savlar\u0131na kar\u015f\u0131 kaleme al\u0131nm\u0131\u015f bir \u00e7al\u0131\u015fma \u0130mk\u00e2ns\u0131z Sermaye. Sermaye d\u00fczeninin krizini<span class=\"excerpt-hellip\"> [\u2026]<\/span><\/p>\n","protected":false},"featured_media":0,"template":"","meta":{"_monsterinsights_skip_tracking":false,"_monsterinsights_sitenote_active":false,"_monsterinsights_sitenote_note":"","_monsterinsights_sitenote_category":0},"product_brand":[],"product_cat":[14841,13043],"product_tag":[],"class_list":{"0":"post-718843","1":"product","2":"type-product","3":"status-publish","5":"product_cat-arastirma-inceleme-kuram","6":"product_cat-ekonomi","7":"pa_cilt-ciltsiz","8":"pa_tur-kitap","9":"pa_yayinevi-yordam-kitap","10":"pa_yazar-alp-altinors","12":"first","13":"instock","14":"sale","15":"shipping-taxable","16":"purchasable","17":"product-type-simple"},"_links":{"self":[{"href":"https:\/\/roveyayinevi.com.tr\/index.php\/wp-json\/wp\/v2\/product\/718843","targetHints":{"allow":["GET"]}}],"collection":[{"href":"https:\/\/roveyayinevi.com.tr\/index.php\/wp-json\/wp\/v2\/product"}],"about":[{"href":"https:\/\/roveyayinevi.com.tr\/index.php\/wp-json\/wp\/v2\/types\/product"}],"wp:attachment":[{"href":"https:\/\/roveyayinevi.com.tr\/index.php\/wp-json\/wp\/v2\/media?parent=718843"}],"wp:term":[{"taxonomy":"product_brand","embeddable":true,"href":"https:\/\/roveyayinevi.com.tr\/index.php\/wp-json\/wp\/v2\/product_brand?post=718843"},{"taxonomy":"product_cat","embeddable":true,"href":"https:\/\/roveyayinevi.com.tr\/index.php\/wp-json\/wp\/v2\/product_cat?post=718843"},{"taxonomy":"product_tag","embeddable":true,"href":"https:\/\/roveyayinevi.com.tr\/index.php\/wp-json\/wp\/v2\/product_tag?post=718843"}],"curies":[{"name":"wp","href":"https:\/\/api.w.org\/{rel}","templated":true}]}}