{"id":718842,"date":"2025-08-27T18:14:27","date_gmt":"2025-08-27T15:14:27","guid":{"rendered":"https:\/\/roveyayinevi.com.tr\/index.php\/urun\/kominternin-seyyar-militanlari\/"},"modified":"2026-04-16T02:26:51","modified_gmt":"2026-04-15T23:26:51","slug":"kominternin-seyyar-militanlari","status":"publish","type":"product","link":"https:\/\/roveyayinevi.com.tr\/index.php\/urun\/kominternin-seyyar-militanlari\/","title":{"rendered":"Komintern\u2019in Seyyar Militanlar\u0131"},"content":{"rendered":"<p>Ermeni as\u0131ll\u0131 Frans\u0131z tarih\u00e7i Taline Ter Minassian, tarihin \u00f6nemli bir kesitine, d\u00fcnya co\u011frafyas\u0131n\u0131n kritik bir b\u00f6lgesine bak\u0131yor.  Yirminci y\u00fczy\u0131l\u0131n ilk yar\u0131s\u0131 boyunca SSCB\u2019nin d\u0131\u015f politikas\u0131n\u0131 de\u011ferlendiren Minassian, \u00f6zellikle 1920\u2019lerden So\u011fuk Sava\u015f d\u00f6nemine, bu ilk sosyalist \u00fclkenin Ortado\u011fu, Akdeniz, Yak\u0131n Asya ve az\u0131nl\u0131klar politikas\u0131na odaklan\u0131yor. Ortado\u011fu\u2019daki kom\u00fcnist partilerin kurulu\u015funda az\u0131nl\u0131klar\u0131n rol\u00fc neydi? Sovyetler Birli\u011fi\u2019nin \u00e7\u0131karlar\u0131 kurulan ili\u015fkilerde ne derece belirleyici oldu, Komintern bu ili\u015fkilerde nas\u0131l bir rol oynad\u0131? \u201cS\u0131cak denizlere ilerlemek\u201d bir efsane mi, ger\u00e7ek mi? Ermeniler, Azeriler ve di\u011fer halklar Sovyetler Birli\u011fi\u2019ne dahil olurken, T\u00fcrkiye, \u0130ran, L\u00fcbnan, M\u0131s\u0131r, Suriye gibi \u00fclkelerle, Araplar, K\u00fcrtler ve Yahudilerle ne t\u00fcrden bir diplomasi y\u00fcr\u00fct\u00fcld\u00fc? \u201cAz\u0131nl\u0131klar\u0131n korunmas\u0131 ve ara\u00e7salla\u015ft\u0131r\u0131lmas\u0131\u201d gibi tart\u0131\u015fmalar nas\u0131l geli\u015fti? Az\u0131nl\u0131klara bir ulusal kurtulu\u015f modeli sunan \u201cmilliyetler politikas\u0131\u201dnda ve Sovyet diplomasisinin g\u00fcc\u00fcnde y\u0131llar i\u00e7erisinde ne gibi de\u011fi\u015fimler ya\u015fand\u0131? Bir yanda bu t\u00fcrden sorular, di\u011fer yanda da az\u0131nl\u0131klar aras\u0131ndan gelip Sovyet \u00fctopyas\u0131n\u0131n \u201cseyyar militanlar\u0131\u201d olarak g\u00f6rev \u00fcstlenen, kozmopolit ve ba\u015f\u0131na buyruk o kahramanlar.  \u201cGe\u00e7mi\u015ften Gelece\u011fe Sosyalizm\u201d dizisi kapsamda yay\u0131mlad\u0131\u011f\u0131m\u0131z bu kitap, sosyalist bak\u0131\u015f a\u00e7\u0131s\u0131yla yaz\u0131lmam\u0131\u015f olmas\u0131na kar\u015f\u0131n, zengin belgelere dayanarak Sovyetler Birli\u011fi ve izledi\u011fi az\u0131nl\u0131klar siyaseti hakk\u0131nda ayd\u0131nlat\u0131c\u0131 bilgiler sunuyor.<\/p>\n","protected":false},"excerpt":{"rendered":"<p>Ermeni as\u0131ll\u0131 Frans\u0131z tarih\u00e7i Taline Ter Minassian, tarihin \u00f6nemli bir kesitine, d\u00fcnya co\u011frafyas\u0131n\u0131n kritik bir b\u00f6lgesine bak\u0131yor. Yirminci y\u00fczy\u0131l\u0131n ilk yar\u0131s\u0131 boyunca SSCB\u2019nin d\u0131\u015f politikas\u0131n\u0131 de\u011ferlendiren<span class=\"excerpt-hellip\"> [\u2026]<\/span><\/p>\n","protected":false},"featured_media":0,"template":"","meta":{"_monsterinsights_skip_tracking":false,"_monsterinsights_sitenote_active":false,"_monsterinsights_sitenote_note":"","_monsterinsights_sitenote_category":0},"product_brand":[],"product_cat":[13590,12337],"product_tag":[],"class_list":{"0":"post-718842","1":"product","2":"type-product","3":"status-publish","5":"product_cat-arastirma-inceleme-politika-siyaset","6":"product_cat-politika-siyaset","7":"pa_cilt-ciltsiz","8":"pa_tur-kitap","9":"pa_yayinevi-yordam-kitap","10":"pa_yazar-taline-ter-minassian","12":"first","13":"instock","14":"sale","15":"shipping-taxable","16":"purchasable","17":"product-type-simple"},"_links":{"self":[{"href":"https:\/\/roveyayinevi.com.tr\/index.php\/wp-json\/wp\/v2\/product\/718842","targetHints":{"allow":["GET"]}}],"collection":[{"href":"https:\/\/roveyayinevi.com.tr\/index.php\/wp-json\/wp\/v2\/product"}],"about":[{"href":"https:\/\/roveyayinevi.com.tr\/index.php\/wp-json\/wp\/v2\/types\/product"}],"wp:attachment":[{"href":"https:\/\/roveyayinevi.com.tr\/index.php\/wp-json\/wp\/v2\/media?parent=718842"}],"wp:term":[{"taxonomy":"product_brand","embeddable":true,"href":"https:\/\/roveyayinevi.com.tr\/index.php\/wp-json\/wp\/v2\/product_brand?post=718842"},{"taxonomy":"product_cat","embeddable":true,"href":"https:\/\/roveyayinevi.com.tr\/index.php\/wp-json\/wp\/v2\/product_cat?post=718842"},{"taxonomy":"product_tag","embeddable":true,"href":"https:\/\/roveyayinevi.com.tr\/index.php\/wp-json\/wp\/v2\/product_tag?post=718842"}],"curies":[{"name":"wp","href":"https:\/\/api.w.org\/{rel}","templated":true}]}}