{"id":718841,"date":"2025-08-27T18:14:26","date_gmt":"2025-08-27T15:14:26","guid":{"rendered":"https:\/\/roveyayinevi.com.tr\/index.php\/urun\/cagdas-marksizm-seckisi\/"},"modified":"2026-04-16T02:26:51","modified_gmt":"2026-04-15T23:26:51","slug":"cagdas-marksizm-seckisi","status":"publish","type":"product","link":"https:\/\/roveyayinevi.com.tr\/index.php\/urun\/cagdas-marksizm-seckisi\/","title":{"rendered":"\u00c7a\u011fda\u015f Marksizm Se\u00e7kisi"},"content":{"rendered":"<p>\u00c7a\u011fda\u015f Marksist d\u00fc\u015f\u00fcncenin \u00f6nde gelen iki ismi Bertell Ollman ve Kevin B. Anderson, sekiz temel ba\u015fl\u0131k alt\u0131nda, Marksizm cephesinde yirminci y\u00fczy\u0131l boyunca kaleme al\u0131nm\u0131\u015f en \u00e7arp\u0131c\u0131 metinleri bir araya getiriyor. Ba\u015fl\u0131klar da hayli kapsaml\u0131: Kuram ve Y\u00f6ntem; Ekonomi Politik; Devlet ve Siyaset; Birey ve Toplum; K\u00fclt\u00fcr ve Din; Tarih; S\u00f6m\u00fcrgecilik, Irk ve Cinsiyet; \u00c7evrebilim. Elbette, t\u00fcm bu ba\u015fl\u0131klar alt\u0131nda de\u011ferlendirilebilecek, yirminci y\u00fczy\u0131l boyunca kaleme al\u0131nm\u0131\u015f onlarca de\u011ferli kitap, y\u00fczlerce \u00f6nemli makale var. Ancak Ollman ve Anderson \u00f6yle bir se\u00e7ki sunuyorlar ki, her bir ba\u015fl\u0131k alt\u0131nda, kritik d\u00f6neme\u00e7lerde yeni yollar a\u00e7m\u0131\u015f, \u201c\u00e7\u0131\u011f\u0131r ve zihin a\u00e7\u0131c\u0131\u201d ya da \u201cba\u015flat\u0131c\u0131\u201d diyebilece\u011fimiz yaz\u0131lar bir araya geliyor. B\u00f6ylece \u201cKuram ve Y\u00f6ntem\u201d ba\u015fl\u0131\u011f\u0131nda Georg Luk\u00e1cs ve Raya Dunayevskaya\u2019ya, \u201cEkonomi Politik\u201d ba\u015fl\u0131\u011f\u0131nda David Harvey ve Immanuel Wallerstein\u2019a, \u201cDevlet ve Siyaset\u201d ba\u015fl\u0131\u011f\u0131nda Ernest Mandel\u2019e ve Nicos Poulantzas ile Ralph Miliband\u2019\u0131n \u00fcnl\u00fc tart\u0131\u015fmas\u0131na, \u201cBirey ve Toplum\u201d ba\u015fl\u0131\u011f\u0131nda Ellen Meiksins Wood ve Michael D. Yates\u2019e, \u201cK\u00fclt\u00fcr ve Din\u201d ba\u015fl\u0131\u011f\u0131nda Fredric Jameson ve Ishay Landa\u2019ya, \u201cTarih\u201d ba\u015fl\u0131\u011f\u0131nda E.P. Thompson ve Perry Anderson\u2019a, \u201cS\u00f6m\u00fcrgecilik, Irk ve Cinsiyet\u201d ba\u015fl\u0131\u011f\u0131nda C.L.R. James ve Nancy Hartsock\u2019a, \u201c\u00c7evrebilim\u201d ba\u015fl\u0131\u011f\u0131nda John Bellamy Foster ve Paul Burkett\u2019e ve toplamda otuz bir yazara misafir oluyoruz. Sonu\u00e7ta kar\u015f\u0131m\u0131za, ya\u015fad\u0131\u011f\u0131m\u0131z \u00e7a\u011f\u0131 \u00e7ok boyutlu ve kapsaml\u0131 bir Marksist yakla\u015f\u0131mla kavray\u0131p anlamak i\u00e7in vazge\u00e7ilmez bir kaynak kitap \u00e7\u0131k\u0131yor. Bertell Ollman ve Kevin B. Anderson\u2019\u0131n haz\u0131rlad\u0131\u011f\u0131 bu e\u015fsiz \u00e7a\u011fda\u015f Marksizm se\u00e7kisini, \u00f6zenli bir \u00e7eviriyle sunuyoruz. <\/p>\n","protected":false},"excerpt":{"rendered":"<p>\u00c7a\u011fda\u015f Marksist d\u00fc\u015f\u00fcncenin \u00f6nde gelen iki ismi Bertell Ollman ve Kevin B. Anderson, sekiz temel ba\u015fl\u0131k alt\u0131nda, Marksizm cephesinde yirminci y\u00fczy\u0131l boyunca kaleme al\u0131nm\u0131\u015f en \u00e7arp\u0131c\u0131<span class=\"excerpt-hellip\"> [\u2026]<\/span><\/p>\n","protected":false},"featured_media":0,"template":"","meta":{"_monsterinsights_skip_tracking":false,"_monsterinsights_sitenote_active":false,"_monsterinsights_sitenote_note":"","_monsterinsights_sitenote_category":0},"product_brand":[],"product_cat":[12388,15536],"product_tag":[],"class_list":{"0":"post-718841","1":"product","2":"type-product","3":"status-publish","5":"product_cat-felsefe","6":"product_cat-siyaset-felsefesi","7":"pa_cilt-ciltsiz","8":"pa_tur-kitap","9":"pa_yayinevi-yordam-kitap","10":"pa_yazar-bertell-ollman-kevin-b-anderson","12":"first","13":"instock","14":"sale","15":"shipping-taxable","16":"purchasable","17":"product-type-simple"},"_links":{"self":[{"href":"https:\/\/roveyayinevi.com.tr\/index.php\/wp-json\/wp\/v2\/product\/718841","targetHints":{"allow":["GET"]}}],"collection":[{"href":"https:\/\/roveyayinevi.com.tr\/index.php\/wp-json\/wp\/v2\/product"}],"about":[{"href":"https:\/\/roveyayinevi.com.tr\/index.php\/wp-json\/wp\/v2\/types\/product"}],"wp:attachment":[{"href":"https:\/\/roveyayinevi.com.tr\/index.php\/wp-json\/wp\/v2\/media?parent=718841"}],"wp:term":[{"taxonomy":"product_brand","embeddable":true,"href":"https:\/\/roveyayinevi.com.tr\/index.php\/wp-json\/wp\/v2\/product_brand?post=718841"},{"taxonomy":"product_cat","embeddable":true,"href":"https:\/\/roveyayinevi.com.tr\/index.php\/wp-json\/wp\/v2\/product_cat?post=718841"},{"taxonomy":"product_tag","embeddable":true,"href":"https:\/\/roveyayinevi.com.tr\/index.php\/wp-json\/wp\/v2\/product_tag?post=718841"}],"curies":[{"name":"wp","href":"https:\/\/api.w.org\/{rel}","templated":true}]}}