{"id":718839,"date":"2025-08-27T18:14:25","date_gmt":"2025-08-27T15:14:25","guid":{"rendered":"https:\/\/roveyayinevi.com.tr\/index.php\/urun\/mukemmel-silah\/"},"modified":"2026-04-16T02:26:51","modified_gmt":"2026-04-15T23:26:51","slug":"mukemmel-silah","status":"publish","type":"product","link":"https:\/\/roveyayinevi.com.tr\/index.php\/urun\/mukemmel-silah\/","title":{"rendered":"M\u00fckemmel Silah"},"content":{"rendered":"<p>2015\u2019te Rus hackerlar Demokratik Ulusal Komite\u2019nin bilgisayar sistemlerinin en derin k\u00f6\u015felerine kadar s\u0131zd\u0131 ve oradan \u00e7ald\u0131klar\u0131 e-postalarda yazan bilgilerin if\u015fas\u0131yla Amerikan demokrasisinin gidi\u015fat\u0131 y\u00f6n de\u011fi\u015ftirdi. Ama bu i\u015fi sadece Trump d\u00f6nemi ile alakal\u0131 zannetmek, b\u00fcy\u00fck resmi bizlere g\u00f6stermekte aciz kal\u0131r; nitekim yine ayn\u0131 y\u0131l Ruslar sadece Beyaz Saray\u2019\u0131n, ABD D\u0131\u015fi\u015fleri Bakanl\u0131\u011f\u0131\u2019n\u0131n ve ABD Kuvvet Komutanl\u0131\u011f\u0131\u2019n\u0131n siber a\u011flar\u0131na girmekle kalmay\u0131p bir de Amerikan n\u00fckleer santrallerinin de i\u00e7ine implantlar yerle\u015ftirerek ABD\u2019nin t\u00fcm elektrik \u015febekesini diledikleri zaman a\u00e7\u0131p kapatma g\u00fcc\u00fcne eri\u015ftiler. Bu d\u00f6nem, d\u00fcnyan\u0131n s\u00fcper g\u00fc\u00e7l\u00fc devletleri aras\u0131nda on y\u0131ld\u0131r s\u00fcregelen bir dijital sabotaj s\u00fcrecinin zirvesiydi ve ABD, hi\u00e7bir \u015fey yapmasa bile \u00c7in, \u0130ran, Kuzey Kore ve Rusya\u2019n\u0131n birbirleriyle siber uzaydaki amans\u0131z, hatta sava\u015fa sebep olabilecek kadar \u00e7etin \u00e7at\u0131\u015fmalar\u0131n\u0131n aras\u0131nda kal\u0131p yine de dolayl\u0131 yoldan hasar g\u00f6rm\u00fc\u015ft\u00fc. Siber teknolojinin \u00f6nc\u00fcs\u00fc ve lideri olmakla b\u00f6b\u00fcrlenen Amerikal\u0131lar, ba\u015fkalar\u0131n\u0131n da ayn\u0131 oyuncaklara sahip olup \u00fcst\u00fcnl\u00fck sa\u011flayabilece\u011fini \u00f6ng\u00f6rememi\u015flerdi  konu dijital yoldan sald\u0131rmak olunca ABD\u2019nin eli kuvvetliydi, ama bir g\u00fcn ayn\u0131 kudrette savunma yapmalar\u0131 gerekece\u011fini hi\u00e7 d\u00fc\u015f\u00fcnmemi\u015f ve rakiplerini hafife alman\u0131n bedelini bu sald\u0131r\u0131lara, hatta \u2018kom\u015fular\u0131n\u0131n\u2019 kavgalar\u0131ndan s\u0131\u00e7rayabilecek hasarlara kar\u015f\u0131 bile haz\u0131rl\u0131ks\u0131z yakalanarak \u00f6demi\u015flerdi. Peki ya bir g\u00fcn, t\u00fcm siber sald\u0131r\u0131lar\u0131n oklar\u0131 onlara \u00e7evrilirse ne yapacaklard\u0131? M\u00fckemmel Silah, atom bombas\u0131n\u0131n icad\u0131ndan bu yana jeopolitik dengeleri en a\u011f\u0131r \u015fekilde sarsan g\u00fcc\u00fcn, yani siber silahlar\u0131n y\u00fckseli\u015f hik\u00e2yesini, ba\u015fka hi\u00e7bir yerde bulamayaca\u011f\u0131n\u0131z detaylarla anlat\u0131yor. Elde etmesi \u00e7ok ucuz, reddetmesi ve kabullenmemesi \u00e7ok kolay olan bu cephanelerin \u015feytani ama\u00e7lar i\u00e7in kullan\u0131lmas\u0131 halinde nas\u0131l geri d\u00f6n\u00fc\u015f\u00fc imk\u00e2ns\u0131z nifak tohumlar\u0131n\u0131n at\u0131labilece\u011fini, kudretli ve b\u00fcy\u00fck ge\u00e7inen \u00fclkelerin bu silahlara kar\u015f\u0131 ne kadar aciz kalaca\u011f\u0131n\u0131 en \u00e7\u0131plak haliyle okuyucusuna g\u00f6steriyor. New York Times\u2019\u0131n ulusal g\u00fcvenlik muhabiri ve siber sava\u015f uzman\u0131 David E. Sanger\u2019\u0131n kaleminden \u00e7\u0131kan bu eser, Silikon Vadisi\u2019nden \u00c7in\u2019deki en derin yeralt\u0131 \u015febekesi dehlizlerine dek savrulan bir macerada herkesi kal\u0131c\u0131 bir sabotaj, casusluk, bilgi kirlili\u011fi ve korku \u00e7a\u011f\u0131n\u0131n ba\u015flang\u0131c\u0131na haz\u0131rlanmaya davet ediyor. Siber, demokratik olsun olmas\u0131n, t\u00fcm \u00fclkelerin ve ter\u00f6rist olu\u015fumlar\u0131n yeni g\u00f6zde silah\u0131. Art\u0131k herkes birilerinin hedefinde, ve hi\u00e7 kimse g\u00fcvende de\u011fil\u2026 <\/p>\n","protected":false},"excerpt":{"rendered":"<p>2015\u2019te Rus hackerlar Demokratik Ulusal Komite\u2019nin bilgisayar sistemlerinin en derin k\u00f6\u015felerine kadar s\u0131zd\u0131 ve oradan \u00e7ald\u0131klar\u0131 e-postalarda yazan bilgilerin if\u015fas\u0131yla Amerikan demokrasisinin gidi\u015fat\u0131 y\u00f6n de\u011fi\u015ftirdi. Ama<span class=\"excerpt-hellip\"> [\u2026]<\/span><\/p>\n","protected":false},"featured_media":0,"template":"","meta":{"_monsterinsights_skip_tracking":false,"_monsterinsights_sitenote_active":false,"_monsterinsights_sitenote_note":"","_monsterinsights_sitenote_category":0},"product_brand":[],"product_cat":[13590,12337],"product_tag":[],"class_list":{"0":"post-718839","1":"product","2":"type-product","3":"status-publish","5":"product_cat-arastirma-inceleme-politika-siyaset","6":"product_cat-politika-siyaset","7":"pa_cilt-ciltsiz","8":"pa_tur-kitap","9":"pa_yayinevi-profil-kitap","10":"pa_yazar-david-e-sanger","12":"first","13":"instock","14":"sale","15":"shipping-taxable","16":"purchasable","17":"product-type-simple"},"_links":{"self":[{"href":"https:\/\/roveyayinevi.com.tr\/index.php\/wp-json\/wp\/v2\/product\/718839","targetHints":{"allow":["GET"]}}],"collection":[{"href":"https:\/\/roveyayinevi.com.tr\/index.php\/wp-json\/wp\/v2\/product"}],"about":[{"href":"https:\/\/roveyayinevi.com.tr\/index.php\/wp-json\/wp\/v2\/types\/product"}],"wp:attachment":[{"href":"https:\/\/roveyayinevi.com.tr\/index.php\/wp-json\/wp\/v2\/media?parent=718839"}],"wp:term":[{"taxonomy":"product_brand","embeddable":true,"href":"https:\/\/roveyayinevi.com.tr\/index.php\/wp-json\/wp\/v2\/product_brand?post=718839"},{"taxonomy":"product_cat","embeddable":true,"href":"https:\/\/roveyayinevi.com.tr\/index.php\/wp-json\/wp\/v2\/product_cat?post=718839"},{"taxonomy":"product_tag","embeddable":true,"href":"https:\/\/roveyayinevi.com.tr\/index.php\/wp-json\/wp\/v2\/product_tag?post=718839"}],"curies":[{"name":"wp","href":"https:\/\/api.w.org\/{rel}","templated":true}]}}