{"id":718838,"date":"2025-08-27T18:14:25","date_gmt":"2025-08-27T15:14:25","guid":{"rendered":"https:\/\/roveyayinevi.com.tr\/index.php\/urun\/habercinin-degisen-habitusu\/"},"modified":"2026-01-29T02:49:00","modified_gmt":"2026-01-28T23:49:00","slug":"habercinin-degisen-habitusu","status":"publish","type":"product","link":"https:\/\/roveyayinevi.com.tr\/index.php\/urun\/habercinin-degisen-habitusu\/","title":{"rendered":"Habercinin De\u011fi\u015fen Habitusu"},"content":{"rendered":"<p>G\u00fcn\u00fcm\u00fczde kitle ileti\u015fim ara\u00e7lar\u0131n\u0131n geli\u015fimi ba\u015f d\u00f6nd\u00fcr\u00fcc\u00fc bir h\u0131zla ger\u00e7ekle\u015fmektedir. Bu geli\u015fmeler \u00f6zellikle haberi ve haberciyi etkilemektedir. Haber medyas\u0131 b\u00fct\u00fcn kitle ileti\u015fim ara\u00e7lar\u0131ndan an\u0131nda ula\u015f\u0131labilen, zamans\u0131z ve mek\u00e2ns\u0131z bir yap\u0131 haline gelmi\u015ftir. Hem haberin h\u0131z\u0131 artm\u0131\u015ft\u0131r hem de haberin \u00fcretildi\u011fi kanal say\u0131s\u0131 \u00e7e\u015fitlenmi\u015ftir. Bu durum haberin izleyiciler\/seyirciler taraf\u0131ndan sorgulanmas\u0131na ve alternatif kaynaklardan haberin do\u011frulanmas\u0131na olanak vermekle kalmam\u0131\u015f, bireylerin ak\u0131ll\u0131 telefonlar\u0131yla kendi haberlerini \u00fcretmelerini de sa\u011flam\u0131\u015ft\u0131r. Dolay\u0131s\u0131yla habercinin itibar\u0131 ve kamuya kar\u015f\u0131 sorumlulu\u011fu her an g\u00f6z \u00f6n\u00fcndedir. Ancak haberci i\u00e7in bu ko\u015fullar buzda\u011f\u0131n\u0131n sadece g\u00f6r\u00fcnen y\u00fcz\u00fcd\u00fcr. Haberci kamuya kar\u015f\u0131 sorumlulu\u011fuyla bask\u0131, sans\u00fcr ve otosans\u00fcr\u00fc i\u00e7selle\u015ftirmek zorunda b\u0131rak\u0131ld\u0131\u011f\u0131 gazetecilik alan\u0131n\u0131n ko\u015fullar\u0131 ve sorunlar\u0131 aras\u0131nda s\u0131k\u0131\u015f\u0131p kalmaktad\u0131r. Burada en temel soru, bir fail olarak habercinin gazetecilik alan\u0131yla nas\u0131l m\u00fccadele edebilece\u011fidir. Haberciler, haber \u00fcretim s\u00fcreci i\u00e7inde etkin bi\u00e7imde yer alabilmekte midir? Haberci kamu yarar\u0131na haber yapabilmekte midir? Sans\u00fcr ve otosans\u00fcr giderek haberci taraf\u0131ndan i\u00e7selle\u015ftirilmekte midir? G\u00fcvencesiz ko\u015fullar alt\u0131nda \u00e7al\u0131\u015fan haberciler bu yap\u0131 i\u00e7inde ne kadar \u201chaberci\u201d olabilmektedir? Habercilerin habitusu son y\u0131llarda nas\u0131l bir de\u011fi\u015fime u\u011fram\u0131\u015ft\u0131r? Bu sorular\u0131n \u0131\u015f\u0131\u011f\u0131nda, bu \u00e7al\u0131\u015fmada haber \u00fcretim s\u00fcrecinin i\u015fleyi\u015findeki sorunlar\u0131n, haberi ve haberciyi nas\u0131l etkiledi\u011fi televizyon habercileriyle yap\u0131lan saha \u00e7al\u0131\u015fmas\u0131 sonucu elde edilen veriler \u00fczerinden de\u011ferlendirilmi\u015ftir. <\/p>\n","protected":false},"excerpt":{"rendered":"<p>G\u00fcn\u00fcm\u00fczde kitle ileti\u015fim ara\u00e7lar\u0131n\u0131n geli\u015fimi ba\u015f d\u00f6nd\u00fcr\u00fcc\u00fc bir h\u0131zla ger\u00e7ekle\u015fmektedir. Bu geli\u015fmeler \u00f6zellikle haberi ve haberciyi etkilemektedir. Haber medyas\u0131 b\u00fct\u00fcn kitle ileti\u015fim ara\u00e7lar\u0131ndan an\u0131nda ula\u015f\u0131labilen, zamans\u0131z<span class=\"excerpt-hellip\"> [\u2026]<\/span><\/p>\n","protected":false},"featured_media":0,"template":"","meta":{"_monsterinsights_skip_tracking":false,"_monsterinsights_sitenote_active":false,"_monsterinsights_sitenote_note":"","_monsterinsights_sitenote_category":0},"product_brand":[],"product_cat":[15983,13488],"product_tag":[],"class_list":{"0":"post-718838","1":"product","2":"type-product","3":"status-publish","5":"product_cat-iletisim-ve-medya","6":"product_cat-toplum-ve-insan","7":"pa_cilt-ciltsiz","8":"pa_tur-kitap","9":"pa_yayinevi-utopya-yayinevi","10":"pa_yazar-cem-koray-olgun","12":"first","13":"instock","14":"sale","15":"shipping-taxable","16":"purchasable","17":"product-type-simple"},"_links":{"self":[{"href":"https:\/\/roveyayinevi.com.tr\/index.php\/wp-json\/wp\/v2\/product\/718838","targetHints":{"allow":["GET"]}}],"collection":[{"href":"https:\/\/roveyayinevi.com.tr\/index.php\/wp-json\/wp\/v2\/product"}],"about":[{"href":"https:\/\/roveyayinevi.com.tr\/index.php\/wp-json\/wp\/v2\/types\/product"}],"wp:attachment":[{"href":"https:\/\/roveyayinevi.com.tr\/index.php\/wp-json\/wp\/v2\/media?parent=718838"}],"wp:term":[{"taxonomy":"product_brand","embeddable":true,"href":"https:\/\/roveyayinevi.com.tr\/index.php\/wp-json\/wp\/v2\/product_brand?post=718838"},{"taxonomy":"product_cat","embeddable":true,"href":"https:\/\/roveyayinevi.com.tr\/index.php\/wp-json\/wp\/v2\/product_cat?post=718838"},{"taxonomy":"product_tag","embeddable":true,"href":"https:\/\/roveyayinevi.com.tr\/index.php\/wp-json\/wp\/v2\/product_tag?post=718838"}],"curies":[{"name":"wp","href":"https:\/\/api.w.org\/{rel}","templated":true}]}}