{"id":718834,"date":"2025-08-27T18:14:21","date_gmt":"2025-08-27T15:14:21","guid":{"rendered":"https:\/\/roveyayinevi.com.tr\/index.php\/urun\/super-etkinlikler-cizgiler-okul-oncesi-zeka-etkinlikleri\/"},"modified":"2026-04-16T02:26:51","modified_gmt":"2026-04-15T23:26:51","slug":"super-etkinlikler-cizgiler-okul-oncesi-zeka-etkinlikleri","status":"publish","type":"product","link":"https:\/\/roveyayinevi.com.tr\/index.php\/urun\/super-etkinlikler-cizgiler-okul-oncesi-zeka-etkinlikleri\/","title":{"rendered":"S\u00fcper Etkinlikler \u00c7izgiler &#8211; Okul \u00d6ncesi Zeka Etkinlikleri"},"content":{"rendered":"<p>Yeni Okul \u00d6ncesi Program\u0131na uygun haz\u0131rlad\u0131\u011f\u0131m\u0131z \u201cS\u00fcper Etkinlikler\u201d kitaplar\u0131m\u0131z\u0131 0-4 ya\u015f aras\u0131 \u00e7ocuklar\u0131m\u0131z i\u00e7in 4 kitaptan olu\u015fmaktad\u0131r: \u00c7izgiler, Harfler, Nokta Birle\u015ftir, Renkler-\u015eekiller. \u00c7izerek, boyayarak ve e\u011flenceli etkinlikler yaparak \u00e7ocuklar\u0131m\u0131z, hem \u00f6\u011frenip hem de e\u011flenecekler.\u00c7ocuklar\u0131m\u0131z, ilkokul i\u00e7in gereken temel becerilerin en \u00f6nemlisi olan kalem kullanmay\u0131 en do\u011fru \u015fekilde \u00f6\u011frenecekler. Okulda ve evde keyifli vakitler ge\u00e7irecek \u00e7ocuklar, ilkokul i\u00e7in gerekli olan temel becerileri alm\u0131\u015f olacaklar.\u00c7ocuklar\u0131m\u0131z, bulmaca sayfalar\u0131, nokta birle\u015ftirme, say\u0131lar\u0131 tan\u0131ma, harfleri \u00f6\u011frenme, labirent, e\u015fle\u015ftirme, renk-\u015fekil kavramlar\u0131 gibi etkinlikleri keyifle yapacaklar.<\/p>\n","protected":false},"excerpt":{"rendered":"<p>Yeni Okul \u00d6ncesi Program\u0131na uygun haz\u0131rlad\u0131\u011f\u0131m\u0131z \u201cS\u00fcper Etkinlikler\u201d kitaplar\u0131m\u0131z\u0131 0-4 ya\u015f aras\u0131 \u00e7ocuklar\u0131m\u0131z i\u00e7in 4 kitaptan olu\u015fmaktad\u0131r: \u00c7izgiler, Harfler, Nokta Birle\u015ftir, Renkler-\u015eekiller. \u00c7izerek, boyayarak ve e\u011flenceli<span class=\"excerpt-hellip\"> [\u2026]<\/span><\/p>\n","protected":false},"featured_media":0,"template":"","meta":{"_monsterinsights_skip_tracking":false,"_monsterinsights_sitenote_active":false,"_monsterinsights_sitenote_note":"","_monsterinsights_sitenote_category":0},"product_brand":[],"product_cat":[12274,24599],"product_tag":[],"class_list":{"0":"post-718834","1":"product","2":"type-product","3":"status-publish","5":"product_cat-cocuk-ve-genclik-kitaplari","6":"product_cat-zeka-gelisimi","7":"pa_cilt-ciltsiz","8":"pa_tur-kitap","9":"pa_yayinevi-beyaz-balina-yayinlari","10":"pa_yazar-kolektif","12":"first","13":"instock","14":"sale","15":"shipping-taxable","16":"purchasable","17":"product-type-simple"},"_links":{"self":[{"href":"https:\/\/roveyayinevi.com.tr\/index.php\/wp-json\/wp\/v2\/product\/718834","targetHints":{"allow":["GET"]}}],"collection":[{"href":"https:\/\/roveyayinevi.com.tr\/index.php\/wp-json\/wp\/v2\/product"}],"about":[{"href":"https:\/\/roveyayinevi.com.tr\/index.php\/wp-json\/wp\/v2\/types\/product"}],"wp:attachment":[{"href":"https:\/\/roveyayinevi.com.tr\/index.php\/wp-json\/wp\/v2\/media?parent=718834"}],"wp:term":[{"taxonomy":"product_brand","embeddable":true,"href":"https:\/\/roveyayinevi.com.tr\/index.php\/wp-json\/wp\/v2\/product_brand?post=718834"},{"taxonomy":"product_cat","embeddable":true,"href":"https:\/\/roveyayinevi.com.tr\/index.php\/wp-json\/wp\/v2\/product_cat?post=718834"},{"taxonomy":"product_tag","embeddable":true,"href":"https:\/\/roveyayinevi.com.tr\/index.php\/wp-json\/wp\/v2\/product_tag?post=718834"}],"curies":[{"name":"wp","href":"https:\/\/api.w.org\/{rel}","templated":true}]}}